{"id":479032,"date":"2022-06-10T03:02:33","date_gmt":"2022-06-10T01:02:33","guid":{"rendered":"https:\/\/lucacastelli.com\/?post_type=product&#038;p=479032"},"modified":"2026-04-15T00:02:15","modified_gmt":"2026-04-14T22:02:15","slug":"crazy-pull-ionic-femme","status":"publish","type":"product","link":"https:\/\/lucacastelli.com\/fr\/produit\/crazy-pull-ionic-femme\/","title":{"rendered":"CRAZY PULL IONIC FEMME"},"content":{"rendered":"<p>Le pull \u00e0 capuche Ionic est le symbole et le best-seller de la collection. Mod\u00e8le tr\u00e8s polyvalent, il peut \u00eatre utilis\u00e9 comme couche interm\u00e9diaire lors des journ\u00e9es particuli\u00e8rement froides, ou comme couche d\u2019ext\u00e9rieur \u00e0 la mi-saison. Le grand succ\u00e8s est certainement d\u00fb au look, frais, jeune et captivant. Il est enti\u00e8rement fabriqu\u00e9 dans la polaire 3D haute performance \u00e9prouv\u00e9e avec des cellules en nid d\u2019abeille, qui garantissent une grande respirabilit\u00e9. La coupe athl\u00e9tique, la capuche avec bord \u00e9lastique, l\u2019ouverture zipp\u00e9e sur le devant, les poignets et les poches \u00e9lastiques, soulignent son caract\u00e8re dynamique.    <\/p>\n<p>Sweat-shirt \u00e0 capuche avec bord \u00e9lastique<br \/>\nFermeture \u00e9clair frontale enti\u00e8rement divisible<br \/>\nPoches pour les mains avec passepoil \u00e9lastique<\/p>\n","protected":false},"excerpt":{"rendered":"<p>Le pull \u00e0 capuche Ionic est le symbole et le best-seller de la collection. Mod\u00e8le tr\u00e8s polyvalent, il peut \u00eatre<\/p>\n","protected":false},"featured_media":63461,"template":"","meta":{"_seopress_robots_primary_cat":"","_seopress_titles_title":"","_seopress_titles_desc":"","_seopress_robots_index":""},"product_brand":[3616],"product_cat":[81,981,1387],"product_tag":[],"class_list":{"0":"post-479032","1":"product","2":"type-product","3":"status-publish","4":"has-post-thumbnail","6":"product_brand-crazy-fr","7":"product_cat-vetements","8":"product_cat-vetements-de-loisirs","9":"product_cat-vetements-pour-femmes","10":"sws-gruppo-abb-libero","11":"sws-conto-ricavi-merci-rivendita-abbigliamento","12":"sws-gruppo-iva-iva81","14":"first","15":"instock","16":"sale","17":"shipping-taxable","18":"purchasable","19":"product-type-variable"},"_links":{"self":[{"href":"https:\/\/lucacastelli.com\/fr\/wp-json\/wp\/v2\/product\/479032","targetHints":{"allow":["GET"]}}],"collection":[{"href":"https:\/\/lucacastelli.com\/fr\/wp-json\/wp\/v2\/product"}],"about":[{"href":"https:\/\/lucacastelli.com\/fr\/wp-json\/wp\/v2\/types\/product"}],"wp:featuredmedia":[{"embeddable":true,"href":"https:\/\/lucacastelli.com\/fr\/wp-json\/wp\/v2\/media\/63461"}],"wp:attachment":[{"href":"https:\/\/lucacastelli.com\/fr\/wp-json\/wp\/v2\/media?parent=479032"}],"wp:term":[{"taxonomy":"product_brand","embeddable":true,"href":"https:\/\/lucacastelli.com\/fr\/wp-json\/wp\/v2\/product_brand?post=479032"},{"taxonomy":"product_cat","embeddable":true,"href":"https:\/\/lucacastelli.com\/fr\/wp-json\/wp\/v2\/product_cat?post=479032"},{"taxonomy":"product_tag","embeddable":true,"href":"https:\/\/lucacastelli.com\/fr\/wp-json\/wp\/v2\/product_tag?post=479032"}],"curies":[{"name":"wp","href":"https:\/\/api.w.org\/{rel}","templated":true}]}}