{"id":479027,"date":"2022-06-10T02:16:58","date_gmt":"2022-06-10T00:16:58","guid":{"rendered":"https:\/\/lucacastelli.com\/?post_type=product&#038;p=479027"},"modified":"2026-04-18T01:26:46","modified_gmt":"2026-04-17T23:26:46","slug":"crazy-short-alpinstar","status":"publish","type":"product","link":"https:\/\/lucacastelli.com\/fr\/produit\/crazy-short-alpinstar\/","title":{"rendered":"CRAZY SHORT ALPINSTAR"},"content":{"rendered":"<p>Short de trekking, le d\u00e9tail de l\u2019\u00e9lastique haut \u00e0 l\u2019arri\u00e8re et la taille ouverte garantissent une coupe et un confort incroyables. La connaissance et l\u2019\u00e9tude des besoins des femmes, garanties par notre d\u00e9partement produit enti\u00e8rement f\u00e9minin, sont fondamentales pour proposer des v\u00eatements \u00e9tudi\u00e9s dans les moindres d\u00e9tails pour nos fid\u00e8les \u00ab fan \u00bb. Fabriqu\u00e9 en tissu Endurance light, frais, r\u00e9sistant et bi-extensible. Bande \u00e9lastique \u00e0 l\u2019arri\u00e8re, ouverture frontale avec zip. Poches repose-mains avec fermeture \u00e9clair, petite poche ouverte sur la jambe droite.    <\/p>\n<p>2 poches lat\u00e9rales avec zip<br \/>\n1 poche ouverte sur la jambe droite<br \/>\nTaille ouverte avec bande \u00e9lastique<\/p>\n","protected":false},"excerpt":{"rendered":"<p>Short de trekking, le d\u00e9tail de l\u2019\u00e9lastique haut \u00e0 l\u2019arri\u00e8re et la taille ouverte garantissent une coupe et un confort<\/p>\n","protected":false},"featured_media":63386,"template":"","meta":{"_seopress_robots_primary_cat":"","_seopress_titles_title":"","_seopress_titles_desc":"","_seopress_robots_index":""},"product_brand":[3616],"product_cat":[81,981,1387],"product_tag":[],"class_list":{"0":"post-479027","1":"product","2":"type-product","3":"status-publish","4":"has-post-thumbnail","6":"product_brand-crazy-fr","7":"product_cat-vetements","8":"product_cat-vetements-de-loisirs","9":"product_cat-vetements-pour-femmes","10":"sws-gruppo-abb-libero-fr","11":"sws-conto-ricavi-merci-rivendita-abbigliamento-fr","12":"sws-gruppo-iva-iva81-fr","14":"first","15":"instock","16":"sale","17":"shipping-taxable","18":"product-type-variable"},"_links":{"self":[{"href":"https:\/\/lucacastelli.com\/fr\/wp-json\/wp\/v2\/product\/479027","targetHints":{"allow":["GET"]}}],"collection":[{"href":"https:\/\/lucacastelli.com\/fr\/wp-json\/wp\/v2\/product"}],"about":[{"href":"https:\/\/lucacastelli.com\/fr\/wp-json\/wp\/v2\/types\/product"}],"wp:featuredmedia":[{"embeddable":true,"href":"https:\/\/lucacastelli.com\/fr\/wp-json\/wp\/v2\/media\/63386"}],"wp:attachment":[{"href":"https:\/\/lucacastelli.com\/fr\/wp-json\/wp\/v2\/media?parent=479027"}],"wp:term":[{"taxonomy":"product_brand","embeddable":true,"href":"https:\/\/lucacastelli.com\/fr\/wp-json\/wp\/v2\/product_brand?post=479027"},{"taxonomy":"product_cat","embeddable":true,"href":"https:\/\/lucacastelli.com\/fr\/wp-json\/wp\/v2\/product_cat?post=479027"},{"taxonomy":"product_tag","embeddable":true,"href":"https:\/\/lucacastelli.com\/fr\/wp-json\/wp\/v2\/product_tag?post=479027"}],"curies":[{"name":"wp","href":"https:\/\/api.w.org\/{rel}","templated":true}]}}