{"id":479016,"date":"2022-06-10T02:39:31","date_gmt":"2022-06-10T00:39:31","guid":{"rendered":"https:\/\/lucacastelli.com\/?post_type=product&#038;p=479016"},"modified":"2026-03-01T00:26:32","modified_gmt":"2026-02-28T23:26:32","slug":"crazy-pull-femme-aria","status":"publish","type":"product","link":"https:\/\/lucacastelli.com\/fr\/produit\/crazy-pull-femme-aria\/","title":{"rendered":"CRAZY PULL FEMME ARIA"},"content":{"rendered":"<p>Sweat-shirt long qui combine le style de vie de Crazy avec les tissus \u00e9galement utilis\u00e9s pour les v\u00eatements high-tech. L\u2019utilisation de tissus techniques pour les produits de la collection life style est un choix qui nous d\u00e9tache de toutes les autres marques, pour suivre le confort sans compromis, toujours ! Produit en tissu technique et transplant\u00e9 haute performance, \u00e9galement utilis\u00e9 pour la collection montagne. Grande capuche, fermeture \u00e9clair frontale divisible, bande \u00e9lastique sur le bas et boucle pour le pouce, sont des accessoires confortables qui n\u2019ont pas seulement une fonction esth\u00e9tique.   <\/p>\n<p>Capuche confortable avec bord en microfibre \u00e9lastique<br \/>\nFermeture \u00e9clair frontale enti\u00e8rement ouvrable<br \/>\nBas des manches avec passants pour les pouces<\/p>\n","protected":false},"excerpt":{"rendered":"<p>Sweat-shirt long qui combine le style de vie de Crazy avec les tissus \u00e9galement utilis\u00e9s pour les v\u00eatements high-tech. L\u2019utilisation<\/p>\n","protected":false},"featured_media":63408,"template":"","meta":{"_seopress_robots_primary_cat":"","_seopress_titles_title":"","_seopress_titles_desc":"","_seopress_robots_index":""},"product_brand":[3616],"product_cat":[81,981,1387],"product_tag":[],"class_list":{"0":"post-479016","1":"product","2":"type-product","3":"status-publish","4":"has-post-thumbnail","6":"product_brand-crazy-fr","7":"product_cat-vetements","8":"product_cat-vetements-de-loisirs","9":"product_cat-vetements-pour-femmes","10":"sws-gruppo-abb-libero","11":"sws-conto-ricavi-merci-rivendita-abbigliamento","12":"sws-gruppo-iva-iva81","14":"first","15":"instock","16":"sale","17":"shipping-taxable","18":"product-type-variable"},"_links":{"self":[{"href":"https:\/\/lucacastelli.com\/fr\/wp-json\/wp\/v2\/product\/479016","targetHints":{"allow":["GET"]}}],"collection":[{"href":"https:\/\/lucacastelli.com\/fr\/wp-json\/wp\/v2\/product"}],"about":[{"href":"https:\/\/lucacastelli.com\/fr\/wp-json\/wp\/v2\/types\/product"}],"wp:featuredmedia":[{"embeddable":true,"href":"https:\/\/lucacastelli.com\/fr\/wp-json\/wp\/v2\/media\/63408"}],"wp:attachment":[{"href":"https:\/\/lucacastelli.com\/fr\/wp-json\/wp\/v2\/media?parent=479016"}],"wp:term":[{"taxonomy":"product_brand","embeddable":true,"href":"https:\/\/lucacastelli.com\/fr\/wp-json\/wp\/v2\/product_brand?post=479016"},{"taxonomy":"product_cat","embeddable":true,"href":"https:\/\/lucacastelli.com\/fr\/wp-json\/wp\/v2\/product_cat?post=479016"},{"taxonomy":"product_tag","embeddable":true,"href":"https:\/\/lucacastelli.com\/fr\/wp-json\/wp\/v2\/product_tag?post=479016"}],"curies":[{"name":"wp","href":"https:\/\/api.w.org\/{rel}","templated":true}]}}