{"id":479009,"date":"2025-04-07T16:53:00","date_gmt":"2025-04-07T14:53:00","guid":{"rendered":"https:\/\/lucacastelli.com\/prodotto\/crazy-logo-de-la-chemise\/"},"modified":"2026-04-15T00:01:37","modified_gmt":"2026-04-14T22:01:37","slug":"crazy-logo-de-la-chemise","status":"publish","type":"product","link":"https:\/\/lucacastelli.com\/fr\/produit\/crazy-logo-de-la-chemise\/","title":{"rendered":"CRAZY LOGO DE LA CHEMISE"},"content":{"rendered":"<p>Voici le nouveau T-shirt de notre collection d\u2019hiver, confectionn\u00e9 dans un tissu qui allie des performances exceptionnelles \u00e0 une douceur et un confort de peau incroyables : un m\u00e9lange unique de cachemire et de Tencel.<br \/>\nGr\u00e2ce \u00e0 ce tissu, la chaleur in\u00e9gal\u00e9e et le toucher luxueux du cachemire rencontrent les avantages techniques du Tencel, offrant respirabilit\u00e9, r\u00e9sistance aux odeurs et propri\u00e9t\u00e9s de s\u00e9chage rapide.<br \/>\nCe t-shirt \u00e0 logo est parfait pour \u00eatre port\u00e9 au quotidien comme t-shirt chaud et confortable, ou comme couche technique de base \u00e0 manches courtes pendant l\u2019activit\u00e9 physique.<br \/>\nUn produit \u00e9l\u00e9gant et tr\u00e8s polyvalent !<\/p>\n<p>\u2022 Tissu doux et agr\u00e9able, m\u00e9lange de cachemire et de Tencel<br \/>\n\u2022 S\u00e9rigraphies<\/p>\n<p>POIDS&nbsp;: 110 gr<\/p>\n","protected":false},"excerpt":{"rendered":"<p>Voici le nouveau T-shirt de notre collection d\u2019hiver, confectionn\u00e9 dans un tissu qui allie des performances exceptionnelles \u00e0 une douceur<\/p>\n","protected":false},"featured_media":404224,"template":"","meta":{"_seopress_robots_primary_cat":"","_seopress_titles_title":"","_seopress_titles_desc":"","_seopress_robots_index":""},"product_brand":[3616],"product_cat":[81,981,982],"product_tag":[],"class_list":{"0":"post-479009","1":"product","2":"type-product","3":"status-publish","4":"has-post-thumbnail","6":"product_brand-crazy-fr","7":"product_cat-vetements","8":"product_cat-vetements-de-loisirs","9":"product_cat-vetements-pour-hommes","10":"sws-gruppo-abb-libero-fr","11":"sws-conto-ricavi-merci-rivendita-abbigliamento-fr","12":"sws-gruppo-iva-iva81-fr","14":"first","15":"instock","16":"sale","17":"shipping-taxable","18":"purchasable","19":"product-type-variable"},"_links":{"self":[{"href":"https:\/\/lucacastelli.com\/fr\/wp-json\/wp\/v2\/product\/479009","targetHints":{"allow":["GET"]}}],"collection":[{"href":"https:\/\/lucacastelli.com\/fr\/wp-json\/wp\/v2\/product"}],"about":[{"href":"https:\/\/lucacastelli.com\/fr\/wp-json\/wp\/v2\/types\/product"}],"wp:featuredmedia":[{"embeddable":true,"href":"https:\/\/lucacastelli.com\/fr\/wp-json\/wp\/v2\/media\/404224"}],"wp:attachment":[{"href":"https:\/\/lucacastelli.com\/fr\/wp-json\/wp\/v2\/media?parent=479009"}],"wp:term":[{"taxonomy":"product_brand","embeddable":true,"href":"https:\/\/lucacastelli.com\/fr\/wp-json\/wp\/v2\/product_brand?post=479009"},{"taxonomy":"product_cat","embeddable":true,"href":"https:\/\/lucacastelli.com\/fr\/wp-json\/wp\/v2\/product_cat?post=479009"},{"taxonomy":"product_tag","embeddable":true,"href":"https:\/\/lucacastelli.com\/fr\/wp-json\/wp\/v2\/product_tag?post=479009"}],"curies":[{"name":"wp","href":"https:\/\/api.w.org\/{rel}","templated":true}]}}