{"id":478993,"date":"2022-06-09T17:31:08","date_gmt":"2022-06-09T15:31:08","guid":{"rendered":"https:\/\/lucacastelli.com\/?post_type=product&#038;p=478993"},"modified":"2026-04-18T01:26:27","modified_gmt":"2026-04-17T23:26:27","slug":"crazy-visiere-pacman","status":"publish","type":"product","link":"https:\/\/lucacastelli.com\/fr\/produit\/crazy-visiere-pacman\/","title":{"rendered":"CRAZY PACMAN VISOR"},"content":{"rendered":"<p>Visi\u00e8re l\u00e9g\u00e8re en filet respirant, con\u00e7ue pour la course, enti\u00e8rement \u00e9lastique. Visi\u00e8re avec micro-perforations hautement compressible. Logos et inserts r\u00e9fl\u00e9chissants et s\u00e9chage rapide.  <\/p>\n<p>Tissu en filet respirant<br \/>\nVisi\u00e8re semi-rigide avec micro-perforations compressible<br \/>\nS\u00e9chage rapide<br \/>\nLogos et inserts r\u00e9fl\u00e9chissants<\/p>\n","protected":false},"excerpt":{"rendered":"<p>Visi\u00e8re l\u00e9g\u00e8re en filet respirant, con\u00e7ue pour la course, enti\u00e8rement \u00e9lastique. Visi\u00e8re avec micro-perforations hautement compressible. Logos et inserts r\u00e9fl\u00e9chissants<\/p>\n","protected":false},"featured_media":63200,"template":"","meta":{"_seopress_robots_primary_cat":"","_seopress_titles_title":"","_seopress_titles_desc":"","_seopress_robots_index":""},"product_brand":[3616],"product_cat":[1390,81],"product_tag":[],"class_list":{"0":"post-478993","1":"product","2":"type-product","3":"status-publish","4":"has-post-thumbnail","6":"product_brand-crazy-fr","7":"product_cat-accessoires-dhabillement","8":"product_cat-vetements","9":"sws-gruppo-abb-libero-fr","10":"sws-conto-ricavi-merci-rivendita-abbigliamento-fr","11":"sws-gruppo-iva-iva81-fr","13":"first","14":"instock","15":"sale","16":"shipping-taxable","17":"product-type-variable"},"_links":{"self":[{"href":"https:\/\/lucacastelli.com\/fr\/wp-json\/wp\/v2\/product\/478993","targetHints":{"allow":["GET"]}}],"collection":[{"href":"https:\/\/lucacastelli.com\/fr\/wp-json\/wp\/v2\/product"}],"about":[{"href":"https:\/\/lucacastelli.com\/fr\/wp-json\/wp\/v2\/types\/product"}],"wp:featuredmedia":[{"embeddable":true,"href":"https:\/\/lucacastelli.com\/fr\/wp-json\/wp\/v2\/media\/63200"}],"wp:attachment":[{"href":"https:\/\/lucacastelli.com\/fr\/wp-json\/wp\/v2\/media?parent=478993"}],"wp:term":[{"taxonomy":"product_brand","embeddable":true,"href":"https:\/\/lucacastelli.com\/fr\/wp-json\/wp\/v2\/product_brand?post=478993"},{"taxonomy":"product_cat","embeddable":true,"href":"https:\/\/lucacastelli.com\/fr\/wp-json\/wp\/v2\/product_cat?post=478993"},{"taxonomy":"product_tag","embeddable":true,"href":"https:\/\/lucacastelli.com\/fr\/wp-json\/wp\/v2\/product_tag?post=478993"}],"curies":[{"name":"wp","href":"https:\/\/api.w.org\/{rel}","templated":true}]}}