{"id":478990,"date":"2025-04-07T16:53:00","date_gmt":"2025-04-07T16:53:00","guid":{"rendered":"https:\/\/lucacastelli.com\/prodotto\/crazy-pant-fahrenheit\/"},"modified":"2026-04-17T23:14:53","modified_gmt":"2026-04-17T21:14:53","slug":"crazy-pant-fahrenheit","status":"publish","type":"product","link":"https:\/\/lucacastelli.com\/fr\/produit\/crazy-pant-fahrenheit\/","title":{"rendered":"CRAZY PANT FAHRENHEIT"},"content":{"rendered":"<p>Oubliez le froid avec nos tout nouveaux pantalons Fahrenheit, con\u00e7us pour rendre vos sorties hivernales encore plus confortables !<br \/>\nR\u00e9alis\u00e9s dans un tissu compos\u00e9 de deux fibres diff\u00e9rentes : laine et polypropyl\u00e8ne, ils offrent d&#8217;excellentes propri\u00e9t\u00e9s isolantes, l\u00e9g\u00e8ret\u00e9 et r\u00e9sistance aux odeurs. Cela en fait les pantalons parfaits pour les longues journ\u00e9es d&#8217;hiver en plein air !<br \/>\nGr\u00e2ce aux composants du fil, la sensation sur la peau est bien plus agr\u00e9able qu&#8217;avec de la laine 100 %. \u00c0 essayer absolument ! <\/p>\n<p>\u2022 Coutures plates contrast\u00e9es anti-frottement<br \/>\n\u2022 M\u00e9lange de laine et polypropyl\u00e8ne<br \/>\n\u2022 Logos r\u00e9fl\u00e9chissants<\/p>\n<p>POIDS : 150 g<\/p>\n","protected":false},"excerpt":{"rendered":"<p>Oubliez le froid avec nos tout nouveaux pantalons Fahrenheit, con\u00e7us pour rendre vos sorties hivernales encore plus confortables ! R\u00e9alis\u00e9s<\/p>\n","protected":false},"featured_media":404216,"template":"","meta":{"_seopress_robots_primary_cat":"","_seopress_titles_title":"","_seopress_titles_desc":"","_seopress_robots_index":""},"product_brand":[3616],"product_cat":[81,981,982],"product_tag":[],"class_list":{"0":"post-478990","1":"product","2":"type-product","3":"status-publish","4":"has-post-thumbnail","6":"product_brand-crazy-fr","7":"product_cat-vetements","8":"product_cat-vetements-de-loisirs","9":"product_cat-vetements-pour-hommes","10":"sws-gruppo-abb-libero-fr","11":"sws-conto-ricavi-merci-rivendita-abbigliamento-fr","12":"sws-gruppo-iva-iva81-fr","14":"first","15":"instock","16":"sale","17":"shipping-taxable","18":"purchasable","19":"product-type-variable"},"_links":{"self":[{"href":"https:\/\/lucacastelli.com\/fr\/wp-json\/wp\/v2\/product\/478990","targetHints":{"allow":["GET"]}}],"collection":[{"href":"https:\/\/lucacastelli.com\/fr\/wp-json\/wp\/v2\/product"}],"about":[{"href":"https:\/\/lucacastelli.com\/fr\/wp-json\/wp\/v2\/types\/product"}],"wp:featuredmedia":[{"embeddable":true,"href":"https:\/\/lucacastelli.com\/fr\/wp-json\/wp\/v2\/media\/404216"}],"wp:attachment":[{"href":"https:\/\/lucacastelli.com\/fr\/wp-json\/wp\/v2\/media?parent=478990"}],"wp:term":[{"taxonomy":"product_brand","embeddable":true,"href":"https:\/\/lucacastelli.com\/fr\/wp-json\/wp\/v2\/product_brand?post=478990"},{"taxonomy":"product_cat","embeddable":true,"href":"https:\/\/lucacastelli.com\/fr\/wp-json\/wp\/v2\/product_cat?post=478990"},{"taxonomy":"product_tag","embeddable":true,"href":"https:\/\/lucacastelli.com\/fr\/wp-json\/wp\/v2\/product_tag?post=478990"}],"curies":[{"name":"wp","href":"https:\/\/api.w.org\/{rel}","templated":true}]}}