{"id":478970,"date":"2025-04-07T16:53:00","date_gmt":"2025-04-07T14:53:00","guid":{"rendered":"https:\/\/lucacastelli.com\/prodotto\/crazy-leggings-mignons\/"},"modified":"2026-03-01T00:25:46","modified_gmt":"2026-02-28T23:25:46","slug":"crazy-leggings-mignons","status":"publish","type":"product","link":"https:\/\/lucacastelli.com\/fr\/produit\/crazy-leggings-mignons\/","title":{"rendered":"CRAZY LEGGINGS MIGNONS"},"content":{"rendered":"<p>Des leggings incroyablement confortables, \u00e9l\u00e9gants et extensibles !<br \/>\nLa r\u00e9volution de ce produit est l\u2019utilisation d\u2019un tissu de qualit\u00e9 sup\u00e9rieure, con\u00e7u \u00e0 l\u2019origine pour le cyclisme de longue distance, qui maintient l\u2019\u00e9lasticit\u00e9 pendant une longue p\u00e9riode, m\u00eame en cas de stress continu sur le genou. Il s\u2019agit d\u2019un tissu italien extr\u00eamement \u00e9lastique avec une finition int\u00e9rieure super douce et une surface ext\u00e9rieure lisse et hydrofuge.<br \/>\nLe design est m\u00e9ticuleusement d\u00e9taill\u00e9, avec des coupes qui mettent en valeur la silhouette et la forme f\u00e9minine, parfaites \u00e0 porter sous une jupe technique ou m\u00eame une veste longue, comme notre parka Wonder Magic Shell.<br \/>\nLa taille haute maintient la zone abdominale au chaud, et sur les cuisses, il y a deux poches invisibles avec des fermetures anti-retournement qui peuvent contenir un t\u00e9l\u00e9phone ou d\u2019autres petits objets. <\/p>\n<p>\u2022 Tissu italien avec une finition int\u00e9rieure<br \/>\ndouce et une surface ext\u00e9rieure lisse et hydrofuge<br \/>\n\u2022 Deux poches invisibles \u00e0 la taille avec fermeture anti-retournement<\/p>\n<p>POIDS&nbsp;: 203 gr<\/p>\n","protected":false},"excerpt":{"rendered":"<p>Des leggings incroyablement confortables, \u00e9l\u00e9gants et extensibles ! La r\u00e9volution de ce produit est l\u2019utilisation d\u2019un tissu de qualit\u00e9 sup\u00e9rieure,<\/p>\n","protected":false},"featured_media":404168,"template":"","meta":{"_seopress_robots_primary_cat":"","_seopress_titles_title":"","_seopress_titles_desc":"","_seopress_robots_index":""},"product_brand":[3413],"product_cat":[21,189,200],"product_tag":[],"class_list":{"0":"post-478970","1":"product","2":"type-product","3":"status-publish","4":"has-post-thumbnail","6":"product_brand-crazy","7":"product_cat-abbigliamento","8":"product_cat-abbigliamento-per-il-tempo-libero","9":"product_cat-abbigliamento-da-donna","10":"sws-gruppo-abb-libero-fr","11":"sws-conto-ricavi-merci-rivendita-abbigliamento-fr","12":"sws-gruppo-iva-iva81-fr","14":"first","15":"instock","16":"shipping-taxable","17":"purchasable","18":"product-type-variable"},"_links":{"self":[{"href":"https:\/\/lucacastelli.com\/fr\/wp-json\/wp\/v2\/product\/478970","targetHints":{"allow":["GET"]}}],"collection":[{"href":"https:\/\/lucacastelli.com\/fr\/wp-json\/wp\/v2\/product"}],"about":[{"href":"https:\/\/lucacastelli.com\/fr\/wp-json\/wp\/v2\/types\/product"}],"wp:featuredmedia":[{"embeddable":true,"href":"https:\/\/lucacastelli.com\/fr\/wp-json\/wp\/v2\/media\/404168"}],"wp:attachment":[{"href":"https:\/\/lucacastelli.com\/fr\/wp-json\/wp\/v2\/media?parent=478970"}],"wp:term":[{"taxonomy":"product_brand","embeddable":true,"href":"https:\/\/lucacastelli.com\/fr\/wp-json\/wp\/v2\/product_brand?post=478970"},{"taxonomy":"product_cat","embeddable":true,"href":"https:\/\/lucacastelli.com\/fr\/wp-json\/wp\/v2\/product_cat?post=478970"},{"taxonomy":"product_tag","embeddable":true,"href":"https:\/\/lucacastelli.com\/fr\/wp-json\/wp\/v2\/product_tag?post=478970"}],"curies":[{"name":"wp","href":"https:\/\/api.w.org\/{rel}","templated":true}]}}