{"id":478957,"date":"2025-04-07T16:53:00","date_gmt":"2025-04-07T14:53:00","guid":{"rendered":"https:\/\/lucacastelli.com\/prodotto\/crazy-tirez-la-fermeture-eclair-fahrenheit\/"},"modified":"2026-04-15T00:01:36","modified_gmt":"2026-04-14T22:01:36","slug":"crazy-tirez-la-fermeture-eclair-fahrenheit","status":"publish","type":"product","link":"https:\/\/lucacastelli.com\/fr\/produit\/crazy-tirez-la-fermeture-eclair-fahrenheit\/","title":{"rendered":"PULL CRAZY FAHRENHEIT ZIP"},"content":{"rendered":"<p>Couche de base avec col demi-zip confortable. Un v\u00eatement agr\u00e9able \u00e0 porter directement sur la peau ou comme seconde couche l\u00e9g\u00e8re lorsque le temps se rafra\u00eechit.<br \/>\nFabriqu\u00e9 avec un m\u00e9lange comprenant deux fils diff\u00e9rents : laine et polypropyl\u00e8ne l\u00e9ger aux propri\u00e9t\u00e9s isolantes sup\u00e9rieures et performances neutralisant les odeurs.<br \/>\nGr\u00e2ce aux composants du fil, il est nettement plus confortable sur la peau que les tissus en laine 100 %. <\/p>\n<p>\u2022 Coutures plates contrast\u00e9es qui n&#8217;irritent pas la peau<br \/>\n\u2022 M\u00e9lange de laine et polypropyl\u00e8ne<br \/>\n\u2022 Logos r\u00e9fl\u00e9chissants<\/p>\n<p>POIDS : 203 g<\/p>\n","protected":false},"excerpt":{"rendered":"<p>Couche de base avec col demi-zip confortable. Un v\u00eatement agr\u00e9able \u00e0 porter directement sur la peau ou comme seconde couche<\/p>\n","protected":false},"featured_media":404183,"template":"","meta":{"_seopress_robots_primary_cat":"none","_seopress_titles_title":"","_seopress_titles_desc":"","_seopress_robots_index":""},"product_brand":[3413],"product_cat":[21,189,190],"product_tag":[],"class_list":{"0":"post-478957","1":"product","2":"type-product","3":"status-publish","4":"has-post-thumbnail","6":"product_brand-crazy","7":"product_cat-abbigliamento","8":"product_cat-abbigliamento-per-il-tempo-libero","9":"product_cat-abbigliamento-da-uomo","10":"sws-gruppo-abb-libero-fr","11":"sws-conto-ricavi-merci-rivendita-abbigliamento-fr","12":"sws-gruppo-iva-iva81-fr","14":"first","15":"instock","16":"sale","17":"shipping-taxable","18":"purchasable","19":"product-type-variable"},"_links":{"self":[{"href":"https:\/\/lucacastelli.com\/fr\/wp-json\/wp\/v2\/product\/478957","targetHints":{"allow":["GET"]}}],"collection":[{"href":"https:\/\/lucacastelli.com\/fr\/wp-json\/wp\/v2\/product"}],"about":[{"href":"https:\/\/lucacastelli.com\/fr\/wp-json\/wp\/v2\/types\/product"}],"wp:featuredmedia":[{"embeddable":true,"href":"https:\/\/lucacastelli.com\/fr\/wp-json\/wp\/v2\/media\/404183"}],"wp:attachment":[{"href":"https:\/\/lucacastelli.com\/fr\/wp-json\/wp\/v2\/media?parent=478957"}],"wp:term":[{"taxonomy":"product_brand","embeddable":true,"href":"https:\/\/lucacastelli.com\/fr\/wp-json\/wp\/v2\/product_brand?post=478957"},{"taxonomy":"product_cat","embeddable":true,"href":"https:\/\/lucacastelli.com\/fr\/wp-json\/wp\/v2\/product_cat?post=478957"},{"taxonomy":"product_tag","embeddable":true,"href":"https:\/\/lucacastelli.com\/fr\/wp-json\/wp\/v2\/product_tag?post=478957"}],"curies":[{"name":"wp","href":"https:\/\/api.w.org\/{rel}","templated":true}]}}