{"id":478953,"date":"2025-04-07T16:53:00","date_gmt":"2025-04-07T16:53:00","guid":{"rendered":"https:\/\/lucacastelli.com\/prodotto\/crazy-pant-folle\/"},"modified":"2026-04-17T23:14:38","modified_gmt":"2026-04-17T21:14:38","slug":"crazy-pant-folle","status":"publish","type":"product","link":"https:\/\/lucacastelli.com\/fr\/produit\/crazy-pant-folle\/","title":{"rendered":"CRAZY PANT EXIT"},"content":{"rendered":"<p>Pantalon thermique respirant alliant confort et style f\u00e9minin. Un v\u00eatement d\u00e9fini comme le \u00ab mountain shapewear \u00bb gr\u00e2ce \u00e0 sa coupe extraordinaire.<br \/>\nCes caract\u00e9ristiques rendent notre pantalon Exit id\u00e9al pour de nombreuses activit\u00e9s de plein air, en salle de sport ou en ville, lorsque le confort protecteur d\u2019un pantalon technique est \u00e9galement tr\u00e8s appr\u00e9ci\u00e9 !<br \/>\nIl est confectionn\u00e9 en Vuelta, le polaire doux fabriqu\u00e9 en Italie. En plus de sa large ceinture confortable, le pantalon est dot\u00e9 de \u00ab poches easy \u00bb sur les deux cuisses et de poignets au bas des jambes. <\/p>\n<p>\u2022 Mountain Shapewear<br \/>\n\u2022 Ceinture \u00e9lastique confortable<br \/>\n\u2022 \u00ab Poches easy \u00bb sur les deux cuisses<br \/>\n\u2022 Logos r\u00e9fl\u00e9chissants<\/p>\n<p>POIDS : 280 g<\/p>\n","protected":false},"excerpt":{"rendered":"<p>Pantalon thermique respirant alliant confort et style f\u00e9minin. Un v\u00eatement d\u00e9fini comme le \u00ab mountain shapewear \u00bb gr\u00e2ce \u00e0 sa<\/p>\n","protected":false},"featured_media":404161,"template":"","meta":{"_seopress_robots_primary_cat":"","_seopress_titles_title":"","_seopress_titles_desc":"","_seopress_robots_index":""},"product_brand":[3616],"product_cat":[81,981,1387],"product_tag":[],"class_list":{"0":"post-478953","1":"product","2":"type-product","3":"status-publish","4":"has-post-thumbnail","6":"product_brand-crazy-fr","7":"product_cat-vetements","8":"product_cat-vetements-de-loisirs","9":"product_cat-vetements-pour-femmes","10":"sws-gruppo-abb-libero-fr","11":"sws-conto-ricavi-merci-rivendita-abbigliamento-fr","12":"sws-gruppo-iva-iva81-fr","14":"first","15":"instock","16":"sale","17":"shipping-taxable","18":"purchasable","19":"product-type-variable"},"_links":{"self":[{"href":"https:\/\/lucacastelli.com\/fr\/wp-json\/wp\/v2\/product\/478953","targetHints":{"allow":["GET"]}}],"collection":[{"href":"https:\/\/lucacastelli.com\/fr\/wp-json\/wp\/v2\/product"}],"about":[{"href":"https:\/\/lucacastelli.com\/fr\/wp-json\/wp\/v2\/types\/product"}],"wp:featuredmedia":[{"embeddable":true,"href":"https:\/\/lucacastelli.com\/fr\/wp-json\/wp\/v2\/media\/404161"}],"wp:attachment":[{"href":"https:\/\/lucacastelli.com\/fr\/wp-json\/wp\/v2\/media?parent=478953"}],"wp:term":[{"taxonomy":"product_brand","embeddable":true,"href":"https:\/\/lucacastelli.com\/fr\/wp-json\/wp\/v2\/product_brand?post=478953"},{"taxonomy":"product_cat","embeddable":true,"href":"https:\/\/lucacastelli.com\/fr\/wp-json\/wp\/v2\/product_cat?post=478953"},{"taxonomy":"product_tag","embeddable":true,"href":"https:\/\/lucacastelli.com\/fr\/wp-json\/wp\/v2\/product_tag?post=478953"}],"curies":[{"name":"wp","href":"https:\/\/api.w.org\/{rel}","templated":true}]}}