{"id":478887,"date":"2025-04-07T16:53:00","date_gmt":"2025-04-07T14:53:00","guid":{"rendered":"https:\/\/lucacastelli.com\/prodotto\/crazy-chemise-lumberjane\/"},"modified":"2026-03-01T00:25:52","modified_gmt":"2026-02-28T23:25:52","slug":"crazy-chemise-lumberjane","status":"publish","type":"product","link":"https:\/\/lucacastelli.com\/fr\/produit\/crazy-chemise-lumberjane\/","title":{"rendered":"CRAZY CHEMISE LUMBERJANE"},"content":{"rendered":"<p>Un tout nouvel ajout (et \u00e9l\u00e9gant) \u00e0 la collection femme de Crazy !<br \/>\nLa chemise Lumberjane combine un style \u00ab&nbsp;urbain&nbsp;\u00bb \u00e0 la mode avec des performances techniques avanc\u00e9es et une coupe f\u00e9minine.<br \/>\nTout en rappelant le fl ring classique, ce t-shirt est fait d\u2019un tissu technique haut de gamme, enti\u00e8rement imprim\u00e9 et visiblement distinct.<br \/>\nLe tissu Merino Plus, un m\u00e9lange r\u00e9volutionnaire de laine m\u00e9rinos et de fibres synth\u00e9tiques de nouvelle g\u00e9n\u00e9ration, garantit des performances et une respirabilit\u00e9 maximales.<br \/>\nDes d\u00e9tails tels que des boutons-pression et des poignets \u00e9lastiqu\u00e9s en font un v\u00eatement vraiment unique sur le march\u00e9, parfait pour le ski de randonn\u00e9e et toutes vos aventures en plein air.<\/p>\n<p>&nbsp;<\/p>\n<p>\u2022 Poches<br \/>\n poitrine<br \/>\n\u2022 Fermeture par bouton-pression\u2022 Poignets \u00e9lastiqu\u00e9s<br \/>\n\u2022 Tissu technique Merino Plus extensible et enti\u00e8rement imprim\u00e9.<\/p>\n<p>POIDS : 200 g<\/p>\n","protected":false},"excerpt":{"rendered":"<p>Un tout nouvel ajout (et \u00e9l\u00e9gant) \u00e0 la collection femme de Crazy ! La chemise Lumberjane combine un style \u00ab&nbsp;urbain&nbsp;\u00bb<\/p>\n","protected":false},"featured_media":403976,"template":"","meta":{"_seopress_robots_primary_cat":"","_seopress_titles_title":"","_seopress_titles_desc":"","_seopress_robots_index":""},"product_brand":[3413],"product_cat":[21,189,200],"product_tag":[],"class_list":{"0":"post-478887","1":"product","2":"type-product","3":"status-publish","4":"has-post-thumbnail","6":"product_brand-crazy","7":"product_cat-abbigliamento","8":"product_cat-abbigliamento-per-il-tempo-libero","9":"product_cat-abbigliamento-da-donna","10":"sws-gruppo-abb-libero-fr","11":"sws-conto-ricavi-merci-rivendita-abbigliamento-fr","12":"sws-gruppo-iva-iva81-fr","14":"first","15":"instock","16":"sale","17":"shipping-taxable","18":"product-type-variable"},"_links":{"self":[{"href":"https:\/\/lucacastelli.com\/fr\/wp-json\/wp\/v2\/product\/478887","targetHints":{"allow":["GET"]}}],"collection":[{"href":"https:\/\/lucacastelli.com\/fr\/wp-json\/wp\/v2\/product"}],"about":[{"href":"https:\/\/lucacastelli.com\/fr\/wp-json\/wp\/v2\/types\/product"}],"wp:featuredmedia":[{"embeddable":true,"href":"https:\/\/lucacastelli.com\/fr\/wp-json\/wp\/v2\/media\/403976"}],"wp:attachment":[{"href":"https:\/\/lucacastelli.com\/fr\/wp-json\/wp\/v2\/media?parent=478887"}],"wp:term":[{"taxonomy":"product_brand","embeddable":true,"href":"https:\/\/lucacastelli.com\/fr\/wp-json\/wp\/v2\/product_brand?post=478887"},{"taxonomy":"product_cat","embeddable":true,"href":"https:\/\/lucacastelli.com\/fr\/wp-json\/wp\/v2\/product_cat?post=478887"},{"taxonomy":"product_tag","embeddable":true,"href":"https:\/\/lucacastelli.com\/fr\/wp-json\/wp\/v2\/product_tag?post=478887"}],"curies":[{"name":"wp","href":"https:\/\/api.w.org\/{rel}","templated":true}]}}