{"id":478882,"date":"2025-04-07T16:53:00","date_gmt":"2025-04-07T14:53:00","guid":{"rendered":"https:\/\/lucacastelli.com\/prodotto\/crazy-jkt-boosted-proof-3l-femme\/"},"modified":"2026-04-15T00:01:42","modified_gmt":"2026-04-14T22:01:42","slug":"crazy-jkt-boosted-proof-3l-femme","status":"publish","type":"product","link":"https:\/\/lucacastelli.com\/fr\/produit\/crazy-jkt-boosted-proof-3l-femme\/","title":{"rendered":"CRAZY JKT BOOSTED PROOF 3L WOMAN"},"content":{"rendered":"<p>Veste imperm\u00e9able trois couches, enti\u00e8rement imperm\u00e9able avec coutures thermosoud\u00e9es, parmi les plus l\u00e9g\u00e8res et compressibles de sa cat\u00e9gorie, avec un style CRAZY vif et color\u00e9 !<br \/>\nContrairement \u00e0 d&#8217;autres vestes sur le march\u00e9, la Jkt Boosted Proof est con\u00e7ue pour les activit\u00e9s \u00e0 haute intensit\u00e9 gr\u00e2ce \u00e0 son tissu enti\u00e8rement \u00e9lastique, sa conception l\u00e9g\u00e8re et sa construction qui am\u00e9liore les mouvements. L&#8217;imperm\u00e9abilit\u00e9 est assur\u00e9e par l&#8217;excellent<br \/>\ntissu Dermizax avec une colonne d&#8217;eau de 20 000 mm et des coutures thermosoud\u00e9es. La respirabilit\u00e9 est am\u00e9lior\u00e9e par le syst\u00e8me exclusif Shark<br \/>\nVents de CRAZY : des ouvertures de ventilation invers\u00e9es qui permettent la circulation de l&#8217;air tout en emp\u00eachant l&#8217;eau d&#8217;entrer, permettant \u00e0 l&#8217;humidit\u00e9 de s&#8217;\u00e9chapper tout en maintenant une protection imperm\u00e9able totale.  <\/p>\n<p>\u2022 Veste imperm\u00e9able avec colonne d&#8217;eau de 20 000 mm, enti\u00e8rement thermosoud\u00e9e<br \/>\n\u2022 Fermeture \u00e9clair imperm\u00e9able avec curseur magn\u00e9tique pour une utilisation facile, m\u00eame avec des gants<br \/>\n\u2022 Capuche ergonomique avec visi\u00e8re semi-rigide et bord \u00e9lastique<br \/>\n\u2022 Deux poches poitrine avec fermetures \u00e9clair imperm\u00e9ables<br \/>\n\u2022 Coutures plates en couleur contrastante<br \/>\n\u2022 Pliable dans la poche int\u00e9rieure en filet<br \/>\n\u2022 Ourlet et poignets r\u00e9glables<br \/>\n\u2022 Logos r\u00e9fl\u00e9chissants<br \/>\n\u2022 Soufflet dorsal pour une plus grande libert\u00e9 de mouvement<\/p>\n<p>POIDS : 300 g<\/p>\n","protected":false},"excerpt":{"rendered":"<p>Veste imperm\u00e9able trois couches, enti\u00e8rement imperm\u00e9able avec coutures thermosoud\u00e9es, parmi les plus l\u00e9g\u00e8res et compressibles de sa cat\u00e9gorie, avec un<\/p>\n","protected":false},"featured_media":403987,"template":"","meta":{"_seopress_robots_primary_cat":"none","_seopress_titles_title":"","_seopress_titles_desc":"","_seopress_robots_index":""},"product_brand":[3616],"product_cat":[81,981,1387],"product_tag":[],"class_list":{"0":"post-478882","1":"product","2":"type-product","3":"status-publish","4":"has-post-thumbnail","6":"product_brand-crazy-fr","7":"product_cat-vetements","8":"product_cat-vetements-de-loisirs","9":"product_cat-vetements-pour-femmes","10":"sws-gruppo-abb-libero-fr","11":"sws-conto-ricavi-merci-rivendita-abbigliamento-fr","12":"sws-gruppo-iva-iva81-fr","14":"first","15":"instock","16":"sale","17":"shipping-taxable","18":"purchasable","19":"product-type-variable"},"_links":{"self":[{"href":"https:\/\/lucacastelli.com\/fr\/wp-json\/wp\/v2\/product\/478882","targetHints":{"allow":["GET"]}}],"collection":[{"href":"https:\/\/lucacastelli.com\/fr\/wp-json\/wp\/v2\/product"}],"about":[{"href":"https:\/\/lucacastelli.com\/fr\/wp-json\/wp\/v2\/types\/product"}],"wp:featuredmedia":[{"embeddable":true,"href":"https:\/\/lucacastelli.com\/fr\/wp-json\/wp\/v2\/media\/403987"}],"wp:attachment":[{"href":"https:\/\/lucacastelli.com\/fr\/wp-json\/wp\/v2\/media?parent=478882"}],"wp:term":[{"taxonomy":"product_brand","embeddable":true,"href":"https:\/\/lucacastelli.com\/fr\/wp-json\/wp\/v2\/product_brand?post=478882"},{"taxonomy":"product_cat","embeddable":true,"href":"https:\/\/lucacastelli.com\/fr\/wp-json\/wp\/v2\/product_cat?post=478882"},{"taxonomy":"product_tag","embeddable":true,"href":"https:\/\/lucacastelli.com\/fr\/wp-json\/wp\/v2\/product_tag?post=478882"}],"curies":[{"name":"wp","href":"https:\/\/api.w.org\/{rel}","templated":true}]}}