{"id":478874,"date":"2025-04-07T16:53:00","date_gmt":"2025-04-07T16:53:00","guid":{"rendered":"https:\/\/lucacastelli.com\/prodotto\/crazy-cap-bro-bleu-ecossais\/"},"modified":"2026-04-17T23:28:24","modified_gmt":"2026-04-17T21:28:24","slug":"crazy-cap-bro-bleu-ecossais","status":"publish","type":"product","link":"https:\/\/lucacastelli.com\/fr\/produit\/crazy-cap-bro-bleu-ecossais\/","title":{"rendered":"CRAZY CAP BRO BLUE SCOTTISH"},"content":{"rendered":"<p>Style contemporain et fonctionnalit\u00e9 technique pour une casquette de baseball o\u00f9 le look d\u00e9contract\u00e9 rencontre la construction technique pour exploiter pleinement la vari\u00e9t\u00e9 de tissus utilis\u00e9s dans notre collection, des plus techniques \u00e0 ceux d\u00e9di\u00e9s \u00e0 la ligne lifestyle.<\/p>\n<p>POIDS : 47 g<\/p>\n","protected":false},"excerpt":{"rendered":"<p>Style contemporain et fonctionnalit\u00e9 technique pour une casquette de baseball o\u00f9 le look d\u00e9contract\u00e9 rencontre la construction technique pour exploiter<\/p>\n","protected":false},"featured_media":403966,"template":"","meta":{"_seopress_robots_primary_cat":"","_seopress_titles_title":"","_seopress_titles_desc":"","_seopress_robots_index":""},"product_brand":[3616],"product_cat":[81,1390],"product_tag":[],"class_list":{"0":"post-478874","1":"product","2":"type-product","3":"status-publish","4":"has-post-thumbnail","6":"product_brand-crazy-fr","7":"product_cat-vetements","8":"product_cat-accessoires-dhabillement","9":"sws-gruppo-abb-libero-fr","10":"sws-conto-ricavi-merci-rivendita-abbigliamento-fr","11":"sws-gruppo-iva-iva81-fr","13":"first","14":"instock","15":"sale","16":"shipping-taxable","17":"purchasable","18":"product-type-simple"},"_links":{"self":[{"href":"https:\/\/lucacastelli.com\/fr\/wp-json\/wp\/v2\/product\/478874","targetHints":{"allow":["GET"]}}],"collection":[{"href":"https:\/\/lucacastelli.com\/fr\/wp-json\/wp\/v2\/product"}],"about":[{"href":"https:\/\/lucacastelli.com\/fr\/wp-json\/wp\/v2\/types\/product"}],"wp:featuredmedia":[{"embeddable":true,"href":"https:\/\/lucacastelli.com\/fr\/wp-json\/wp\/v2\/media\/403966"}],"wp:attachment":[{"href":"https:\/\/lucacastelli.com\/fr\/wp-json\/wp\/v2\/media?parent=478874"}],"wp:term":[{"taxonomy":"product_brand","embeddable":true,"href":"https:\/\/lucacastelli.com\/fr\/wp-json\/wp\/v2\/product_brand?post=478874"},{"taxonomy":"product_cat","embeddable":true,"href":"https:\/\/lucacastelli.com\/fr\/wp-json\/wp\/v2\/product_cat?post=478874"},{"taxonomy":"product_tag","embeddable":true,"href":"https:\/\/lucacastelli.com\/fr\/wp-json\/wp\/v2\/product_tag?post=478874"}],"curies":[{"name":"wp","href":"https:\/\/api.w.org\/{rel}","templated":true}]}}