{"id":478865,"date":"2025-04-07T16:53:00","date_gmt":"2025-04-07T14:53:00","guid":{"rendered":"https:\/\/lucacastelli.com\/prodotto\/crazy-cap-bro-energie\/"},"modified":"2026-03-01T00:18:08","modified_gmt":"2026-02-28T23:18:08","slug":"crazy-cap-bro-energie","status":"publish","type":"product","link":"https:\/\/lucacastelli.com\/fr\/produit\/crazy-cap-bro-energie\/","title":{"rendered":"CRAZY CAP BRO \u00c9nergie"},"content":{"rendered":"<p>Style contemporain et fonctionnalit\u00e9 technique pour une casquette de baseball dans laquelle le look d\u00e9contract\u00e9 rencontre la construction technique pour profiter pleinement de la vari\u00e9t\u00e9 des tissus utilis\u00e9s dans notre collection, des plus techniques \u00e0 ceux d\u00e9di\u00e9s \u00e0 la ligne lifestyle.<\/p>\n<p>POIDS&nbsp;: 47 gr<\/p>\n","protected":false},"excerpt":{"rendered":"<p>Style contemporain et fonctionnalit\u00e9 technique pour une casquette de baseball dans laquelle le look d\u00e9contract\u00e9 rencontre la construction technique pour<\/p>\n","protected":false},"featured_media":403950,"template":"","meta":{"_seopress_robots_primary_cat":"","_seopress_titles_title":"","_seopress_titles_desc":"","_seopress_robots_index":""},"product_brand":[3616],"product_cat":[81,1390],"product_tag":[],"class_list":{"0":"post-478865","1":"product","2":"type-product","3":"status-publish","4":"has-post-thumbnail","6":"product_brand-crazy-fr","7":"product_cat-vetements","8":"product_cat-accessoires-dhabillement","9":"sws-gruppo-abb-libero-fr","10":"sws-conto-ricavi-merci-rivendita-abbigliamento-fr","11":"sws-gruppo-iva-iva81-fr","13":"first","14":"instock","15":"sale","16":"shipping-taxable","17":"purchasable","18":"product-type-simple"},"_links":{"self":[{"href":"https:\/\/lucacastelli.com\/fr\/wp-json\/wp\/v2\/product\/478865","targetHints":{"allow":["GET"]}}],"collection":[{"href":"https:\/\/lucacastelli.com\/fr\/wp-json\/wp\/v2\/product"}],"about":[{"href":"https:\/\/lucacastelli.com\/fr\/wp-json\/wp\/v2\/types\/product"}],"wp:featuredmedia":[{"embeddable":true,"href":"https:\/\/lucacastelli.com\/fr\/wp-json\/wp\/v2\/media\/403950"}],"wp:attachment":[{"href":"https:\/\/lucacastelli.com\/fr\/wp-json\/wp\/v2\/media?parent=478865"}],"wp:term":[{"taxonomy":"product_brand","embeddable":true,"href":"https:\/\/lucacastelli.com\/fr\/wp-json\/wp\/v2\/product_brand?post=478865"},{"taxonomy":"product_cat","embeddable":true,"href":"https:\/\/lucacastelli.com\/fr\/wp-json\/wp\/v2\/product_cat?post=478865"},{"taxonomy":"product_tag","embeddable":true,"href":"https:\/\/lucacastelli.com\/fr\/wp-json\/wp\/v2\/product_tag?post=478865"}],"curies":[{"name":"wp","href":"https:\/\/api.w.org\/{rel}","templated":true}]}}