{"id":478859,"date":"2025-04-07T16:53:00","date_gmt":"2025-04-07T16:53:00","guid":{"rendered":"https:\/\/lucacastelli.com\/prodotto\/crazy-pant-ionic\/"},"modified":"2026-04-17T23:27:59","modified_gmt":"2026-04-17T21:27:59","slug":"crazy-pant-ionic","status":"publish","type":"product","link":"https:\/\/lucacastelli.com\/fr\/produit\/crazy-pant-ionic\/","title":{"rendered":"CRAZY PANT IONIC"},"content":{"rendered":"<p>Le nouveau Pant Ionic est le pantalon de montagne parfait o\u00f9 les performances maximales rencontrent un style moderne et innovant, gr\u00e2ce \u00e0 son look \u00e9pur\u00e9 et \u00e0 sa coupe \u00e9l\u00e9gante. Nous avons redessin\u00e9 le Pant Ionic avec une esth\u00e9tique \u00e9l\u00e9gante et minimaliste, sans renoncer au design. La puret\u00e9 du look s&#8217;allie \u00e0 la haute fonctionnalit\u00e9 technique qui caract\u00e9rise depuis toujours la famille Ionic, con\u00e7ue pour les passionn\u00e9s de ski-alpinisme et de sports d&#8217;intensit\u00e9 moyenne, garantissant l&#8217;\u00e9quilibre parfait entre protection et respirabilit\u00e9.<br \/>\nLa ceinture haute a \u00e9galement \u00e9t\u00e9 enti\u00e8rement renouvel\u00e9e ; elle est ferm\u00e9e, r\u00e9glable avec cordon interne et pr\u00e9sente une grande \u00e9lasticit\u00e9 pour permettre un enfilage facile du pantalon. La partie arri\u00e8re est plus haute pour offrir un meilleur soutien lombaire et est doubl\u00e9e d&#8217;un tissu c\u00f4tel\u00e9 pour favoriser la transpiration.<br \/>\nLe tissu Endurance offre respirabilit\u00e9, bi-\u00e9lasticit\u00e9 et r\u00e9sistance \u00e0 l&#8217;eau gr\u00e2ce au traitement DWR. L&#8217;arri\u00e8re des genoux, l&#8217;entrejambe, le soufflet inf\u00e9rieur de la jambe et la ceinture sont r\u00e9alis\u00e9s en Vuelta italien ; ces inserts am\u00e9liorent la libert\u00e9 de mouvement, l&#8217;\u00e9lasticit\u00e9 et la respirabilit\u00e9 du produit dans les zones cl\u00e9s.<br \/>\nUne touche distinctive est donn\u00e9e par la pr\u00e9sence de deux poches pour les mains, qui conf\u00e8rent au pantalon un aspect sophistiqu\u00e9. Le nouveau Pant Ionic est le pantalon de montagne parfait, o\u00f9 les performances maximales rencontrent un style moderne et innovant, gr\u00e2ce \u00e0 son look \u00e9pur\u00e9 et \u00e0 sa coupe \u00e9l\u00e9gante.   <\/p>\n<p>\u2022 Ceinture haute avec cordon de serrage r\u00e9glable<br \/>\n\u2022 Poches pour les mains d\u00e9coup\u00e9es au laser avec fermetures \u00e9clair coll\u00e9es<br \/>\n\u2022 Coutures plates en couleur contrastante<br \/>\n\u2022 Logos r\u00e9fl\u00e9chissants<br \/>\n\u2022 Ourlet r\u00e9glable avec zip<\/p>\n<p>POIDS : 260 g<\/p>\n","protected":false},"excerpt":{"rendered":"<p>Le nouveau Pant Ionic est le pantalon de montagne parfait o\u00f9 les performances maximales rencontrent un style moderne et innovant,<\/p>\n","protected":false},"featured_media":403971,"template":"","meta":{"_seopress_robots_primary_cat":"","_seopress_titles_title":"","_seopress_titles_desc":"","_seopress_robots_index":""},"product_brand":[3616],"product_cat":[81,981,1387],"product_tag":[],"class_list":{"0":"post-478859","1":"product","2":"type-product","3":"status-publish","4":"has-post-thumbnail","6":"product_brand-crazy-fr","7":"product_cat-vetements","8":"product_cat-vetements-de-loisirs","9":"product_cat-vetements-pour-femmes","10":"sws-gruppo-abb-libero-fr","11":"sws-conto-ricavi-merci-rivendita-abbigliamento-fr","12":"sws-gruppo-iva-iva81-fr","14":"first","15":"instock","16":"sale","17":"shipping-taxable","18":"purchasable","19":"product-type-variable"},"_links":{"self":[{"href":"https:\/\/lucacastelli.com\/fr\/wp-json\/wp\/v2\/product\/478859","targetHints":{"allow":["GET"]}}],"collection":[{"href":"https:\/\/lucacastelli.com\/fr\/wp-json\/wp\/v2\/product"}],"about":[{"href":"https:\/\/lucacastelli.com\/fr\/wp-json\/wp\/v2\/types\/product"}],"wp:featuredmedia":[{"embeddable":true,"href":"https:\/\/lucacastelli.com\/fr\/wp-json\/wp\/v2\/media\/403971"}],"wp:attachment":[{"href":"https:\/\/lucacastelli.com\/fr\/wp-json\/wp\/v2\/media?parent=478859"}],"wp:term":[{"taxonomy":"product_brand","embeddable":true,"href":"https:\/\/lucacastelli.com\/fr\/wp-json\/wp\/v2\/product_brand?post=478859"},{"taxonomy":"product_cat","embeddable":true,"href":"https:\/\/lucacastelli.com\/fr\/wp-json\/wp\/v2\/product_cat?post=478859"},{"taxonomy":"product_tag","embeddable":true,"href":"https:\/\/lucacastelli.com\/fr\/wp-json\/wp\/v2\/product_tag?post=478859"}],"curies":[{"name":"wp","href":"https:\/\/api.w.org\/{rel}","templated":true}]}}