{"id":478828,"date":"2025-04-07T16:53:00","date_gmt":"2025-04-07T14:53:00","guid":{"rendered":"https:\/\/lucacastelli.com\/prodotto\/crazy-tirez-la-magie-des-merveilles-3\/"},"modified":"2026-04-15T00:01:41","modified_gmt":"2026-04-14T22:01:41","slug":"crazy-tirez-la-magie-des-merveilles-3","status":"publish","type":"product","link":"https:\/\/lucacastelli.com\/fr\/produit\/crazy-tirez-la-magie-des-merveilles-3\/","title":{"rendered":"CRAZY TIREZ LA MAGIE DES MERVEILLES"},"content":{"rendered":"<p>Le Wonder Magic Pull est un produit unique dans le monde de l\u2019ext\u00e9rieur, une v\u00e9ritable ic\u00f4ne de couleur et d\u2019imagination gr\u00e2ce \u00e0 la combinaison d\u2019un tissu technique incroyablement doux avec une s\u00e9lection extraordinaire d\u2019imprim\u00e9s et de couleurs.<br \/>\nLe mod\u00e8le dispose d\u2019un panneau lat\u00e9ral en tissu technique plus l\u00e9ger et plus respirant pour am\u00e9liorer les performances techniques et offrir une coupe plus f\u00e9minine et visuellement ajust\u00e9e.<br \/>\nLe Wonder Magic Pull est con\u00e7u pour les activit\u00e9s de plein air de faible intensit\u00e9 et est parfait pour les besoins quotidiens de confort (et de style).<\/p>\n<p>\u2022 Panneaux lat\u00e9raux avec ourlet coll\u00e9\u2022<br \/>\n Fermeture \u00e9clair frontale enti\u00e8rement amovible<br \/>\n\u2022 Poches pour les mains avec fermeture \u00e9clair<\/p>\n<p>POIDS&nbsp;: 250 gr<\/p>\n","protected":false},"excerpt":{"rendered":"<p>Le Wonder Magic Pull est un produit unique dans le monde de l\u2019ext\u00e9rieur, une v\u00e9ritable ic\u00f4ne de couleur et d\u2019imagination<\/p>\n","protected":false},"featured_media":403867,"template":"","meta":{"_seopress_robots_primary_cat":"","_seopress_titles_title":"","_seopress_titles_desc":"","_seopress_robots_index":""},"product_brand":[3616],"product_cat":[81,981,1387],"product_tag":[],"class_list":{"0":"post-478828","1":"product","2":"type-product","3":"status-publish","4":"has-post-thumbnail","6":"product_brand-crazy-fr","7":"product_cat-vetements","8":"product_cat-vetements-de-loisirs","9":"product_cat-vetements-pour-femmes","10":"sws-gruppo-abb-libero-fr","11":"sws-conto-ricavi-merci-rivendita-abbigliamento-fr","12":"sws-gruppo-iva-iva81-fr","14":"first","15":"instock","16":"sale","17":"shipping-taxable","18":"purchasable","19":"product-type-variable"},"_links":{"self":[{"href":"https:\/\/lucacastelli.com\/fr\/wp-json\/wp\/v2\/product\/478828","targetHints":{"allow":["GET"]}}],"collection":[{"href":"https:\/\/lucacastelli.com\/fr\/wp-json\/wp\/v2\/product"}],"about":[{"href":"https:\/\/lucacastelli.com\/fr\/wp-json\/wp\/v2\/types\/product"}],"wp:featuredmedia":[{"embeddable":true,"href":"https:\/\/lucacastelli.com\/fr\/wp-json\/wp\/v2\/media\/403867"}],"wp:attachment":[{"href":"https:\/\/lucacastelli.com\/fr\/wp-json\/wp\/v2\/media?parent=478828"}],"wp:term":[{"taxonomy":"product_brand","embeddable":true,"href":"https:\/\/lucacastelli.com\/fr\/wp-json\/wp\/v2\/product_brand?post=478828"},{"taxonomy":"product_cat","embeddable":true,"href":"https:\/\/lucacastelli.com\/fr\/wp-json\/wp\/v2\/product_cat?post=478828"},{"taxonomy":"product_tag","embeddable":true,"href":"https:\/\/lucacastelli.com\/fr\/wp-json\/wp\/v2\/product_tag?post=478828"}],"curies":[{"name":"wp","href":"https:\/\/api.w.org\/{rel}","templated":true}]}}