{"id":478809,"date":"2025-04-07T16:53:00","date_gmt":"2025-04-07T14:53:00","guid":{"rendered":"https:\/\/lucacastelli.com\/prodotto\/crazy-pant-inspire\/"},"modified":"2026-04-15T00:01:46","modified_gmt":"2026-04-14T22:01:46","slug":"crazy-pant-inspire","status":"publish","type":"product","link":"https:\/\/lucacastelli.com\/fr\/produit\/crazy-pant-inspire\/","title":{"rendered":"CRAZY PANT INSPIRE"},"content":{"rendered":"","protected":false},"excerpt":{"rendered":"<p>Le pantalon de haute montagne le plus technique et le plus complet de la collection, enti\u00e8rement repens\u00e9 cette ann\u00e9e pour s\u2019accorder avec la nouvelle veste Inspire.<br \/>\nLe pantalon Inspire est id\u00e9al pour le free-rando ou le ski de randonn\u00e9e dans des conditions extr\u00eames, gr\u00e2ce \u00e0 ses caract\u00e9ristiques coupe-vent et \u00e0 son incroyable \u00e9lasticit\u00e9.<\/p>\n<p>La coupe est f\u00e9minine, tr\u00e8s moderne, et s\u2019adapte parfaitement avec des chaussures de ski \u00e0 3 ou 4 boucles.<br \/>\nIls sont fabriqu\u00e9s dans un tissu softshell doux et chaud avec une membrane hautement hydrofuge. La taille r\u00e9glable peut \u00eatre ouverte et est \u00e9quip\u00e9e de bandes \u00e9lastiques avec velcro sur les c\u00f4t\u00e9s.<br \/>\nLa gu\u00eatre est nouvelle et extr\u00eamement technique : elle est \u00e9quip\u00e9e d\u2019un gousset r\u00e9glable avec fermeture \u00e9clair et d\u2019une gu\u00eatre interne pour am\u00e9liorer la protection contre l\u2019eau et la neige. La partie inf\u00e9rieure est dot\u00e9e d\u2019une bande \u00e9lastique Fullgrip pour une meilleure adh\u00e9rence sur toutes les chaussures de ski de randonn\u00e9e et d\u2019une section int\u00e9rieure renforc\u00e9e pour prot\u00e9ger contre les coupures de crampons ou les carres de ski.  <\/p>\n<p>\u2022 Taille ajustable par velcro<br \/>\n\u2022 Deux poches lat\u00e9rales coll\u00e9es avec fermetures \u00e9clair<br \/>\n\u2022 Deux ouvertures arri\u00e8re zipp\u00e9es pour la ventilation<br \/>\n\u2022 Gu\u00eatre imperm\u00e9able et renforc\u00e9e \u00e0 l\u2019ourlet avec gousset \u00e9lastique et fermeture \u00e0 glissi\u00e8re<br \/>\n\u2022 Logos r\u00e9fl\u00e9chissants<br \/>\n\u2022 Coutures plates de couleur contrastante<\/p>\n<p>POIDS : 365 g<\/p>\n","protected":false},"featured_media":403830,"template":"","meta":{"_seopress_robots_primary_cat":"","_seopress_titles_title":"","_seopress_titles_desc":"","_seopress_robots_index":""},"product_brand":[3413],"product_cat":[21,189,200],"product_tag":[],"class_list":{"0":"post-478809","1":"product","2":"type-product","3":"status-publish","4":"has-post-thumbnail","6":"product_brand-crazy","7":"product_cat-abbigliamento","8":"product_cat-abbigliamento-per-il-tempo-libero","9":"product_cat-abbigliamento-da-donna","10":"sws-gruppo-abb-libero-fr","11":"sws-conto-ricavi-merci-rivendita-abbigliamento-fr","12":"sws-gruppo-iva-iva81-fr","14":"first","15":"instock","16":"sale","17":"shipping-taxable","18":"purchasable","19":"product-type-variable"},"_links":{"self":[{"href":"https:\/\/lucacastelli.com\/fr\/wp-json\/wp\/v2\/product\/478809","targetHints":{"allow":["GET"]}}],"collection":[{"href":"https:\/\/lucacastelli.com\/fr\/wp-json\/wp\/v2\/product"}],"about":[{"href":"https:\/\/lucacastelli.com\/fr\/wp-json\/wp\/v2\/types\/product"}],"wp:featuredmedia":[{"embeddable":true,"href":"https:\/\/lucacastelli.com\/fr\/wp-json\/wp\/v2\/media\/403830"}],"wp:attachment":[{"href":"https:\/\/lucacastelli.com\/fr\/wp-json\/wp\/v2\/media?parent=478809"}],"wp:term":[{"taxonomy":"product_brand","embeddable":true,"href":"https:\/\/lucacastelli.com\/fr\/wp-json\/wp\/v2\/product_brand?post=478809"},{"taxonomy":"product_cat","embeddable":true,"href":"https:\/\/lucacastelli.com\/fr\/wp-json\/wp\/v2\/product_cat?post=478809"},{"taxonomy":"product_tag","embeddable":true,"href":"https:\/\/lucacastelli.com\/fr\/wp-json\/wp\/v2\/product_tag?post=478809"}],"curies":[{"name":"wp","href":"https:\/\/api.w.org\/{rel}","templated":true}]}}