{"id":478793,"date":"2025-04-07T16:53:00","date_gmt":"2025-04-07T14:53:00","guid":{"rendered":"https:\/\/lucacastelli.com\/prodotto\/crazy-sortie-de-traction\/"},"modified":"2026-04-15T00:01:45","modified_gmt":"2026-04-14T22:01:45","slug":"crazy-sortie-de-traction","status":"publish","type":"product","link":"https:\/\/lucacastelli.com\/fr\/produit\/crazy-sortie-de-traction\/","title":{"rendered":"CRAZY PULL EXIT"},"content":{"rendered":"<p>Nouvelle addition \u00e0 notre collection hiver, le Pull Exit est une couche interm\u00e9diaire essentielle \u00e0 l&#8217;esprit activewear, parfaite pour les activit\u00e9s en montagne et l&#8217;usage quotidien gr\u00e2ce \u00e0 sa coupe athl\u00e9tique et f\u00e9minine.<br \/>\nSon look moderne et \u00e9pur\u00e9 se combine avec le tissu l\u00e9ger et extensible Vuelta, fabriqu\u00e9 en Italie, qui est \u00e9galement utilis\u00e9 pour nos v\u00eatements les plus techniques gr\u00e2ce \u00e0 son incroyable isolation thermique et son \u00e9lasticit\u00e9.<\/p>\n<p>\u2022 Coutures plates en couleur contrastante<br \/>\n\u2022 Poches pour les mains<br \/>\n\u2022 Logos r\u00e9fl\u00e9chissants<br \/>\n\u2022 Capuche ergonomique avec ouverture pour queue de cheval<br \/>\n\u2022 Trou pour le pouce<br \/>\n\u2022 Fermeture \u00e9clair frontale sur toute la longueur<\/p>\n<p>POIDS : 325 g<\/p>\n","protected":false},"excerpt":{"rendered":"<p>Nouvelle addition \u00e0 notre collection hiver, le Pull Exit est une couche interm\u00e9diaire essentielle \u00e0 l&#8217;esprit activewear, parfaite pour les<\/p>\n","protected":false},"featured_media":403823,"template":"","meta":{"_seopress_robots_primary_cat":"none","_seopress_titles_title":"","_seopress_titles_desc":"","_seopress_robots_index":""},"product_brand":[3413],"product_cat":[21,189,200],"product_tag":[],"class_list":{"0":"post-478793","1":"product","2":"type-product","3":"status-publish","4":"has-post-thumbnail","6":"product_brand-crazy","7":"product_cat-abbigliamento","8":"product_cat-abbigliamento-per-il-tempo-libero","9":"product_cat-abbigliamento-da-donna","10":"sws-gruppo-abb-libero-fr","11":"sws-conto-ricavi-merci-rivendita-abbigliamento-fr","12":"sws-gruppo-iva-iva81-fr","14":"first","15":"instock","16":"sale","17":"shipping-taxable","18":"purchasable","19":"product-type-variable"},"_links":{"self":[{"href":"https:\/\/lucacastelli.com\/fr\/wp-json\/wp\/v2\/product\/478793","targetHints":{"allow":["GET"]}}],"collection":[{"href":"https:\/\/lucacastelli.com\/fr\/wp-json\/wp\/v2\/product"}],"about":[{"href":"https:\/\/lucacastelli.com\/fr\/wp-json\/wp\/v2\/types\/product"}],"wp:featuredmedia":[{"embeddable":true,"href":"https:\/\/lucacastelli.com\/fr\/wp-json\/wp\/v2\/media\/403823"}],"wp:attachment":[{"href":"https:\/\/lucacastelli.com\/fr\/wp-json\/wp\/v2\/media?parent=478793"}],"wp:term":[{"taxonomy":"product_brand","embeddable":true,"href":"https:\/\/lucacastelli.com\/fr\/wp-json\/wp\/v2\/product_brand?post=478793"},{"taxonomy":"product_cat","embeddable":true,"href":"https:\/\/lucacastelli.com\/fr\/wp-json\/wp\/v2\/product_cat?post=478793"},{"taxonomy":"product_tag","embeddable":true,"href":"https:\/\/lucacastelli.com\/fr\/wp-json\/wp\/v2\/product_tag?post=478793"}],"curies":[{"name":"wp","href":"https:\/\/api.w.org\/{rel}","templated":true}]}}