{"id":478779,"date":"2025-04-07T16:53:00","date_gmt":"2025-04-07T14:53:00","guid":{"rendered":"https:\/\/lucacastelli.com\/prodotto\/crazy-pull-exit-extrafleece\/"},"modified":"2026-04-15T00:01:45","modified_gmt":"2026-04-14T22:01:45","slug":"crazy-pull-exit-extrafleece","status":"publish","type":"product","link":"https:\/\/lucacastelli.com\/fr\/produit\/crazy-pull-exit-extrafleece\/","title":{"rendered":"CRAZY PULL EXIT EXTRAFLEECE"},"content":{"rendered":"<p>Un pull chaud et ultra-doux, \u00e0 l&#8217;allure \u00e9l\u00e9gante et f\u00e9minine, gr\u00e2ce \u00e0 sa coupe et ses lignes de couture distinctives.<br \/>\nLe Pull Exit est la couche interm\u00e9diaire la plus chaude de notre cat\u00e9gorie &#8220;base camp&#8221;, un produit id\u00e9al pour les promenades pendant les journ\u00e9es les plus froides, mais aussi parfait \u00e0 porter en ville tout en profitant du confort exceptionnel de la polaire Fluffy.<br \/>\nL&#8217;int\u00e9rieur des manches, les aisselles et l&#8217;ourlet sont fabriqu\u00e9s en polaire technique HP ; cette construction hybride garantit respirabilit\u00e9 et ajustement parfait.<\/p>\n<p>\u2022 Haut hybride en tissu technique et doux<br \/>\n\u2022 Zip frontal sur toute la longueur<br \/>\n\u2022 Poches pour les mains avec fermeture \u00e9clair<br \/>\n\u2022 Coutures plates contrast\u00e9es<\/p>\n<p>POIDS&nbsp;: 350gr<\/p>\n","protected":false},"excerpt":{"rendered":"<p>Un pull chaud et ultra-doux, \u00e0 l&#8217;allure \u00e9l\u00e9gante et f\u00e9minine, gr\u00e2ce \u00e0 sa coupe et ses lignes de couture distinctives.<\/p>\n","protected":false},"featured_media":403814,"template":"","meta":{"_seopress_robots_primary_cat":"none","_seopress_titles_title":"","_seopress_titles_desc":"","_seopress_robots_index":""},"product_brand":[3413],"product_cat":[21,189,200],"product_tag":[],"class_list":{"0":"post-478779","1":"product","2":"type-product","3":"status-publish","4":"has-post-thumbnail","6":"product_brand-crazy","7":"product_cat-abbigliamento","8":"product_cat-abbigliamento-per-il-tempo-libero","9":"product_cat-abbigliamento-da-donna","10":"sws-gruppo-abb-libero-fr","11":"sws-conto-ricavi-merci-rivendita-abbigliamento-fr","12":"sws-gruppo-iva-iva81-fr","14":"first","15":"instock","16":"sale","17":"shipping-taxable","18":"purchasable","19":"product-type-variable"},"_links":{"self":[{"href":"https:\/\/lucacastelli.com\/fr\/wp-json\/wp\/v2\/product\/478779","targetHints":{"allow":["GET"]}}],"collection":[{"href":"https:\/\/lucacastelli.com\/fr\/wp-json\/wp\/v2\/product"}],"about":[{"href":"https:\/\/lucacastelli.com\/fr\/wp-json\/wp\/v2\/types\/product"}],"wp:featuredmedia":[{"embeddable":true,"href":"https:\/\/lucacastelli.com\/fr\/wp-json\/wp\/v2\/media\/403814"}],"wp:attachment":[{"href":"https:\/\/lucacastelli.com\/fr\/wp-json\/wp\/v2\/media?parent=478779"}],"wp:term":[{"taxonomy":"product_brand","embeddable":true,"href":"https:\/\/lucacastelli.com\/fr\/wp-json\/wp\/v2\/product_brand?post=478779"},{"taxonomy":"product_cat","embeddable":true,"href":"https:\/\/lucacastelli.com\/fr\/wp-json\/wp\/v2\/product_cat?post=478779"},{"taxonomy":"product_tag","embeddable":true,"href":"https:\/\/lucacastelli.com\/fr\/wp-json\/wp\/v2\/product_tag?post=478779"}],"curies":[{"name":"wp","href":"https:\/\/api.w.org\/{rel}","templated":true}]}}