{"id":478773,"date":"2025-04-07T16:53:00","date_gmt":"2025-04-07T14:53:00","guid":{"rendered":"https:\/\/lucacastelli.com\/prodotto\/crazy-pant-flamme\/"},"modified":"2026-04-15T00:01:44","modified_gmt":"2026-04-14T22:01:44","slug":"crazy-pant-flamme","status":"publish","type":"product","link":"https:\/\/lucacastelli.com\/fr\/produit\/crazy-pant-flamme\/","title":{"rendered":"CRAZY PANT FLAMME"},"content":{"rendered":"<p>Le pantalon technique par excellence, un incontournable de votre garde-robe ! Con\u00e7u pour le ski de randonn\u00e9e et les activit\u00e9s techniques de montagne, le pantalon Flame est \u00e9galement incroyablement \u00e9l\u00e9gant et polyvalent. Le nouveau design de la collection AW25 la rend encore plus agressive et moderne.<br \/>\nL\u2019avant est fabriqu\u00e9 avec le tissu \u00e9prouv\u00e9 Endurance, bi-\u00e9lastique et protecteur, avec traitement DWR pour une plus grande d\u00e9perlance. Il combine la r\u00e9sistance et la protection de l\u2019avant avec le confort thermique et la douceur du dos, fabriqu\u00e9 en Vuelta \u00ab&nbsp;Made in Italy&nbsp;\u00bb, qui offre une coupe athl\u00e9tique et une plus grande \u00e9lasticit\u00e9, parfaite pour le ski alpinisme.<br \/>\nLes genoux sont dot\u00e9s de patchs pr\u00e9form\u00e9s qui s\u2019\u00e9tendent jusqu\u2019\u00e0 l\u2019int\u00e9rieur de la jambe, o\u00f9 un tissu \u00e0 double tissage durable et extensible est utilis\u00e9 pour plus de r\u00e9sistance.   <\/p>\n<p>&nbsp;<\/p>\n<p>\u2022 Ceinture \u00e9lastique r\u00e9glable avec cordon<br \/>\n de serrage\u2022 Deux poches lat\u00e9rales d\u00e9coup\u00e9es au laser avec fermetures \u00e9clair coll\u00e9es<br \/>\n\u2022 Une poche arri\u00e8re avec fermeture \u00e0 glissi\u00e8re invisible<br \/>\n\u2022 Rabat avec fermeture \u00e0 glissi\u00e8re invisible<br \/>\n\u2022 Logos r\u00e9fl\u00e9chissants<br \/>\n\u2022 Poignets r\u00e9glables avec cordon de serrage \u00e9lastique<br \/>\n\u2022 Patchs avec tissu de protection r\u00e9sistant \u00e0<br \/>\n l\u2019abrasion\u2022 Coutures de couleur contrastante<\/p>\n<p>&nbsp;<\/p>\n<p>Poids : 396 grammes<\/p>\n","protected":false},"excerpt":{"rendered":"<p>Le pantalon technique par excellence, un incontournable de votre garde-robe ! Con\u00e7u pour le ski de randonn\u00e9e et les activit\u00e9s<\/p>\n","protected":false},"featured_media":632298,"template":"","meta":{"_seopress_robots_primary_cat":"","_seopress_titles_title":"","_seopress_titles_desc":"","_seopress_robots_index":""},"product_brand":[3614],"product_cat":[82,974,975],"product_tag":[],"class_list":{"0":"post-478773","1":"product","2":"type-product","3":"status-publish","4":"has-post-thumbnail","6":"product_brand-crazy-de","7":"product_cat-kleidung","8":"product_cat-freizeitkleidung","9":"product_cat-herrenbekleidung","10":"sws-gruppo-abb-libero-fr","11":"sws-conto-ricavi-merci-rivendita-abbigliamento-fr","12":"sws-gruppo-iva-iva81-fr","14":"first","15":"instock","16":"sale","17":"shipping-taxable","18":"purchasable","19":"product-type-variable","20":"has-default-attributes"},"_links":{"self":[{"href":"https:\/\/lucacastelli.com\/fr\/wp-json\/wp\/v2\/product\/478773","targetHints":{"allow":["GET"]}}],"collection":[{"href":"https:\/\/lucacastelli.com\/fr\/wp-json\/wp\/v2\/product"}],"about":[{"href":"https:\/\/lucacastelli.com\/fr\/wp-json\/wp\/v2\/types\/product"}],"wp:featuredmedia":[{"embeddable":true,"href":"https:\/\/lucacastelli.com\/fr\/wp-json\/wp\/v2\/media\/632298"}],"wp:attachment":[{"href":"https:\/\/lucacastelli.com\/fr\/wp-json\/wp\/v2\/media?parent=478773"}],"wp:term":[{"taxonomy":"product_brand","embeddable":true,"href":"https:\/\/lucacastelli.com\/fr\/wp-json\/wp\/v2\/product_brand?post=478773"},{"taxonomy":"product_cat","embeddable":true,"href":"https:\/\/lucacastelli.com\/fr\/wp-json\/wp\/v2\/product_cat?post=478773"},{"taxonomy":"product_tag","embeddable":true,"href":"https:\/\/lucacastelli.com\/fr\/wp-json\/wp\/v2\/product_tag?post=478773"}],"curies":[{"name":"wp","href":"https:\/\/api.w.org\/{rel}","templated":true}]}}