{"id":478763,"date":"2025-04-07T16:53:00","date_gmt":"2025-04-07T14:53:00","guid":{"rendered":"https:\/\/lucacastelli.com\/prodotto\/crazy-tirer-electra\/"},"modified":"2026-04-15T00:01:44","modified_gmt":"2026-04-14T22:01:44","slug":"crazy-tirer-electra","status":"publish","type":"product","link":"https:\/\/lucacastelli.com\/fr\/produit\/crazy-tirer-electra\/","title":{"rendered":"CRAZY TIRER ELECTRA"},"content":{"rendered":"<p>L\u2019Electra Pull est notre couche interm\u00e9diaire technique pour la montagne, avec un design \u00e0 demi-fermeture \u00e9clair qui est tr\u00e8s appr\u00e9ci\u00e9 pour son m\u00e9lange de performances techniques et de looks \u00e0 la mode ! Le tissu utilis\u00e9 est un mat\u00e9riau haute<br \/>\nperformance \u00e9prouv\u00e9 avec des cellules en nid d\u2019abeille qui am\u00e9liorent la respirabilit\u00e9. Dans ce v\u00eatement, le tissu est dans sa version 3D, avec une structure tridimensionnelle qui favorise la circulation de l\u2019air. La fermeture \u00e9clair diagonale assure un confort maximal autour du cou, \u00e9vitant les frottements.<br \/>\nAvec une coupe athl\u00e9tique et f\u00e9minine, il est parfait \u00e0 porter comme deuxi\u00e8me couche ou comme couche ext\u00e9rieure lors des journ\u00e9es plus chaudes.<br \/>\nEn plus de son design \u00e9pur\u00e9, il est \u00e9galement tr\u00e8s pratique, avec deux poches lat\u00e9rales utiles pour ranger de petits objets.   <\/p>\n<p>\u2022 Demi-fermeture \u00e9clair frontale avec design<br \/>\n anti-frottement, positionn\u00e9e sur le c\u00f4t\u00e9 droit du cou<br \/>\n\u2022 Poches pour les mains sans<br \/>\n fermeture \u00e9clair\u2022 Poche int\u00e9rieure pour \u00e9metteur-r\u00e9cepteur d\u2019avalanche avec Easy Lock<br \/>\n\u2022 Coutures plates de couleur contrast\u00e9e<br \/>\n\u2022 Logos r\u00e9fl\u00e9chissants<\/p>\n<p>POIDS&nbsp;: 261 gr<\/p>\n","protected":false},"excerpt":{"rendered":"<p>L\u2019Electra Pull est notre couche interm\u00e9diaire technique pour la montagne, avec un design \u00e0 demi-fermeture \u00e9clair qui est tr\u00e8s appr\u00e9ci\u00e9<\/p>\n","protected":false},"featured_media":404333,"template":"","meta":{"_seopress_robots_primary_cat":"","_seopress_titles_title":"","_seopress_titles_desc":"","_seopress_robots_index":""},"product_brand":[3614],"product_cat":[82,974,1388],"product_tag":[],"class_list":{"0":"post-478763","1":"product","2":"type-product","3":"status-publish","4":"has-post-thumbnail","6":"product_brand-crazy-de","7":"product_cat-kleidung","8":"product_cat-freizeitkleidung","9":"product_cat-damenbekleidung","10":"sws-gruppo-abb-libero-fr","11":"sws-conto-ricavi-merci-rivendita-abbigliamento-fr","12":"sws-gruppo-iva-iva81-fr","14":"first","15":"instock","16":"sale","17":"shipping-taxable","18":"purchasable","19":"product-type-variable"},"_links":{"self":[{"href":"https:\/\/lucacastelli.com\/fr\/wp-json\/wp\/v2\/product\/478763","targetHints":{"allow":["GET"]}}],"collection":[{"href":"https:\/\/lucacastelli.com\/fr\/wp-json\/wp\/v2\/product"}],"about":[{"href":"https:\/\/lucacastelli.com\/fr\/wp-json\/wp\/v2\/types\/product"}],"wp:featuredmedia":[{"embeddable":true,"href":"https:\/\/lucacastelli.com\/fr\/wp-json\/wp\/v2\/media\/404333"}],"wp:attachment":[{"href":"https:\/\/lucacastelli.com\/fr\/wp-json\/wp\/v2\/media?parent=478763"}],"wp:term":[{"taxonomy":"product_brand","embeddable":true,"href":"https:\/\/lucacastelli.com\/fr\/wp-json\/wp\/v2\/product_brand?post=478763"},{"taxonomy":"product_cat","embeddable":true,"href":"https:\/\/lucacastelli.com\/fr\/wp-json\/wp\/v2\/product_cat?post=478763"},{"taxonomy":"product_tag","embeddable":true,"href":"https:\/\/lucacastelli.com\/fr\/wp-json\/wp\/v2\/product_tag?post=478763"}],"curies":[{"name":"wp","href":"https:\/\/api.w.org\/{rel}","templated":true}]}}