{"id":478759,"date":"2025-04-07T16:53:00","date_gmt":"2025-04-07T14:53:00","guid":{"rendered":"https:\/\/lucacastelli.com\/prodotto\/crazy-pull-ionic-8\/"},"modified":"2026-04-15T00:01:44","modified_gmt":"2026-04-14T22:01:44","slug":"crazy-pull-ionic-8","status":"publish","type":"product","link":"https:\/\/lucacastelli.com\/fr\/produit\/crazy-pull-ionic-8\/","title":{"rendered":"CRAZY PULL IONIC"},"content":{"rendered":"<p>L\u2019article le plus populaire de la s\u00e9rie Crazy&nbsp;! Il appartient \u00e0 la famille Ionic, une repr\u00e9sentation parfaite de l\u2019\u00e9volution du style montagnard avec son design moderne et \u00e9l\u00e9gant !<br \/>\nIl s\u2019agit d\u2019une couche interm\u00e9diaire d\u00e9di\u00e9e au ski de randonn\u00e9e et aux sports d\u2019intensit\u00e9 moyenne. Il peut \u00eatre utilis\u00e9 comme couche interm\u00e9diaire lors des journ\u00e9es particuli\u00e8rement froides ou comme couche ext\u00e9rieure pendant les saisons de transition.<br \/>\nFabriqu\u00e9 en tissu haute performance, il est extr\u00eamement doux et performant. Ce v\u00eatement utilise la version 3D du tissu, caract\u00e9ris\u00e9e par une structure cellulaire tridimensionnelle qui am\u00e9liore la respirabilit\u00e9.  <\/p>\n<p>\u2022 Capuche et ourlet avec bordure \u00e9lastique.<br \/>\n\u2022 Fermeture \u00e9clair frontale sur toute la longueur<br \/>\n\u2022 Poches pour les mains avec fermeture \u00e0 glissi\u00e8re<br \/>\n\u2022 Logos r\u00e9fl\u00e9chissants<br \/>\n\u2022 Coutures plates de couleur<br \/>\n contrastante\u2022 Passants pour les pouces<br \/>\n\u2022 Poche radio \u00e0 double sens avec syst\u00e8me EASY LOCK<br \/>\n\u2022 Mod\u00e8les 30BK, 63BK, 124BK et 137BL avec<br \/>\npanneau avant effet laine<\/p>\n<p>POIDS : 278 g<\/p>\n","protected":false},"excerpt":{"rendered":"<p>L\u2019article le plus populaire de la s\u00e9rie Crazy&nbsp;! Il appartient \u00e0 la famille Ionic, une repr\u00e9sentation parfaite de l\u2019\u00e9volution du<\/p>\n","protected":false},"featured_media":403772,"template":"","meta":{"_seopress_robots_primary_cat":"","_seopress_titles_title":"","_seopress_titles_desc":"","_seopress_robots_index":""},"product_brand":[3614],"product_cat":[82,974,1388],"product_tag":[],"class_list":{"0":"post-478759","1":"product","2":"type-product","3":"status-publish","4":"has-post-thumbnail","6":"product_brand-crazy-de","7":"product_cat-kleidung","8":"product_cat-freizeitkleidung","9":"product_cat-damenbekleidung","10":"sws-gruppo-abb-libero-fr","11":"sws-conto-ricavi-merci-rivendita-abbigliamento-fr","12":"sws-gruppo-iva-iva81-fr","14":"first","15":"instock","16":"sale","17":"shipping-taxable","18":"purchasable","19":"product-type-variable"},"_links":{"self":[{"href":"https:\/\/lucacastelli.com\/fr\/wp-json\/wp\/v2\/product\/478759","targetHints":{"allow":["GET"]}}],"collection":[{"href":"https:\/\/lucacastelli.com\/fr\/wp-json\/wp\/v2\/product"}],"about":[{"href":"https:\/\/lucacastelli.com\/fr\/wp-json\/wp\/v2\/types\/product"}],"wp:featuredmedia":[{"embeddable":true,"href":"https:\/\/lucacastelli.com\/fr\/wp-json\/wp\/v2\/media\/403772"}],"wp:attachment":[{"href":"https:\/\/lucacastelli.com\/fr\/wp-json\/wp\/v2\/media?parent=478759"}],"wp:term":[{"taxonomy":"product_brand","embeddable":true,"href":"https:\/\/lucacastelli.com\/fr\/wp-json\/wp\/v2\/product_brand?post=478759"},{"taxonomy":"product_cat","embeddable":true,"href":"https:\/\/lucacastelli.com\/fr\/wp-json\/wp\/v2\/product_cat?post=478759"},{"taxonomy":"product_tag","embeddable":true,"href":"https:\/\/lucacastelli.com\/fr\/wp-json\/wp\/v2\/product_tag?post=478759"}],"curies":[{"name":"wp","href":"https:\/\/api.w.org\/{rel}","templated":true}]}}