{"id":478723,"date":"2025-04-07T16:53:00","date_gmt":"2025-04-07T14:53:00","guid":{"rendered":"https:\/\/lucacastelli.com\/prodotto\/crazy-pull-ionic-3\/"},"modified":"2026-04-15T00:01:48","modified_gmt":"2026-04-14T22:01:48","slug":"crazy-pull-ionic-3","status":"publish","type":"product","link":"https:\/\/lucacastelli.com\/fr\/produit\/crazy-pull-ionic-3\/","title":{"rendered":"CRAZY PULL IONIC"},"content":{"rendered":"<p>Le v\u00eatement le plus populaire de la collection Crazy ! Il appartient \u00e0 la famille Ionic, une repr\u00e9sentation parfaite de l&#8217;\u00e9volution du style montagnard avec son design moderne et \u00e9l\u00e9gant !<br \/>\nC&#8217;est une couche interm\u00e9diaire d\u00e9di\u00e9e au ski-alpinisme et aux sports de moyenne intensit\u00e9. Elle peut \u00eatre utilis\u00e9e comme couche interm\u00e9diaire lors des journ\u00e9es particuli\u00e8rement froides ou comme couche ext\u00e9rieure pendant les saisons de transition.<br \/>\nR\u00e9alis\u00e9 en tissu High Performance, il est extr\u00eamement doux et performant. Ce v\u00eatement utilise la version 3D du tissu, caract\u00e9ris\u00e9e par une structure cellulaire tridimensionnelle qui am\u00e9liore la respirabilit\u00e9.  <\/p>\n<p>\u2022 Capuche et bas avec bord \u00e9lastique.<br \/>\n\u2022 Zip frontale sur toute la longueur<br \/>\n\u2022 Poches pour les mains avec fermeture \u00e0 zip<br \/>\n\u2022 Logos r\u00e9fl\u00e9chissants<br \/>\n\u2022 Coutures plates \u00e0 contraste de couleur<br \/>\n\u2022 Passants pour les pouces<br \/>\n\u2022 Poche pour \u00e9metteur-r\u00e9cepteur avec syst\u00e8me EASY LOCK<br \/>\n\u2022 Mod\u00e8les 30BK, 63BK, 124BK et 137BL avec<br \/>\npanneau frontal effet laine<\/p>\n<p>POIDS : 278 g<\/p>\n","protected":false},"excerpt":{"rendered":"<p>Le v\u00eatement le plus populaire de la collection Crazy ! Il appartient \u00e0 la famille Ionic, une repr\u00e9sentation parfaite de<\/p>\n","protected":false},"featured_media":403752,"template":"","meta":{"_seopress_robots_primary_cat":"none","_seopress_titles_title":"","_seopress_titles_desc":"","_seopress_robots_index":""},"product_brand":[3413],"product_cat":[21,189,200],"product_tag":[],"class_list":{"0":"post-478723","1":"product","2":"type-product","3":"status-publish","4":"has-post-thumbnail","6":"product_brand-crazy","7":"product_cat-abbigliamento","8":"product_cat-abbigliamento-per-il-tempo-libero","9":"product_cat-abbigliamento-da-donna","10":"sws-gruppo-abb-libero-fr","11":"sws-conto-ricavi-merci-rivendita-abbigliamento-fr","12":"sws-gruppo-iva-iva81-fr","14":"first","15":"instock","16":"sale","17":"shipping-taxable","18":"purchasable","19":"product-type-variable"},"_links":{"self":[{"href":"https:\/\/lucacastelli.com\/fr\/wp-json\/wp\/v2\/product\/478723","targetHints":{"allow":["GET"]}}],"collection":[{"href":"https:\/\/lucacastelli.com\/fr\/wp-json\/wp\/v2\/product"}],"about":[{"href":"https:\/\/lucacastelli.com\/fr\/wp-json\/wp\/v2\/types\/product"}],"wp:featuredmedia":[{"embeddable":true,"href":"https:\/\/lucacastelli.com\/fr\/wp-json\/wp\/v2\/media\/403752"}],"wp:attachment":[{"href":"https:\/\/lucacastelli.com\/fr\/wp-json\/wp\/v2\/media?parent=478723"}],"wp:term":[{"taxonomy":"product_brand","embeddable":true,"href":"https:\/\/lucacastelli.com\/fr\/wp-json\/wp\/v2\/product_brand?post=478723"},{"taxonomy":"product_cat","embeddable":true,"href":"https:\/\/lucacastelli.com\/fr\/wp-json\/wp\/v2\/product_cat?post=478723"},{"taxonomy":"product_tag","embeddable":true,"href":"https:\/\/lucacastelli.com\/fr\/wp-json\/wp\/v2\/product_tag?post=478723"}],"curies":[{"name":"wp","href":"https:\/\/api.w.org\/{rel}","templated":true}]}}