{"id":478694,"date":"2025-04-07T16:53:00","date_gmt":"2025-04-07T14:53:00","guid":{"rendered":"https:\/\/lucacastelli.com\/prodotto\/crazy-tirez-inspirer\/"},"modified":"2026-04-15T00:01:47","modified_gmt":"2026-04-14T22:01:47","slug":"crazy-tirez-inspirer","status":"publish","type":"product","link":"https:\/\/lucacastelli.com\/fr\/produit\/crazy-tirez-inspirer\/","title":{"rendered":"CRAZY TIREZ INSPIRER"},"content":{"rendered":"<p>Couche interm\u00e9diaire tr\u00e8s technique, avec un look \u00e9l\u00e9gant !<br \/>\nLa coupe f\u00e9minine s&#8217;adapte confortablement aux formes du corps.<br \/>\nCon\u00e7ue pour les journ\u00e9es les plus froides en montagne, notre couche interm\u00e9diaire \u00e0 capuche Inspire combine le mat\u00e9riau doux, semblable \u00e0 de la fourrure &#8220;Fluffy Warm&#8221; avec des panneaux lat\u00e9raux en tissu technique et respirant Vuelta fleece.<br \/>\nLe v\u00eatement id\u00e9al pour l&#8217;alpinisme et chaque fois que vous avez besoin de beaucoup de chaleur dans un volume r\u00e9duit.<\/p>\n<p>&#8211; Fermeture \u00e9clair frontale sur toute la longueur<br \/>\n&#8211; Capuche ergonomique avec ouverture pour queue de cheval<br \/>\n&#8211; Poches pour les mains d\u00e9coup\u00e9es au laser avec zip coll\u00e9<br \/>\n&#8211; Poignet avec trou pour le pouce<br \/>\n&#8211; Poche DVA avec Easy Lock<br \/>\n&#8211; Logos r\u00e9fl\u00e9chissants<br \/>\n&#8211; Coutures plates de couleur contrast\u00e9e<\/p>\n<p>POIDS&nbsp;: 345 gr<\/p>\n<p>&nbsp;<\/p>\n","protected":false},"excerpt":{"rendered":"<p>Couche interm\u00e9diaire tr\u00e8s technique, avec un look \u00e9l\u00e9gant ! La coupe f\u00e9minine s&#8217;adapte confortablement aux formes du corps. Con\u00e7ue pour<\/p>\n","protected":false},"featured_media":403725,"template":"","meta":{"_seopress_robots_primary_cat":"none","_seopress_titles_title":"","_seopress_titles_desc":"","_seopress_robots_index":""},"product_brand":[3616],"product_cat":[81,981,1387],"product_tag":[],"class_list":{"0":"post-478694","1":"product","2":"type-product","3":"status-publish","4":"has-post-thumbnail","6":"product_brand-crazy-fr","7":"product_cat-vetements","8":"product_cat-vetements-de-loisirs","9":"product_cat-vetements-pour-femmes","10":"sws-gruppo-abb-libero-fr","11":"sws-conto-ricavi-merci-rivendita-abbigliamento-fr","12":"sws-gruppo-iva-iva81-fr","14":"first","15":"instock","16":"sale","17":"shipping-taxable","18":"purchasable","19":"product-type-variable"},"_links":{"self":[{"href":"https:\/\/lucacastelli.com\/fr\/wp-json\/wp\/v2\/product\/478694","targetHints":{"allow":["GET"]}}],"collection":[{"href":"https:\/\/lucacastelli.com\/fr\/wp-json\/wp\/v2\/product"}],"about":[{"href":"https:\/\/lucacastelli.com\/fr\/wp-json\/wp\/v2\/types\/product"}],"wp:featuredmedia":[{"embeddable":true,"href":"https:\/\/lucacastelli.com\/fr\/wp-json\/wp\/v2\/media\/403725"}],"wp:attachment":[{"href":"https:\/\/lucacastelli.com\/fr\/wp-json\/wp\/v2\/media?parent=478694"}],"wp:term":[{"taxonomy":"product_brand","embeddable":true,"href":"https:\/\/lucacastelli.com\/fr\/wp-json\/wp\/v2\/product_brand?post=478694"},{"taxonomy":"product_cat","embeddable":true,"href":"https:\/\/lucacastelli.com\/fr\/wp-json\/wp\/v2\/product_cat?post=478694"},{"taxonomy":"product_tag","embeddable":true,"href":"https:\/\/lucacastelli.com\/fr\/wp-json\/wp\/v2\/product_tag?post=478694"}],"curies":[{"name":"wp","href":"https:\/\/api.w.org\/{rel}","templated":true}]}}