{"id":478686,"date":"2025-04-07T17:06:00","date_gmt":"2025-04-07T17:06:00","guid":{"rendered":"https:\/\/lucacastelli.com\/prodotto\/crazy-tirez-de-loxygene\/"},"modified":"2026-04-16T01:04:32","modified_gmt":"2026-04-15T23:04:32","slug":"crazy-tirez-de-loxygene","status":"publish","type":"product","link":"https:\/\/lucacastelli.com\/fr\/produit\/crazy-tirez-de-loxygene\/","title":{"rendered":"CRAZY PULL OXYGEN"},"content":{"rendered":"<p>Le Pull Oxygen fait partie de la famille de produits du m\u00eame nom, qui repr\u00e9sente l&#8217;essence de la rapidit\u00e9 et de la l\u00e9g\u00e8ret\u00e9, une ligne athl\u00e9tique issue du monde de la course.<br \/>\nCette couche interm\u00e9diaire est r\u00e9alis\u00e9e en polaire italienne douce et respirante, Vuelta.<br \/>\nLe design est f\u00e9minin, athl\u00e9tique et tr\u00e8s \u00e9l\u00e9gant, encore plus cette ann\u00e9e gr\u00e2ce aux nouvelles couleurs et aux nouvelles impressions dans le v\u00e9ritable style CRAZY !<\/p>\n<p>\u2022 Zip int\u00e9grale frontale<br \/>\n\u2022 Poche poitrine d\u00e9coup\u00e9e au laser avec zip coll\u00e9e<br \/>\n\u2022 Poche pour \u00e9metteur-r\u00e9cepteur avec syst\u00e8me EASY LOCK<br \/>\n\u2022 Tissu avec traitement au graph\u00e8ne \u00e0 l&#8217;int\u00e9rieur<br \/>\n\u2022 Coutures plates en couleur contrast\u00e9e<br \/>\n\u2022 Passants pour les pouces<br \/>\n\u2022 Logos r\u00e9fl\u00e9chissants<\/p>\n<p>POIDS : 295 g<\/p>\n","protected":false},"excerpt":{"rendered":"<p>Le Pull Oxygen fait partie de la famille de produits du m\u00eame nom, qui repr\u00e9sente l&#8217;essence de la rapidit\u00e9 et<\/p>\n","protected":false},"featured_media":403731,"template":"","meta":{"_seopress_robots_primary_cat":"none","_seopress_titles_title":"","_seopress_titles_desc":"","_seopress_robots_index":""},"product_brand":[3616],"product_cat":[81,981,1387],"product_tag":[],"class_list":{"0":"post-478686","1":"product","2":"type-product","3":"status-publish","4":"has-post-thumbnail","6":"product_brand-crazy-fr","7":"product_cat-vetements","8":"product_cat-vetements-de-loisirs","9":"product_cat-vetements-pour-femmes","10":"sws-gruppo-abb-libero-fr","11":"sws-conto-ricavi-merci-rivendita-abbigliamento-fr","12":"sws-gruppo-iva-iva81-fr","14":"first","15":"instock","16":"sale","17":"shipping-taxable","18":"purchasable","19":"product-type-variable"},"_links":{"self":[{"href":"https:\/\/lucacastelli.com\/fr\/wp-json\/wp\/v2\/product\/478686","targetHints":{"allow":["GET"]}}],"collection":[{"href":"https:\/\/lucacastelli.com\/fr\/wp-json\/wp\/v2\/product"}],"about":[{"href":"https:\/\/lucacastelli.com\/fr\/wp-json\/wp\/v2\/types\/product"}],"wp:featuredmedia":[{"embeddable":true,"href":"https:\/\/lucacastelli.com\/fr\/wp-json\/wp\/v2\/media\/403731"}],"wp:attachment":[{"href":"https:\/\/lucacastelli.com\/fr\/wp-json\/wp\/v2\/media?parent=478686"}],"wp:term":[{"taxonomy":"product_brand","embeddable":true,"href":"https:\/\/lucacastelli.com\/fr\/wp-json\/wp\/v2\/product_brand?post=478686"},{"taxonomy":"product_cat","embeddable":true,"href":"https:\/\/lucacastelli.com\/fr\/wp-json\/wp\/v2\/product_cat?post=478686"},{"taxonomy":"product_tag","embeddable":true,"href":"https:\/\/lucacastelli.com\/fr\/wp-json\/wp\/v2\/product_tag?post=478686"}],"curies":[{"name":"wp","href":"https:\/\/api.w.org\/{rel}","templated":true}]}}