{"id":478666,"date":"2025-04-07T16:53:00","date_gmt":"2025-04-07T14:53:00","guid":{"rendered":"https:\/\/lucacastelli.com\/prodotto\/crazy-pull-allure\/"},"modified":"2026-04-15T00:01:46","modified_gmt":"2026-04-14T22:01:46","slug":"crazy-pull-allure","status":"publish","type":"product","link":"https:\/\/lucacastelli.com\/fr\/produit\/crazy-pull-allure\/","title":{"rendered":"CRAZY PULL ALLURE"},"content":{"rendered":"<p>Pull col rond avec coupe confortable.<br \/>\nFabriqu\u00e9 \u00e0 partir d\u2019un m\u00e9lange de deux fibres diff\u00e9rentes : laine et polypropyl\u00e8ne.<br \/>\nCe m\u00e9lange associe les propri\u00e9t\u00e9s isolantes et anti-odeurs de la laine \u00e0 la souplesse typique du polypropyl\u00e8ne.<br \/>\nLes coutures plates contrast\u00e9es et anti-frottement garantissent un confort maximal et ajoutent du style !<\/p>\n<p>\u2022 Coutures plates anti-frottement contrast\u00e9es<br \/>\n\u2022 M\u00e9lange laine et polypropyl\u00e8ne<br \/>\n\u2022 Logos r\u00e9fl\u00e9chissants<\/p>\n<p>POIDS : 163 gr<\/p>\n","protected":false},"excerpt":{"rendered":"<p>Pull col rond avec coupe confortable. Fabriqu\u00e9 \u00e0 partir d\u2019un m\u00e9lange de deux fibres diff\u00e9rentes : laine et polypropyl\u00e8ne. Ce<\/p>\n","protected":false},"featured_media":403705,"template":"","meta":{"_seopress_robots_primary_cat":"none","_seopress_titles_title":"","_seopress_titles_desc":"","_seopress_robots_index":""},"product_brand":[3413],"product_cat":[21,189,200],"product_tag":[],"class_list":{"0":"post-478666","1":"product","2":"type-product","3":"status-publish","4":"has-post-thumbnail","6":"product_brand-crazy","7":"product_cat-abbigliamento","8":"product_cat-abbigliamento-per-il-tempo-libero","9":"product_cat-abbigliamento-da-donna","10":"sws-gruppo-abb-libero-fr","11":"sws-conto-ricavi-merci-rivendita-abbigliamento-fr","12":"sws-gruppo-iva-iva81-fr","14":"first","15":"instock","16":"sale","17":"shipping-taxable","18":"purchasable","19":"product-type-variable"},"_links":{"self":[{"href":"https:\/\/lucacastelli.com\/fr\/wp-json\/wp\/v2\/product\/478666","targetHints":{"allow":["GET"]}}],"collection":[{"href":"https:\/\/lucacastelli.com\/fr\/wp-json\/wp\/v2\/product"}],"about":[{"href":"https:\/\/lucacastelli.com\/fr\/wp-json\/wp\/v2\/types\/product"}],"wp:featuredmedia":[{"embeddable":true,"href":"https:\/\/lucacastelli.com\/fr\/wp-json\/wp\/v2\/media\/403705"}],"wp:attachment":[{"href":"https:\/\/lucacastelli.com\/fr\/wp-json\/wp\/v2\/media?parent=478666"}],"wp:term":[{"taxonomy":"product_brand","embeddable":true,"href":"https:\/\/lucacastelli.com\/fr\/wp-json\/wp\/v2\/product_brand?post=478666"},{"taxonomy":"product_cat","embeddable":true,"href":"https:\/\/lucacastelli.com\/fr\/wp-json\/wp\/v2\/product_cat?post=478666"},{"taxonomy":"product_tag","embeddable":true,"href":"https:\/\/lucacastelli.com\/fr\/wp-json\/wp\/v2\/product_tag?post=478666"}],"curies":[{"name":"wp","href":"https:\/\/api.w.org\/{rel}","templated":true}]}}