{"id":478656,"date":"2025-04-07T16:53:00","date_gmt":"2025-04-07T14:53:00","guid":{"rendered":"https:\/\/lucacastelli.com\/prodotto\/crazy-bande-coupe-pointue-pop\/"},"modified":"2025-12-10T14:58:51","modified_gmt":"2025-12-10T13:58:51","slug":"crazy-bande-coupe-pointue-pop","status":"publish","type":"product","link":"https:\/\/lucacastelli.com\/fr\/produit\/crazy-bande-coupe-pointue-pop\/","title":{"rendered":"CRAZY BANDE COUPE POINTUE &#8211; POP"},"content":{"rendered":"<p>Sangle coupe brute pour la course \u00e0 pied.<br \/>\nFabriqu\u00e9 en microfibre l\u00e9g\u00e8re avec impression graph\u00e8ne. Nous utilisons tous les d\u00e9chets des tissus de production pour la production d\u2019accessoires, \u00e9vitant ainsi le gaspillage inutile de mat\u00e9riel. C\u2019est l\u2019une de nos petites aides contre le gaspillage inutile.  <\/p>\n<p>\u2022 Microfibre \u00e0 s\u00e9chage<br \/>\n rapide\u2022 Inserts r\u00e9fl\u00e9chissants<br \/>\n\u2022 Coupe brute<br \/>\n\u2022 Enti\u00e8rement imprim\u00e9<\/p>\n<p>&nbsp;<\/p>\n<p>Poids : 9 gr.<\/p>\n","protected":false},"excerpt":{"rendered":"<p>Sangle coupe brute pour la course \u00e0 pied. Fabriqu\u00e9 en microfibre l\u00e9g\u00e8re avec impression graph\u00e8ne. Nous utilisons tous les d\u00e9chets<\/p>\n","protected":false},"featured_media":403676,"template":"","meta":{"_seopress_robots_primary_cat":"","_seopress_titles_title":"","_seopress_titles_desc":"","_seopress_robots_index":""},"product_brand":[3413],"product_cat":[21,186],"product_tag":[],"class_list":{"0":"post-478656","1":"product","2":"type-product","3":"status-publish","4":"has-post-thumbnail","6":"product_brand-crazy","7":"product_cat-abbigliamento","8":"product_cat-accessori-per-labbigliamento","9":"sws-gruppo-abb-libero","10":"sws-conto-ricavi-merci-rivendita-abbigliamento","11":"sws-gruppo-iva-iva81","13":"first","14":"instock","15":"sale","16":"shipping-taxable","17":"purchasable","18":"product-type-simple"},"_links":{"self":[{"href":"https:\/\/lucacastelli.com\/fr\/wp-json\/wp\/v2\/product\/478656","targetHints":{"allow":["GET"]}}],"collection":[{"href":"https:\/\/lucacastelli.com\/fr\/wp-json\/wp\/v2\/product"}],"about":[{"href":"https:\/\/lucacastelli.com\/fr\/wp-json\/wp\/v2\/types\/product"}],"wp:featuredmedia":[{"embeddable":true,"href":"https:\/\/lucacastelli.com\/fr\/wp-json\/wp\/v2\/media\/403676"}],"wp:attachment":[{"href":"https:\/\/lucacastelli.com\/fr\/wp-json\/wp\/v2\/media?parent=478656"}],"wp:term":[{"taxonomy":"product_brand","embeddable":true,"href":"https:\/\/lucacastelli.com\/fr\/wp-json\/wp\/v2\/product_brand?post=478656"},{"taxonomy":"product_cat","embeddable":true,"href":"https:\/\/lucacastelli.com\/fr\/wp-json\/wp\/v2\/product_cat?post=478656"},{"taxonomy":"product_tag","embeddable":true,"href":"https:\/\/lucacastelli.com\/fr\/wp-json\/wp\/v2\/product_tag?post=478656"}],"curies":[{"name":"wp","href":"https:\/\/api.w.org\/{rel}","templated":true}]}}