{"id":478372,"date":"2024-11-14T09:32:44","date_gmt":"2024-11-14T08:32:44","guid":{"rendered":"https:\/\/lucacastelli.com\/prodotto\/la-sportiva-fade-trucker\/"},"modified":"2024-11-14T09:32:44","modified_gmt":"2024-11-14T08:32:44","slug":"la-sportiva-fade-trucker","status":"publish","type":"product","link":"https:\/\/lucacastelli.com\/fr\/produit\/la-sportiva-fade-trucker\/","title":{"rendered":"La Sportiva Fade Trucker"},"content":{"rendered":"<p>Casquette de camionneur avec imprim\u00e9 ray\u00e9 d\u00e9lav\u00e9.<\/p>\n<p>Informations techniques<br \/>\nMat\u00e9riaux&nbsp;:<br \/>\nTissu principal&nbsp;: 100&nbsp;% PES Dos&nbsp;: 100&nbsp;% PES<br \/>\nTailles&nbsp;:<br \/>\nS\/M &#8211; L\/XL<\/p>\n","protected":false},"excerpt":{"rendered":"<p>Casquette de camionneur avec imprim\u00e9 ray\u00e9 d\u00e9lav\u00e9. Informations techniques Mat\u00e9riaux&nbsp;: Tissu principal&nbsp;: 100&nbsp;% PES Dos&nbsp;: 100&nbsp;% PES Tailles&nbsp;: S\/M &#8211;<\/p>\n","protected":false},"featured_media":97220,"template":"","meta":{"_seopress_robots_primary_cat":"","_seopress_titles_title":"","_seopress_titles_desc":"","_seopress_robots_index":""},"product_brand":[3648],"product_cat":[1390,81],"product_tag":[],"class_list":{"0":"post-478372","1":"product","2":"type-product","3":"status-publish","4":"has-post-thumbnail","6":"product_brand-la-sportiva-fr","7":"product_cat-accessoires-dhabillement","8":"product_cat-vetements","10":"first","11":"instock","12":"shipping-taxable","13":"purchasable","14":"product-type-variable"},"_links":{"self":[{"href":"https:\/\/lucacastelli.com\/fr\/wp-json\/wp\/v2\/product\/478372","targetHints":{"allow":["GET"]}}],"collection":[{"href":"https:\/\/lucacastelli.com\/fr\/wp-json\/wp\/v2\/product"}],"about":[{"href":"https:\/\/lucacastelli.com\/fr\/wp-json\/wp\/v2\/types\/product"}],"wp:featuredmedia":[{"embeddable":true,"href":"https:\/\/lucacastelli.com\/fr\/wp-json\/wp\/v2\/media\/97220"}],"wp:attachment":[{"href":"https:\/\/lucacastelli.com\/fr\/wp-json\/wp\/v2\/media?parent=478372"}],"wp:term":[{"taxonomy":"product_brand","embeddable":true,"href":"https:\/\/lucacastelli.com\/fr\/wp-json\/wp\/v2\/product_brand?post=478372"},{"taxonomy":"product_cat","embeddable":true,"href":"https:\/\/lucacastelli.com\/fr\/wp-json\/wp\/v2\/product_cat?post=478372"},{"taxonomy":"product_tag","embeddable":true,"href":"https:\/\/lucacastelli.com\/fr\/wp-json\/wp\/v2\/product_tag?post=478372"}],"curies":[{"name":"wp","href":"https:\/\/api.w.org\/{rel}","templated":true}]}}