{"id":478365,"date":"2024-11-12T16:01:43","date_gmt":"2024-11-12T15:01:43","guid":{"rendered":"https:\/\/lucacastelli.com\/prodotto\/la-sportiva-chaser-evo-shell-jkt-w\/"},"modified":"2024-11-12T16:01:43","modified_gmt":"2024-11-12T15:01:43","slug":"la-sportiva-chaser-evo-shell-jkt-w","status":"publish","type":"product","link":"https:\/\/lucacastelli.com\/fr\/produit\/la-sportiva-chaser-evo-shell-jkt-w\/","title":{"rendered":"LA SPORTIVA Chaser Evo Shell Jkt W"},"content":{"rendered":"<p>Coque \u00e0 trois couches en mat\u00e9riau EvoShell\u2122 recycl\u00e9 et recyclable, robuste, confortable et adapt\u00e9e au freetouring.<\/p>\n<p>Informations techniques<br \/>\nCoupe&nbsp;:<br \/>\nCoupe ample<br \/>\nPoids&nbsp;:<br \/>\n560<br \/>\nAutres sp\u00e9cifications&nbsp;:<br \/>\nCOLONNE D\u2019EAU&nbsp;: 45 000<br \/>\nTissu&nbsp;:<br \/>\nTissu principal&nbsp;: (HDM12) FACE&nbsp;: 100&nbsp;% Polyester Recycl\u00e9MEMBRANE&nbsp;: 100&nbsp;% Polyester Recycl\u00e9DESSOUS&nbsp;: 100&nbsp;% Polyester Recycl\u00e9<br \/>\nTailles&nbsp;:<br \/>\nXS\/XL<br \/>\nMeilleure Utilisation&nbsp;:<br \/>\nFREE TOURING<\/p>\n","protected":false},"excerpt":{"rendered":"<p>Coque \u00e0 trois couches en mat\u00e9riau EvoShell\u2122 recycl\u00e9 et recyclable, robuste, confortable et adapt\u00e9e au freetouring. Informations techniques Coupe&nbsp;: Coupe<\/p>\n","protected":false},"featured_media":99427,"template":"","meta":{"_seopress_robots_primary_cat":"","_seopress_titles_title":"","_seopress_titles_desc":"","_seopress_robots_index":""},"product_brand":[3648],"product_cat":[81,981,1387],"product_tag":[],"class_list":{"0":"post-478365","1":"product","2":"type-product","3":"status-publish","4":"has-post-thumbnail","6":"product_brand-la-sportiva-fr","7":"product_cat-vetements","8":"product_cat-vetements-de-loisirs","9":"product_cat-vetements-pour-femmes","11":"first","12":"instock","13":"shipping-taxable","14":"purchasable","15":"product-type-variable"},"_links":{"self":[{"href":"https:\/\/lucacastelli.com\/fr\/wp-json\/wp\/v2\/product\/478365","targetHints":{"allow":["GET"]}}],"collection":[{"href":"https:\/\/lucacastelli.com\/fr\/wp-json\/wp\/v2\/product"}],"about":[{"href":"https:\/\/lucacastelli.com\/fr\/wp-json\/wp\/v2\/types\/product"}],"wp:featuredmedia":[{"embeddable":true,"href":"https:\/\/lucacastelli.com\/fr\/wp-json\/wp\/v2\/media\/99427"}],"wp:attachment":[{"href":"https:\/\/lucacastelli.com\/fr\/wp-json\/wp\/v2\/media?parent=478365"}],"wp:term":[{"taxonomy":"product_brand","embeddable":true,"href":"https:\/\/lucacastelli.com\/fr\/wp-json\/wp\/v2\/product_brand?post=478365"},{"taxonomy":"product_cat","embeddable":true,"href":"https:\/\/lucacastelli.com\/fr\/wp-json\/wp\/v2\/product_cat?post=478365"},{"taxonomy":"product_tag","embeddable":true,"href":"https:\/\/lucacastelli.com\/fr\/wp-json\/wp\/v2\/product_tag?post=478365"}],"curies":[{"name":"wp","href":"https:\/\/api.w.org\/{rel}","templated":true}]}}