{"id":478353,"date":"2024-11-12T16:42:45","date_gmt":"2024-11-12T15:42:45","guid":{"rendered":"https:\/\/lucacastelli.com\/prodotto\/la-sportiva-crossridge-evo-shell-jkt-w\/"},"modified":"2024-11-12T16:42:45","modified_gmt":"2024-11-12T15:42:45","slug":"la-sportiva-crossridge-evo-shell-jkt-w","status":"publish","type":"product","link":"https:\/\/lucacastelli.com\/fr\/produit\/la-sportiva-crossridge-evo-shell-jkt-w\/","title":{"rendered":"LA SPORTIVA Crossridge Evo Shell Jkt W"},"content":{"rendered":"<p>Mat\u00e9riau de rev\u00eatement technique et angulaire, de type dreilagiges, en mat\u00e9riau EvoShell\u2122 recycl\u00e9 et r\u00e9sistant, sp\u00e9cifique pour les skitouriens.<\/p>\n<p>informations techniques<br \/>\nCoupe&nbsp;:<br \/>\nCoupe r\u00e9guli\u00e8re<br \/>\nPoids&nbsp;:<br \/>\n450<br \/>\nAutres sp\u00e9cifications&nbsp;:<br \/>\nCOLONNE D\u2019EAU&nbsp;: 45 000<br \/>\nAutres tissus&nbsp;:<br \/>\n\u00c9paules, bas des manches et inserts lat\u00e9raux inf\u00e9rieurs&nbsp;: (HDM12) FACE&nbsp;: 100&nbsp;% polyester recycl\u00e9MEMBRANE&nbsp;: 100&nbsp;% polyester recycl\u00e9DESSOUS&nbsp;: 100&nbsp;% polyester recycl\u00e9<br \/>\nTissu&nbsp;:Tissu principal&nbsp;:<br \/>\n (HDM11) FACE&nbsp;: 100&nbsp;% polyester recycl\u00e9MEMBRANES&nbsp;: 100&nbsp;% polyester recycl\u00e9Support&nbsp;: 100&nbsp;% polyester recycl\u00e9<br \/>\nTailles&nbsp;:<br \/>\nXS\/XL<br \/>\nUtilisation optimale :<br \/>\n SKI ALPINISME<\/p>\n","protected":false},"excerpt":{"rendered":"<p>Mat\u00e9riau de rev\u00eatement technique et angulaire, de type dreilagiges, en mat\u00e9riau EvoShell\u2122 recycl\u00e9 et r\u00e9sistant, sp\u00e9cifique pour les skitouriens. informations<\/p>\n","protected":false},"featured_media":99443,"template":"","meta":{"_seopress_robots_primary_cat":"","_seopress_titles_title":"","_seopress_titles_desc":"","_seopress_robots_index":""},"product_brand":[3648],"product_cat":[81,981,1387],"product_tag":[],"class_list":{"0":"post-478353","1":"product","2":"type-product","3":"status-publish","4":"has-post-thumbnail","6":"product_brand-la-sportiva-fr","7":"product_cat-vetements","8":"product_cat-vetements-de-loisirs","9":"product_cat-vetements-pour-femmes","11":"first","12":"instock","13":"shipping-taxable","14":"purchasable","15":"product-type-variable"},"_links":{"self":[{"href":"https:\/\/lucacastelli.com\/fr\/wp-json\/wp\/v2\/product\/478353","targetHints":{"allow":["GET"]}}],"collection":[{"href":"https:\/\/lucacastelli.com\/fr\/wp-json\/wp\/v2\/product"}],"about":[{"href":"https:\/\/lucacastelli.com\/fr\/wp-json\/wp\/v2\/types\/product"}],"wp:featuredmedia":[{"embeddable":true,"href":"https:\/\/lucacastelli.com\/fr\/wp-json\/wp\/v2\/media\/99443"}],"wp:attachment":[{"href":"https:\/\/lucacastelli.com\/fr\/wp-json\/wp\/v2\/media?parent=478353"}],"wp:term":[{"taxonomy":"product_brand","embeddable":true,"href":"https:\/\/lucacastelli.com\/fr\/wp-json\/wp\/v2\/product_brand?post=478353"},{"taxonomy":"product_cat","embeddable":true,"href":"https:\/\/lucacastelli.com\/fr\/wp-json\/wp\/v2\/product_cat?post=478353"},{"taxonomy":"product_tag","embeddable":true,"href":"https:\/\/lucacastelli.com\/fr\/wp-json\/wp\/v2\/product_tag?post=478353"}],"curies":[{"name":"wp","href":"https:\/\/api.w.org\/{rel}","templated":true}]}}