{"id":478308,"date":"2024-11-12T15:21:32","date_gmt":"2024-11-12T14:21:32","guid":{"rendered":"https:\/\/lucacastelli.com\/prodotto\/la-sportiva-chaser-evo-shell-salopette-w\/"},"modified":"2024-11-12T15:21:32","modified_gmt":"2024-11-12T14:21:32","slug":"la-sportiva-chaser-evo-shell-salopette-w","status":"publish","type":"product","link":"https:\/\/lucacastelli.com\/fr\/produit\/la-sportiva-chaser-evo-shell-salopette-w\/","title":{"rendered":"LA SPORTIVA Chaser Evo Shell Salopette W"},"content":{"rendered":"<p>Pantalon robuste et confortable avec bavette et bretelles int\u00e9gr\u00e9es, fabriqu\u00e9 en mat\u00e9riau EvoShell\u2122 recycl\u00e9 et recyclable, sp\u00e9cialement con\u00e7u pour le freerando.<\/p>\n<p>Informations techniques<br \/>\nCoupe&nbsp;:<br \/>\nCoupe ample<br \/>\nPoids&nbsp;:<br \/>\n580<br \/>\nAutres sp\u00e9cifications&nbsp;:<br \/>\nCOLONNE D\u2019EAU&nbsp;: 45 000<br \/>\nAutres tissus&nbsp;:<br \/>\nBavette et gu\u00eatre int\u00e9rieure sur le bas&nbsp;: (WSM13) 87&nbsp;% Polyester recycl\u00e9 13&nbsp;% \u00c9lasthanne<br \/>\nTissu&nbsp;:<br \/>\nTissu principal&nbsp;:(HDM12) FACE&nbsp;: 100&nbsp;% Polyester recycl\u00e9MEMBRANE&nbsp;: 100&nbsp;% Polyester recycl\u00e9FOND&nbsp;: 100&nbsp;% Polyester recycl\u00e9<br \/>\nTailles&nbsp;:<br \/>\nXXS\/XL<br \/>\nUtilisation optimale&nbsp;:<br \/>\nFREE TOURING<\/p>\n","protected":false},"excerpt":{"rendered":"<p>Pantalon robuste et confortable avec bavette et bretelles int\u00e9gr\u00e9es, fabriqu\u00e9 en mat\u00e9riau EvoShell\u2122 recycl\u00e9 et recyclable, sp\u00e9cialement con\u00e7u pour le<\/p>\n","protected":false},"featured_media":99411,"template":"","meta":{"_seopress_robots_primary_cat":"","_seopress_titles_title":"","_seopress_titles_desc":"","_seopress_robots_index":""},"product_brand":[3419],"product_cat":[21,189,200],"product_tag":[],"class_list":{"0":"post-478308","1":"product","2":"type-product","3":"status-publish","4":"has-post-thumbnail","6":"product_brand-la-sportiva","7":"product_cat-abbigliamento","8":"product_cat-abbigliamento-per-il-tempo-libero","9":"product_cat-abbigliamento-da-donna","11":"first","12":"instock","13":"shipping-taxable","14":"purchasable","15":"product-type-variable"},"_links":{"self":[{"href":"https:\/\/lucacastelli.com\/fr\/wp-json\/wp\/v2\/product\/478308","targetHints":{"allow":["GET"]}}],"collection":[{"href":"https:\/\/lucacastelli.com\/fr\/wp-json\/wp\/v2\/product"}],"about":[{"href":"https:\/\/lucacastelli.com\/fr\/wp-json\/wp\/v2\/types\/product"}],"wp:featuredmedia":[{"embeddable":true,"href":"https:\/\/lucacastelli.com\/fr\/wp-json\/wp\/v2\/media\/99411"}],"wp:attachment":[{"href":"https:\/\/lucacastelli.com\/fr\/wp-json\/wp\/v2\/media?parent=478308"}],"wp:term":[{"taxonomy":"product_brand","embeddable":true,"href":"https:\/\/lucacastelli.com\/fr\/wp-json\/wp\/v2\/product_brand?post=478308"},{"taxonomy":"product_cat","embeddable":true,"href":"https:\/\/lucacastelli.com\/fr\/wp-json\/wp\/v2\/product_cat?post=478308"},{"taxonomy":"product_tag","embeddable":true,"href":"https:\/\/lucacastelli.com\/fr\/wp-json\/wp\/v2\/product_tag?post=478308"}],"curies":[{"name":"wp","href":"https:\/\/api.w.org\/{rel}","templated":true}]}}