{"id":478289,"date":"2024-11-12T11:04:29","date_gmt":"2024-11-12T10:04:29","guid":{"rendered":"https:\/\/lucacastelli.com\/prodotto\/la-sportiva-bivouac-down-jkt-w\/"},"modified":"2024-11-12T11:04:29","modified_gmt":"2024-11-12T10:04:29","slug":"la-sportiva-bivouac-down-jkt-w","status":"publish","type":"product","link":"https:\/\/lucacastelli.com\/fr\/produit\/la-sportiva-bivouac-down-jkt-w\/","title":{"rendered":"LA SPORTIVA Bivouac Down Jkt W"},"content":{"rendered":"<p>La Daunenbekleidung recycl\u00e9e et humidifi\u00e9e pour les skitourens garantit une durabilit\u00e9 et une s\u00e9curit\u00e9 maximales.<\/p>\n<p>Informations techniques<br \/>\nAjustement&nbsp;:<br \/>\nCoupe r\u00e9guli\u00e8re<br \/>\nPoids&nbsp;:<br \/>\n440<br \/>\nAutres sp\u00e9cifications&nbsp;:<br \/>\nPOUVOIR DE REMPLISSAGE&nbsp;: 750 CU. DANS. NORME UE<br \/>\nAutres tissus&nbsp;:<br \/>\nManches, ailes arri\u00e8re et capuche arri\u00e8re&nbsp;: (WSL09) 86&nbsp;% Polyamide recycl\u00e9 14&nbsp;% PolyesterDoublure&nbsp;: (WSL03) 100&nbsp;% Polyamide recycl\u00e9Garnissage&nbsp;: 100&nbsp;% duvet recycl\u00e9 BLANC[90&nbsp;% duvet, 10&nbsp;% plumes] (120g)<br \/>\nTissu&nbsp;:<br \/>\nTissu principal&nbsp;: (WSL11) Pertex\u00ae Quantum 100&nbsp;% polyester recycl\u00e9<br \/>\nTailles&nbsp;:<br \/>\nXS\/XL<br \/>\nUtilisation conseill\u00e9e&nbsp;:<br \/>\nRANDONN\u00c9E L\u00c9G\u00c8RE, SKI DE RANDONN\u00c9E <\/p>\n","protected":false},"excerpt":{"rendered":"<p>La Daunenbekleidung recycl\u00e9e et humidifi\u00e9e pour les skitourens garantit une durabilit\u00e9 et une s\u00e9curit\u00e9 maximales. Informations techniques Ajustement&nbsp;: Coupe r\u00e9guli\u00e8re<\/p>\n","protected":false},"featured_media":99406,"template":"","meta":{"_seopress_robots_primary_cat":"","_seopress_titles_title":"","_seopress_titles_desc":"","_seopress_robots_index":""},"product_brand":[3648],"product_cat":[81,981,1387],"product_tag":[],"class_list":{"0":"post-478289","1":"product","2":"type-product","3":"status-publish","4":"has-post-thumbnail","6":"product_brand-la-sportiva-fr","7":"product_cat-vetements","8":"product_cat-vetements-de-loisirs","9":"product_cat-vetements-pour-femmes","11":"first","12":"instock","13":"shipping-taxable","14":"purchasable","15":"product-type-variable"},"_links":{"self":[{"href":"https:\/\/lucacastelli.com\/fr\/wp-json\/wp\/v2\/product\/478289","targetHints":{"allow":["GET"]}}],"collection":[{"href":"https:\/\/lucacastelli.com\/fr\/wp-json\/wp\/v2\/product"}],"about":[{"href":"https:\/\/lucacastelli.com\/fr\/wp-json\/wp\/v2\/types\/product"}],"wp:featuredmedia":[{"embeddable":true,"href":"https:\/\/lucacastelli.com\/fr\/wp-json\/wp\/v2\/media\/99406"}],"wp:attachment":[{"href":"https:\/\/lucacastelli.com\/fr\/wp-json\/wp\/v2\/media?parent=478289"}],"wp:term":[{"taxonomy":"product_brand","embeddable":true,"href":"https:\/\/lucacastelli.com\/fr\/wp-json\/wp\/v2\/product_brand?post=478289"},{"taxonomy":"product_cat","embeddable":true,"href":"https:\/\/lucacastelli.com\/fr\/wp-json\/wp\/v2\/product_cat?post=478289"},{"taxonomy":"product_tag","embeddable":true,"href":"https:\/\/lucacastelli.com\/fr\/wp-json\/wp\/v2\/product_tag?post=478289"}],"curies":[{"name":"wp","href":"https:\/\/api.w.org\/{rel}","templated":true}]}}