{"id":478276,"date":"2024-10-24T12:41:35","date_gmt":"2024-10-24T10:41:35","guid":{"rendered":"https:\/\/lucacastelli.com\/prodotto\/la-sportiva-bushido-iii-wide-gtx\/"},"modified":"2024-10-24T12:41:35","modified_gmt":"2024-10-24T10:41:35","slug":"la-sportiva-bushido-iii-wide-gtx","status":"publish","type":"product","link":"https:\/\/lucacastelli.com\/fr\/produit\/la-sportiva-bushido-iii-wide-gtx\/","title":{"rendered":"La Sportiva Bushido III Wide GTX"},"content":{"rendered":"<p>Bushido III Wide Gore-Tex, chaussures pour le monde de Skyrace, stables et adh\u00e9rentes, maintenant \u00e9galement avec la membrane GORE-TEX Invisible Fit pour assurer protection et flexibilit\u00e9 dans toutes les conditions. Deux options d\u2019ajustement : la forme enveloppante classique et la forme pr\u00e9cise du Bushido, ainsi qu\u2019une deuxi\u00e8me version WIDE : la m\u00eame sensation de confort mais avec un peu plus de volume.<\/p>\n<p>informations techniques<br \/>\nMat\u00e9riau ext\u00e9rieur&nbsp;:<br \/>\nMaille a\u00e9r\u00e9e respirante + renforts en TPU thermo-adh\u00e9sifs + panneaux lat\u00e9raux en nylon monofilament<br \/>\nPoids&nbsp;:<br \/>\n310 1\/2 PAIRE<br \/>\nSemelle&nbsp;:<br \/>\nFriXion\u00ae Red bi-compos\u00e9 avec cramponsImpact Brake System Mountain Running Semelle intercalaire&nbsp;:<br \/>\nSemelle EVA<br \/>\nde compression + insert Stability Control et insert Rock Guard<br \/>\nSemelle int\u00e9rieure&nbsp;:<br \/>\nOrtholite\u00ae Hybrid Mountain Running\u00aeErgonomique 4 mm<br \/>\nDoublure&nbsp;:<br \/>\nGORE-TEX Invisible Fit<\/p>\n","protected":false},"excerpt":{"rendered":"<p>Bushido III Wide Gore-Tex, chaussures pour le monde de Skyrace, stables et adh\u00e9rentes, maintenant \u00e9galement avec la membrane GORE-TEX Invisible<\/p>\n","protected":false},"featured_media":102249,"template":"","meta":{"_seopress_robots_primary_cat":"","_seopress_titles_title":"","_seopress_titles_desc":"","_seopress_robots_index":""},"product_brand":[3648],"product_cat":[173,1420,1432],"product_tag":[],"class_list":{"0":"post-478276","1":"product","2":"type-product","3":"status-publish","4":"has-post-thumbnail","6":"product_brand-la-sportiva-fr","7":"product_cat-chaussures","8":"product_cat-chaussures-de-loisirs","9":"product_cat-chaussures-pour-hommes","10":"sws-gruppo-no-gruppo-fr","11":"sws-categoria-sito-fr","12":"sws-gruppo-iva-iva81-fr","14":"first","15":"instock","16":"shipping-taxable","17":"purchasable","18":"product-type-variable"},"_links":{"self":[{"href":"https:\/\/lucacastelli.com\/fr\/wp-json\/wp\/v2\/product\/478276","targetHints":{"allow":["GET"]}}],"collection":[{"href":"https:\/\/lucacastelli.com\/fr\/wp-json\/wp\/v2\/product"}],"about":[{"href":"https:\/\/lucacastelli.com\/fr\/wp-json\/wp\/v2\/types\/product"}],"wp:featuredmedia":[{"embeddable":true,"href":"https:\/\/lucacastelli.com\/fr\/wp-json\/wp\/v2\/media\/102249"}],"wp:attachment":[{"href":"https:\/\/lucacastelli.com\/fr\/wp-json\/wp\/v2\/media?parent=478276"}],"wp:term":[{"taxonomy":"product_brand","embeddable":true,"href":"https:\/\/lucacastelli.com\/fr\/wp-json\/wp\/v2\/product_brand?post=478276"},{"taxonomy":"product_cat","embeddable":true,"href":"https:\/\/lucacastelli.com\/fr\/wp-json\/wp\/v2\/product_cat?post=478276"},{"taxonomy":"product_tag","embeddable":true,"href":"https:\/\/lucacastelli.com\/fr\/wp-json\/wp\/v2\/product_tag?post=478276"}],"curies":[{"name":"wp","href":"https:\/\/api.w.org\/{rel}","templated":true}]}}