{"id":478230,"date":"2025-09-09T04:02:35","date_gmt":"2025-09-09T02:02:35","guid":{"rendered":"https:\/\/lucacastelli.com\/prodotto\/la-sportiva-guide-alpin-softshell-jkt-w\/"},"modified":"2026-03-02T16:11:33","modified_gmt":"2026-03-02T15:11:33","slug":"la-sportiva-guide-alpin-softshell-jkt-w","status":"publish","type":"product","link":"https:\/\/lucacastelli.com\/fr\/produit\/la-sportiva-guide-alpin-softshell-jkt-w\/","title":{"rendered":"LA SPORTIVA Guide Alpin Softshell JKT W"},"content":{"rendered":"<p>Veste polyvalente pour l&#8217;usage quotidien des guides de haute montagne et des alpinistes ambitieuses. L&#8217;association de diff\u00e9rents mat\u00e9riaux techniques et de d\u00e9tails fonctionnels innovants r\u00e9pond parfaitement aux besoins des sportives passionn\u00e9es de haute montagne.<br \/>\nManches raglan avec passe-pouce<br \/>\nCoutures plates sur l&#8217;ensemble du v\u00eatement<br \/>\nTissu extensible dans les 4 sens pour une libert\u00e9 de mouvement maximale<br \/>\nTraitement antibact\u00e9rien Polygiene<br \/>\nPoche de poitrine plate<br \/>\nZip frontal YKK Flat-Vislon<br \/>\nTissu r\u00e9sistant et \u00e9lastique <\/p>\n","protected":false},"excerpt":{"rendered":"<p>Veste polyvalente pour l&#8217;usage quotidien des guides de haute montagne et des alpinistes ambitieuses. L&#8217;association de diff\u00e9rents mat\u00e9riaux techniques et<\/p>\n","protected":false},"featured_media":99389,"template":"","meta":{"_seopress_robots_primary_cat":"none","_seopress_titles_title":"","_seopress_titles_desc":"","_seopress_robots_index":""},"product_brand":[3648],"product_cat":[81,981,1387],"product_tag":[],"class_list":{"0":"post-478230","1":"product","2":"type-product","3":"status-publish","4":"has-post-thumbnail","6":"product_brand-la-sportiva-fr","7":"product_cat-vetements","8":"product_cat-vetements-de-loisirs","9":"product_cat-vetements-pour-femmes","11":"first","12":"instock","13":"sale","14":"shipping-taxable","15":"purchasable","16":"product-type-variable","17":"has-default-attributes"},"_links":{"self":[{"href":"https:\/\/lucacastelli.com\/fr\/wp-json\/wp\/v2\/product\/478230","targetHints":{"allow":["GET"]}}],"collection":[{"href":"https:\/\/lucacastelli.com\/fr\/wp-json\/wp\/v2\/product"}],"about":[{"href":"https:\/\/lucacastelli.com\/fr\/wp-json\/wp\/v2\/types\/product"}],"wp:featuredmedia":[{"embeddable":true,"href":"https:\/\/lucacastelli.com\/fr\/wp-json\/wp\/v2\/media\/99389"}],"wp:attachment":[{"href":"https:\/\/lucacastelli.com\/fr\/wp-json\/wp\/v2\/media?parent=478230"}],"wp:term":[{"taxonomy":"product_brand","embeddable":true,"href":"https:\/\/lucacastelli.com\/fr\/wp-json\/wp\/v2\/product_brand?post=478230"},{"taxonomy":"product_cat","embeddable":true,"href":"https:\/\/lucacastelli.com\/fr\/wp-json\/wp\/v2\/product_cat?post=478230"},{"taxonomy":"product_tag","embeddable":true,"href":"https:\/\/lucacastelli.com\/fr\/wp-json\/wp\/v2\/product_tag?post=478230"}],"curies":[{"name":"wp","href":"https:\/\/api.w.org\/{rel}","templated":true}]}}