{"id":478219,"date":"2024-09-26T19:13:47","date_gmt":"2024-09-26T17:13:47","guid":{"rendered":"https:\/\/lucacastelli.com\/prodotto\/la-sportiva-akyra-ii-femme-gtx\/"},"modified":"2024-09-26T19:13:47","modified_gmt":"2024-09-26T17:13:47","slug":"la-sportiva-akyra-ii-femme-gtx","status":"publish","type":"product","link":"https:\/\/lucacastelli.com\/fr\/produit\/la-sportiva-akyra-ii-femme-gtx\/","title":{"rendered":"LA SPORTIVA Akyra II Femme GTX"},"content":{"rendered":"<p>Akyra II Gore-Tex Woman est la chaussure parfaite pour celles qui veulent se d\u00e9placer facilement et rapidement sur tous les sentiers, m\u00eame les plus exigeants et dans toutes les conditions m\u00e9t\u00e9orologiques. La construction de la tige en 3D Grid\u2122 en KPU et la semelle \u00e9quip\u00e9e du syst\u00e8me Impact Brake assurent\u2122 la stabilit\u00e9 et le soutien, tandis que le Trail Rocker\u2122 combin\u00e9 \u00e0 l\u2019ajustement confortable et flexible, donne du dynamisme \u00e0 chaque pas. Une protection suppl\u00e9mentaire m\u00eame dans les conditions m\u00e9t\u00e9orologiques les plus difficiles gr\u00e2ce \u00e0 GORE-TEX Extended Comfort. <\/p>\n<p>INFO TECHNIQUE&nbsp;:<br \/>\nPoids&nbsp;:<br \/>\n330 1\/2 PAIR<br \/>\nSemelle int\u00e9rieure&nbsp;:<br \/>\nOrtholite 5 mm Randonn\u00e9e<br \/>\nSemelle ext\u00e9rieure&nbsp;:<br \/>\nDual Compound Frixion XT Red avec Trail Rocker+ Impact Brake System Running<br \/>\nMountain Lining&nbsp;:<br \/>\nGORE-TEX Extended Comfort<br \/>\nSemelle intercalaire&nbsp;:<br \/>\nInitiation EVA avec composants BIO<br \/>\nEmpeigne&nbsp;:<br \/>\nConstruction sup\u00e9rieure \u00e0 3 couches+ Construction 3D Grid\u2122 en KPU<\/p>\n","protected":false},"excerpt":{"rendered":"<p>Akyra II Gore-Tex Woman est la chaussure parfaite pour celles qui veulent se d\u00e9placer facilement et rapidement sur tous les<\/p>\n","protected":false},"featured_media":102211,"template":"","meta":{"_seopress_robots_primary_cat":"","_seopress_titles_title":"","_seopress_titles_desc":"","_seopress_robots_index":""},"product_brand":[3648],"product_cat":[173,1420,1429],"product_tag":[],"class_list":{"0":"post-478219","1":"product","2":"type-product","3":"status-publish","4":"has-post-thumbnail","6":"product_brand-la-sportiva-fr","7":"product_cat-chaussures","8":"product_cat-chaussures-de-loisirs","9":"product_cat-chaussures-pour-femmes","10":"sws-gruppo-no-gruppo-fr","11":"sws-categoria-sito-fr","12":"sws-gruppo-iva-iva81-fr","14":"first","15":"instock","16":"shipping-taxable","17":"purchasable","18":"product-type-variable"},"_links":{"self":[{"href":"https:\/\/lucacastelli.com\/fr\/wp-json\/wp\/v2\/product\/478219","targetHints":{"allow":["GET"]}}],"collection":[{"href":"https:\/\/lucacastelli.com\/fr\/wp-json\/wp\/v2\/product"}],"about":[{"href":"https:\/\/lucacastelli.com\/fr\/wp-json\/wp\/v2\/types\/product"}],"wp:featuredmedia":[{"embeddable":true,"href":"https:\/\/lucacastelli.com\/fr\/wp-json\/wp\/v2\/media\/102211"}],"wp:attachment":[{"href":"https:\/\/lucacastelli.com\/fr\/wp-json\/wp\/v2\/media?parent=478219"}],"wp:term":[{"taxonomy":"product_brand","embeddable":true,"href":"https:\/\/lucacastelli.com\/fr\/wp-json\/wp\/v2\/product_brand?post=478219"},{"taxonomy":"product_cat","embeddable":true,"href":"https:\/\/lucacastelli.com\/fr\/wp-json\/wp\/v2\/product_cat?post=478219"},{"taxonomy":"product_tag","embeddable":true,"href":"https:\/\/lucacastelli.com\/fr\/wp-json\/wp\/v2\/product_tag?post=478219"}],"curies":[{"name":"wp","href":"https:\/\/api.w.org\/{rel}","templated":true}]}}