{"id":478209,"date":"2022-09-16T12:49:27","date_gmt":"2022-09-16T10:49:27","guid":{"rendered":"https:\/\/lucacastelli.com\/?post_type=product&#038;p=478209"},"modified":"2025-07-29T09:06:04","modified_gmt":"2025-07-29T07:06:04","slug":"la-sportiva-retro-hoody-m","status":"publish","type":"product","link":"https:\/\/lucacastelli.com\/fr\/produit\/la-sportiva-retro-hoody-m\/","title":{"rendered":"LA SPORTIVA Retro Hoody M"},"content":{"rendered":"<p>Un look r\u00e9tro ! Sweat \u00e0 capuche doux et douillet pour vos moments de repos et de d\u00e9tente \u00e0 la falaise. Capuche r\u00e9glable et poche kangourou pour plus de fonctionnalit\u00e9.  <\/p>\n<p>Ajustement&nbsp;:<br \/>\nR\u00e9gulier<\/p>\n<p>Tissu&nbsp;:<br \/>\nPartie principale&nbsp;: (KNH01) 53&nbsp;% coton biologique, 47&nbsp;% polyester &#8211; Doublure&nbsp;: (KF02) 100&nbsp;% coton biologique, &#8211; Poignets&nbsp;: (KF16) 97&nbsp;% coton biologique, 3&nbsp;% \u00e9lasthanne<\/p>\n<p>Tailles :<br \/>\nS\/XXL (EU) &#8211; XS\/XL (USA)<\/p>\n<p>Poids :<br \/>\n 520 g (M)<\/p>\n","protected":false},"excerpt":{"rendered":"<p>Un look r\u00e9tro ! Sweat \u00e0 capuche doux et douillet pour vos moments de repos et de d\u00e9tente \u00e0 la<\/p>\n","protected":false},"featured_media":81528,"template":"","meta":{"_seopress_robots_primary_cat":"","_seopress_titles_title":"","_seopress_titles_desc":"","_seopress_robots_index":""},"product_brand":[3419],"product_cat":[21,189,190],"product_tag":[],"class_list":{"0":"post-478209","1":"product","2":"type-product","3":"status-publish","4":"has-post-thumbnail","6":"product_brand-la-sportiva","7":"product_cat-abbigliamento","8":"product_cat-abbigliamento-per-il-tempo-libero","9":"product_cat-abbigliamento-da-uomo","10":"sws-gruppo-abb-libero-fr","11":"sws-conto-ricavi-merci-rivendita-abbigliamento-fr","12":"sws-gruppo-iva-iva81-fr","14":"first","15":"instock","16":"shipping-taxable","17":"purchasable","18":"product-type-variable"},"_links":{"self":[{"href":"https:\/\/lucacastelli.com\/fr\/wp-json\/wp\/v2\/product\/478209","targetHints":{"allow":["GET"]}}],"collection":[{"href":"https:\/\/lucacastelli.com\/fr\/wp-json\/wp\/v2\/product"}],"about":[{"href":"https:\/\/lucacastelli.com\/fr\/wp-json\/wp\/v2\/types\/product"}],"wp:featuredmedia":[{"embeddable":true,"href":"https:\/\/lucacastelli.com\/fr\/wp-json\/wp\/v2\/media\/81528"}],"wp:attachment":[{"href":"https:\/\/lucacastelli.com\/fr\/wp-json\/wp\/v2\/media?parent=478209"}],"wp:term":[{"taxonomy":"product_brand","embeddable":true,"href":"https:\/\/lucacastelli.com\/fr\/wp-json\/wp\/v2\/product_brand?post=478209"},{"taxonomy":"product_cat","embeddable":true,"href":"https:\/\/lucacastelli.com\/fr\/wp-json\/wp\/v2\/product_cat?post=478209"},{"taxonomy":"product_tag","embeddable":true,"href":"https:\/\/lucacastelli.com\/fr\/wp-json\/wp\/v2\/product_tag?post=478209"}],"curies":[{"name":"wp","href":"https:\/\/api.w.org\/{rel}","templated":true}]}}