{"id":478204,"date":"2022-07-05T06:08:14","date_gmt":"2022-07-05T04:08:14","guid":{"rendered":"https:\/\/lucacastelli.com\/prodotto\/la-sportiva-scout-short-w\/"},"modified":"2022-07-05T06:08:14","modified_gmt":"2022-07-05T04:08:14","slug":"la-sportiva-scout-short-w","status":"publish","type":"product","link":"https:\/\/lucacastelli.com\/fr\/produit\/la-sportiva-scout-short-w\/","title":{"rendered":"LA SPORTIVA Scout Short W"},"content":{"rendered":"<p>Scout Shorts est un short polyvalent et fonctionnel gr\u00e2ce \u00e0 la combinaison technique de deux tissus et aux nombreuses poches. D\u00e9di\u00e9 au randonneur passionn\u00e9 et exigeant qui recherche confort, soutien et protection. <\/p>\n","protected":false},"excerpt":{"rendered":"<p>Scout Shorts est un short polyvalent et fonctionnel gr\u00e2ce \u00e0 la combinaison technique de deux tissus et aux nombreuses poches.<\/p>\n","protected":false},"featured_media":74177,"template":"","meta":{"_seopress_robots_primary_cat":"","_seopress_titles_title":"","_seopress_titles_desc":"","_seopress_robots_index":""},"product_brand":[3648],"product_cat":[81,981,1387],"product_tag":[],"class_list":{"0":"post-478204","1":"product","2":"type-product","3":"status-publish","4":"has-post-thumbnail","6":"product_brand-la-sportiva-fr","7":"product_cat-vetements","8":"product_cat-vetements-de-loisirs","9":"product_cat-vetements-pour-femmes","11":"first","12":"instock","13":"shipping-taxable","14":"purchasable","15":"product-type-variable"},"_links":{"self":[{"href":"https:\/\/lucacastelli.com\/fr\/wp-json\/wp\/v2\/product\/478204","targetHints":{"allow":["GET"]}}],"collection":[{"href":"https:\/\/lucacastelli.com\/fr\/wp-json\/wp\/v2\/product"}],"about":[{"href":"https:\/\/lucacastelli.com\/fr\/wp-json\/wp\/v2\/types\/product"}],"wp:featuredmedia":[{"embeddable":true,"href":"https:\/\/lucacastelli.com\/fr\/wp-json\/wp\/v2\/media\/74177"}],"wp:attachment":[{"href":"https:\/\/lucacastelli.com\/fr\/wp-json\/wp\/v2\/media?parent=478204"}],"wp:term":[{"taxonomy":"product_brand","embeddable":true,"href":"https:\/\/lucacastelli.com\/fr\/wp-json\/wp\/v2\/product_brand?post=478204"},{"taxonomy":"product_cat","embeddable":true,"href":"https:\/\/lucacastelli.com\/fr\/wp-json\/wp\/v2\/product_cat?post=478204"},{"taxonomy":"product_tag","embeddable":true,"href":"https:\/\/lucacastelli.com\/fr\/wp-json\/wp\/v2\/product_tag?post=478204"}],"curies":[{"name":"wp","href":"https:\/\/api.w.org\/{rel}","templated":true}]}}