{"id":478176,"date":"2022-07-05T13:28:10","date_gmt":"2022-07-05T11:28:10","guid":{"rendered":"https:\/\/lucacastelli.com\/?post_type=product&#038;p=478176"},"modified":"2025-07-29T09:06:07","modified_gmt":"2025-07-29T07:06:07","slug":"la-sportiva-ultra-raptor-ii-wide-femme-gtx","status":"publish","type":"product","link":"https:\/\/lucacastelli.com\/fr\/produit\/la-sportiva-ultra-raptor-ii-wide-femme-gtx\/","title":{"rendered":"LA SPORTIVA Ultra Raptor II Wide Femme GTX"},"content":{"rendered":"<p>Une version f\u00e9minine de la r\u00e9\u00e9dition esth\u00e9tique du c\u00e9l\u00e8bre mod\u00e8le Ultra Raptor, une chaussure de montagne dot\u00e9e d\u2019une membrane Gore-Tex\u00ae Extended Comfort, d\u00e9velopp\u00e9e pour les itin\u00e9raires tout-terrain longue distance, m\u00eame pendant les mois d\u2019hiver. La doublure en membrane Gore-Tex\u00ae permet \u00e0 la transpiration de s\u2019\u00e9chapper mais pas \u00e0 l\u2019eau d\u2019entrer, ce qui la rend id\u00e9ale pour la course hivernale. Le talon stabilisateur arri\u00e8re permet un contr\u00f4le parfait des barres transversales. Le syst\u00e8me de la\u00e7age est int\u00e9gr\u00e9 \u00e0 la tige par des boucles cousues sur le tissu \u00e9lastique interne et avec des renforts \u00e0 haute fr\u00e9quence sur la maille externe : ce syst\u00e8me permet de r\u00e9partir la tension du la\u00e7age sur toute la tige et d\u2019envelopper le pied de la meilleure fa\u00e7on possible pour un confort parfait. L\u2019Ultra Raptor II GTX\u00ae est \u00e9galement disponible dans une version confort \u00e0 coupe large d\u00e9di\u00e9e aux randonneurs aux pieds larges. Le r\u00e9sultat est une chaussure technique et l\u00e9g\u00e8re qui peut \u00eatre port\u00e9e pendant de nombreuses heures cons\u00e9cutives et qui convient \u00e0 une utilisation tout-terrain sur tout type de terrain. Ravissez-vous, encore une fois.      <\/p>\n<p>Tige :<br \/>\n maille r\u00e9sistante \u00e0 l\u2019abrasion avec bande de renfort en microfibre avec rev\u00eatement anti-abrasion<\/p>\n<p>Doublure&nbsp;:<br \/>\nGore-Tex\u00ae Extended Comfort Semelle int\u00e9rieure<br \/>\n&nbsp;:<br \/>\nOrtholite\u00ae Hybrid Hiking<\/p>\n<p>Semelle interm\u00e9diaire&nbsp;:<br \/>\n Memlex Eva avec injection absorbant les chocs<\/p>\n<p>Semelle ext\u00e9rieure&nbsp;:<br \/>\n FriXion\u00ae White avec IBS et embout en caoutchouc antichoc int\u00e9gr\u00e9<\/p>\n<p>Tailles :<br \/>\n36-43 +1\/2<\/p>\n<p>Poids :<br \/>\n 335 g (une demi-paire)<\/p>\n","protected":false},"excerpt":{"rendered":"<p>Une version f\u00e9minine de la r\u00e9\u00e9dition esth\u00e9tique du c\u00e9l\u00e8bre mod\u00e8le Ultra Raptor, une chaussure de montagne dot\u00e9e d\u2019une membrane Gore-Tex\u00ae<\/p>\n","protected":false},"featured_media":74256,"template":"","meta":{"_seopress_robots_primary_cat":"","_seopress_titles_title":"","_seopress_titles_desc":"","_seopress_robots_index":""},"product_brand":[3648],"product_cat":[173,1420,1429],"product_tag":[],"class_list":{"0":"post-478176","1":"product","2":"type-product","3":"status-publish","4":"has-post-thumbnail","6":"product_brand-la-sportiva-fr","7":"product_cat-chaussures","8":"product_cat-chaussures-de-loisirs","9":"product_cat-chaussures-pour-femmes","10":"sws-gruppo-abb-libero-fr","11":"sws-conto-ricavi-merci-rivendita-abbigliamento-fr","12":"sws-gruppo-iva-iva81-fr","14":"first","15":"instock","16":"shipping-taxable","17":"purchasable","18":"product-type-variable"},"_links":{"self":[{"href":"https:\/\/lucacastelli.com\/fr\/wp-json\/wp\/v2\/product\/478176","targetHints":{"allow":["GET"]}}],"collection":[{"href":"https:\/\/lucacastelli.com\/fr\/wp-json\/wp\/v2\/product"}],"about":[{"href":"https:\/\/lucacastelli.com\/fr\/wp-json\/wp\/v2\/types\/product"}],"wp:featuredmedia":[{"embeddable":true,"href":"https:\/\/lucacastelli.com\/fr\/wp-json\/wp\/v2\/media\/74256"}],"wp:attachment":[{"href":"https:\/\/lucacastelli.com\/fr\/wp-json\/wp\/v2\/media?parent=478176"}],"wp:term":[{"taxonomy":"product_brand","embeddable":true,"href":"https:\/\/lucacastelli.com\/fr\/wp-json\/wp\/v2\/product_brand?post=478176"},{"taxonomy":"product_cat","embeddable":true,"href":"https:\/\/lucacastelli.com\/fr\/wp-json\/wp\/v2\/product_cat?post=478176"},{"taxonomy":"product_tag","embeddable":true,"href":"https:\/\/lucacastelli.com\/fr\/wp-json\/wp\/v2\/product_tag?post=478176"}],"curies":[{"name":"wp","href":"https:\/\/api.w.org\/{rel}","templated":true}]}}