{"id":478166,"date":"2022-07-04T17:28:47","date_gmt":"2022-07-04T15:28:47","guid":{"rendered":"https:\/\/lucacastelli.com\/?post_type=product&#038;p=478166"},"modified":"2025-07-29T09:06:15","modified_gmt":"2025-07-29T07:06:15","slug":"la-sportiva-falkon-low-gtx","status":"publish","type":"product","link":"https:\/\/lucacastelli.com\/fr\/produit\/la-sportiva-falkon-low-gtx\/","title":{"rendered":"LA SPORTIVA Falkon Low GTX"},"content":{"rendered":"<p>Chaussure de trail running et de loisir d\u00e9di\u00e9e aux plus petits, elle fait r\u00e9f\u00e9rence au c\u00e9l\u00e8bre mod\u00e8le Raptor GTX en termes de look et de quelques solutions techniques.<\/p>\n<p>DESCRIPTION<br \/>\nFalkon Low est parfait pour un usage quotidien et pour courir\/marcher sur des terrains en terre. Tige confortable et pas de points de compression sur le pied pour un confort maximal m\u00eame en cas d\u2019utilisation quotidienne prolong\u00e9e. Les inserts en microfibre, l\u2019embout en caoutchouc et le stabilisateur sur le talon pr\u00e9viennent les chocs, pour des balades sur sentier en toute s\u00e9curit\u00e9. Le col extra-doux ajoute du confort \u00e0 l\u2019ajustement, tandis que le syst\u00e8me de la\u00e7age \u00e0 boucle \u00e0 tension rapide avec lib\u00e9ration automatique contribue \u00e0 la s\u00e9curit\u00e9 de l\u2019enfant, m\u00eame sur les chemins o\u00f9 il y a des racines ou des branches dans lesquelles il est facile de se coincer. La semelle interm\u00e9diaire souple en Eva et la semelle FriXion At contribuent au confort g\u00e9n\u00e9ral et \u00e0 la stabilit\u00e9 du soutien.    <\/p>\n<p>Empeigne&nbsp;:<br \/>\nMaille respirante avec renforts en microfibre thermo-adh\u00e9sifs et bord anti-abrasion + embout en caoutchouc antichoc.<br \/>\nDoublure&nbsp;:<br \/>\nMaille antid\u00e9rapante<br \/>\nSemelle interm\u00e9diaire&nbsp;:<br \/>\nMemlex Eva l\u00e9g\u00e8re et absorbant les chocs.<br \/>\nSemelle :<br \/>\n FriXion AT avec syst\u00e8me de freinage \u00e0 impact.<br \/>\nTailles&nbsp;:<br \/>\n27 &#8211; 40 (nombres entiers uniquement)<br \/>\nPoids&nbsp;:<br \/>\n215 gr (paire, taille 30)<\/p>\n","protected":false},"excerpt":{"rendered":"<p>Chaussure de trail running et de loisir d\u00e9di\u00e9e aux plus petits, elle fait r\u00e9f\u00e9rence au c\u00e9l\u00e8bre mod\u00e8le Raptor GTX en<\/p>\n","protected":false},"featured_media":73891,"template":"","meta":{"_seopress_robots_primary_cat":"","_seopress_titles_title":"","_seopress_titles_desc":"","_seopress_robots_index":""},"product_brand":[3648],"product_cat":[173,1420,1426],"product_tag":[],"class_list":{"0":"post-478166","1":"product","2":"type-product","3":"status-publish","4":"has-post-thumbnail","6":"product_brand-la-sportiva-fr","7":"product_cat-chaussures","8":"product_cat-chaussures-de-loisirs","9":"product_cat-chaussures-pour-enfants","10":"sws-gruppo-abb-libero-fr","11":"sws-conto-ricavi-merci-rivendita-abbigliamento-fr","12":"sws-gruppo-iva-iva81-fr","14":"first","15":"instock","16":"shipping-taxable","17":"purchasable","18":"product-type-variable"},"_links":{"self":[{"href":"https:\/\/lucacastelli.com\/fr\/wp-json\/wp\/v2\/product\/478166","targetHints":{"allow":["GET"]}}],"collection":[{"href":"https:\/\/lucacastelli.com\/fr\/wp-json\/wp\/v2\/product"}],"about":[{"href":"https:\/\/lucacastelli.com\/fr\/wp-json\/wp\/v2\/types\/product"}],"wp:featuredmedia":[{"embeddable":true,"href":"https:\/\/lucacastelli.com\/fr\/wp-json\/wp\/v2\/media\/73891"}],"wp:attachment":[{"href":"https:\/\/lucacastelli.com\/fr\/wp-json\/wp\/v2\/media?parent=478166"}],"wp:term":[{"taxonomy":"product_brand","embeddable":true,"href":"https:\/\/lucacastelli.com\/fr\/wp-json\/wp\/v2\/product_brand?post=478166"},{"taxonomy":"product_cat","embeddable":true,"href":"https:\/\/lucacastelli.com\/fr\/wp-json\/wp\/v2\/product_cat?post=478166"},{"taxonomy":"product_tag","embeddable":true,"href":"https:\/\/lucacastelli.com\/fr\/wp-json\/wp\/v2\/product_tag?post=478166"}],"curies":[{"name":"wp","href":"https:\/\/api.w.org\/{rel}","templated":true}]}}