{"id":478015,"date":"2022-06-14T06:05:51","date_gmt":"2022-06-14T04:05:51","guid":{"rendered":"https:\/\/lucacastelli.com\/?post_type=product&#038;p=478015"},"modified":"2025-07-29T09:06:22","modified_gmt":"2025-07-29T07:06:22","slug":"la-sportiva-chacal","status":"publish","type":"product","link":"https:\/\/lucacastelli.com\/fr\/produit\/la-sportiva-chacal\/","title":{"rendered":"LA SPORTIVA Chacal"},"content":{"rendered":"<p>Chaussure de course en montagne d\u00e9di\u00e9e \u00e0 la course tout-terrain sur d\u2019ultra distances et \u00e0 l\u2019entra\u00eenement prolong\u00e9 sur des distances moyennes gr\u00e2ce \u00e0 l\u2019amorti exceptionnel garanti par la technologie innovante Infinitoo\u2122 \u00e0 haut retour d\u2019\u00e9nergie.<\/p>\n<p>Jackal est la chaussure de course en montagne d\u00e9di\u00e9e \u00e0 la course tout-terrain sur d\u2019ultra distances et \u00e0 l\u2019entra\u00eenement prolong\u00e9 sur des distances moyennes gr\u00e2ce \u00e0 l\u2019amorti exceptionnel garanti par la technologie innovante Infinitoo\u2122 \u00e0 haut retour d\u2019\u00e9nergie. Chaque d\u00e9tail, de la tige \u00e0 la semelle, est con\u00e7u pour favoriser le confort du pied sur de longues distances : ajustement confortable et coupe large con\u00e7us pour une utilisation dans les ultra-marathons, languette de confort \u00e9lastique enveloppante et douce pour une libert\u00e9 de mouvement maximale, construction de soufflets internes protection contre les pierres ou la boue. Le la\u00e7age voit les boucles incorpor\u00e9es directement dans les panneaux lat\u00e9raux de la tige : une solution qui facilite l\u2019adaptation des volumes lors des courses de longue distance dans lesquelles le pied a tendance \u00e0 s\u2019\u00e9largir. Le Net-Mesh lat\u00e9ral favorise la ventilation et le confort climatique. Le c\u0153ur de Jackal, cependant, r\u00e9side dans l\u2019ensemble innovant de semelle\/semelle interm\u00e9diaire en EVA avec des coussinets internes absorbant les chocs en polyur\u00e9thane \u00e0 haut retour d\u2019\u00e9nergie de la technologie Infinitoo\u2122. L\u2019\u00e9l\u00e9ment avant augmente l\u2019amorti, l\u2019insert arri\u00e8re contribue \u00e0 la stabilisation de la conduite. La semelle interm\u00e9diaire int\u00e8gre \u00e9galement un insert Rock-Shield en EVA haute densit\u00e9 pour une conduite plus stable et un effet de protection contre les rochers. La bande de roulement est en compos\u00e9 Frixion Red avec un syst\u00e8me de freinage \u00e0 impact d\u2019\u00e9paisseur diff\u00e9renci\u00e9e et des rainures longitudinales FLEX qui favorisent la flexion de la semelle le long des lignes de pliage. L\u2019embout thermoform\u00e9, l\u00e9ger et r\u00e9sistant aux chocs, apporte l\u00e9g\u00e8ret\u00e9 et protection, tandis que la semelle \u00e0 double compos\u00e9 FriXion Red offre une adh\u00e9rence et une durabilit\u00e9 maximales. Un concentr\u00e9 de technologie inspir\u00e9 par ceux qui courent \u00e0 la recherche de leurs limites et \u00e0 la recherche d\u2019eux-m\u00eames. Chacal : trouvez votre ultra.          <\/p>\n<p>Tige :<br \/>\n Maille Sandwitch (orteil et languette) + renforts en TPU thermo-adh\u00e9sifs + panneaux lat\u00e9raux en nylon \u00e0 simple bavure + col en Lycra\u00ae.<\/p>\n<p>Doublure&nbsp;:<br \/>\nMicrofibre anti-frottement<\/p>\n<p>Semelle int\u00e9rieure&nbsp;:<br \/>\n Ortholite\u00ae Ergonomic<\/p>\n<p>Semelle intercalaire&nbsp;:<br \/>\nEn EVA avec inserts en polyur\u00e9thane Infinitoo\u2122 Technology + pare-roche EVA haute densit\u00e9 + couche de couture de plate-forme interne suppl\u00e9mentaire<\/p>\n<p>Semelle :<br \/>\n FriXion\u00ae Red bi-compos\u00e9 avec crampons lat\u00e9raux IBS<\/p>\n<p>Poids :<br \/>\n 305 g (demi-paire)<\/p>\n<p>Chute :<br \/>\n 7 mm<\/p>\n","protected":false},"excerpt":{"rendered":"<p>Chaussure de course en montagne d\u00e9di\u00e9e \u00e0 la course tout-terrain sur d\u2019ultra distances et \u00e0 l\u2019entra\u00eenement prolong\u00e9 sur des distances<\/p>\n","protected":false},"featured_media":68206,"template":"","meta":{"_seopress_robots_primary_cat":"","_seopress_titles_title":"","_seopress_titles_desc":"","_seopress_robots_index":""},"product_brand":[3648],"product_cat":[173,1420,1432],"product_tag":[],"class_list":{"0":"post-478015","1":"product","2":"type-product","3":"status-publish","4":"has-post-thumbnail","6":"product_brand-la-sportiva-fr","7":"product_cat-chaussures","8":"product_cat-chaussures-de-loisirs","9":"product_cat-chaussures-pour-hommes","10":"sws-gruppo-abb-libero-fr","11":"sws-conto-ricavi-merci-rivendita-abbigliamento-fr","12":"sws-gruppo-iva-iva81-fr","14":"first","15":"instock","16":"shipping-taxable","17":"purchasable","18":"product-type-variable"},"_links":{"self":[{"href":"https:\/\/lucacastelli.com\/fr\/wp-json\/wp\/v2\/product\/478015","targetHints":{"allow":["GET"]}}],"collection":[{"href":"https:\/\/lucacastelli.com\/fr\/wp-json\/wp\/v2\/product"}],"about":[{"href":"https:\/\/lucacastelli.com\/fr\/wp-json\/wp\/v2\/types\/product"}],"wp:featuredmedia":[{"embeddable":true,"href":"https:\/\/lucacastelli.com\/fr\/wp-json\/wp\/v2\/media\/68206"}],"wp:attachment":[{"href":"https:\/\/lucacastelli.com\/fr\/wp-json\/wp\/v2\/media?parent=478015"}],"wp:term":[{"taxonomy":"product_brand","embeddable":true,"href":"https:\/\/lucacastelli.com\/fr\/wp-json\/wp\/v2\/product_brand?post=478015"},{"taxonomy":"product_cat","embeddable":true,"href":"https:\/\/lucacastelli.com\/fr\/wp-json\/wp\/v2\/product_cat?post=478015"},{"taxonomy":"product_tag","embeddable":true,"href":"https:\/\/lucacastelli.com\/fr\/wp-json\/wp\/v2\/product_tag?post=478015"}],"curies":[{"name":"wp","href":"https:\/\/api.w.org\/{rel}","templated":true}]}}