{"id":477999,"date":"2022-06-12T19:27:12","date_gmt":"2022-06-12T17:27:12","guid":{"rendered":"https:\/\/lucacastelli.com\/prodotto\/la-sportiva-nepal-cube-femme-gtx\/"},"modified":"2026-04-14T03:33:19","modified_gmt":"2026-04-14T01:33:19","slug":"la-sportiva-nepal-cube-femme-gtx","status":"publish","type":"product","link":"https:\/\/lucacastelli.com\/fr\/produit\/la-sportiva-nepal-cube-femme-gtx\/","title":{"rendered":"LA SPORTIVA Nepal Cube Woman GTX"},"content":{"rendered":"<p>Une chaussure de montagne thermique, technique et l\u00e9g\u00e8re qui vient enrichir la gamme Nepal. Ce mod\u00e8le repr\u00e9sente l\u2019\u00e9tat de l\u2019art des chaussures techniques d\u2019alpinisme pour l\u2019ascension avec crampons en haute altitude et sur terrains mixtes.<br \/>\nLa Nepal Cube, comme son nom l\u2019indique, constitue un nouveau point de d\u00e9part dans la d\u00e9finition des chaussures techniques d\u2019alpinisme gr\u00e2ce \u00e0 sa l\u00e9g\u00e8ret\u00e9 exceptionnelle et ses propri\u00e9t\u00e9s thermiques (seulement 800 g par pied). Ces caract\u00e9ristiques sont obtenues gr\u00e2ce au poids r\u00e9duit de la semelle\/intercalaire, qui utilise la technologie carbone en nid d\u2019abeille, une semelle thermique et de petites pi\u00e8ces en acier l\u00e9ger. La doublure Gore-Tex Insulated Comfort contribue au confort g\u00e9n\u00e9ral de la chaussure, garantissant respirabilit\u00e9 et imperm\u00e9abilit\u00e9. La technologie de languette EZ OUT permet un ajustement plus pr\u00e9cis et favorise l\u2019\u00e9vacuation de la transpiration gr\u00e2ce \u00e0 un tissu qui \u00e9loigne l\u2019humidit\u00e9 du pied. Le syst\u00e8me 3D Flex offre un confort de marche et un soutien de la cheville sur les terrains escarp\u00e9s. La semelle Vibram avec Impact Brake System absorbe l\u2019impact n\u00e9gatif au sol, tandis que les crampons favorisent la traction et assurent le contr\u00f4le lors des descentes. Nepal Cube : l\u2019origine d\u2019une nouvelle esp\u00e8ce.       <\/p>\n<p>La languette amovible EZ Out permet un r\u00e9glage plus pr\u00e9cis du chaussant et aide \u00e0 \u00e9vacuer la transpiration gr\u00e2ce \u00e0 un tissu qui \u00e9loigne l\u2019humidit\u00e9 de la chaussure.<br \/>\nL\u2019enrobage \u00e9lastique complet prot\u00e8ge contre les chocs et les abrasions.<br \/>\nLe poids r\u00e9duit des petites pi\u00e8ces m\u00e9talliques diminue le poids global de la chaussure.<br \/>\nLe syst\u00e8me 3D Flex facilite la marche et soutient la cheville sur les terrains escarp\u00e9s.<\/p>\n","protected":false},"excerpt":{"rendered":"<p>Une chaussure de montagne thermique, technique et l\u00e9g\u00e8re qui vient enrichir la gamme Nepal. Ce mod\u00e8le repr\u00e9sente l\u2019\u00e9tat de l\u2019art<\/p>\n","protected":false},"featured_media":67508,"template":"","meta":{"_seopress_robots_primary_cat":"none","_seopress_titles_title":"","_seopress_titles_desc":"","_seopress_robots_index":""},"product_brand":[3648],"product_cat":[173,1420,1429],"product_tag":[],"class_list":{"0":"post-477999","1":"product","2":"type-product","3":"status-publish","4":"has-post-thumbnail","6":"product_brand-la-sportiva-fr","7":"product_cat-chaussures","8":"product_cat-chaussures-de-loisirs","9":"product_cat-chaussures-pour-femmes","11":"first","12":"instock","13":"shipping-taxable","14":"purchasable","15":"product-type-variable","16":"has-default-attributes"},"_links":{"self":[{"href":"https:\/\/lucacastelli.com\/fr\/wp-json\/wp\/v2\/product\/477999","targetHints":{"allow":["GET"]}}],"collection":[{"href":"https:\/\/lucacastelli.com\/fr\/wp-json\/wp\/v2\/product"}],"about":[{"href":"https:\/\/lucacastelli.com\/fr\/wp-json\/wp\/v2\/types\/product"}],"wp:featuredmedia":[{"embeddable":true,"href":"https:\/\/lucacastelli.com\/fr\/wp-json\/wp\/v2\/media\/67508"}],"wp:attachment":[{"href":"https:\/\/lucacastelli.com\/fr\/wp-json\/wp\/v2\/media?parent=477999"}],"wp:term":[{"taxonomy":"product_brand","embeddable":true,"href":"https:\/\/lucacastelli.com\/fr\/wp-json\/wp\/v2\/product_brand?post=477999"},{"taxonomy":"product_cat","embeddable":true,"href":"https:\/\/lucacastelli.com\/fr\/wp-json\/wp\/v2\/product_cat?post=477999"},{"taxonomy":"product_tag","embeddable":true,"href":"https:\/\/lucacastelli.com\/fr\/wp-json\/wp\/v2\/product_tag?post=477999"}],"curies":[{"name":"wp","href":"https:\/\/api.w.org\/{rel}","templated":true}]}}