{"id":477998,"date":"2022-06-10T03:08:22","date_gmt":"2022-06-10T01:08:22","guid":{"rendered":"https:\/\/lucacastelli.com\/?post_type=product&#038;p=477998"},"modified":"2025-07-29T09:06:32","modified_gmt":"2025-07-29T07:06:32","slug":"la-sportiva-embrace-t-shirt-m","status":"publish","type":"product","link":"https:\/\/lucacastelli.com\/fr\/produit\/la-sportiva-embrace-t-shirt-m\/","title":{"rendered":"LA SPORTIVA Embrace T-Shirt M"},"content":{"rendered":"<p>Le t-shirt Embrace est la pi\u00e8ce parfaite pour une excursion d\u2019une journ\u00e9e \u00e0 la montagne. Le tissu douillet et les renforts sur les \u00e9paules lui conf\u00e8rent respirabilit\u00e9 et durabilit\u00e9 lorsqu\u2019il est utilis\u00e9 avec un sac \u00e0 dos l\u00e9ger. <\/p>\n","protected":false},"excerpt":{"rendered":"<p>Le t-shirt Embrace est la pi\u00e8ce parfaite pour une excursion d\u2019une journ\u00e9e \u00e0 la montagne. Le tissu douillet et les<\/p>\n","protected":false},"featured_media":63493,"template":"","meta":{"_seopress_robots_primary_cat":"","_seopress_titles_title":"","_seopress_titles_desc":"","_seopress_robots_index":""},"product_brand":[3648],"product_cat":[81,981,982],"product_tag":[],"class_list":{"0":"post-477998","1":"product","2":"type-product","3":"status-publish","4":"has-post-thumbnail","6":"product_brand-la-sportiva-fr","7":"product_cat-vetements","8":"product_cat-vetements-de-loisirs","9":"product_cat-vetements-pour-hommes","10":"sws-gruppo-abb-libero-fr","11":"sws-conto-ricavi-merci-rivendita-abbigliamento","12":"sws-gruppo-iva-iva81","14":"first","15":"instock","16":"shipping-taxable","17":"purchasable","18":"product-type-variable"},"_links":{"self":[{"href":"https:\/\/lucacastelli.com\/fr\/wp-json\/wp\/v2\/product\/477998","targetHints":{"allow":["GET"]}}],"collection":[{"href":"https:\/\/lucacastelli.com\/fr\/wp-json\/wp\/v2\/product"}],"about":[{"href":"https:\/\/lucacastelli.com\/fr\/wp-json\/wp\/v2\/types\/product"}],"wp:featuredmedia":[{"embeddable":true,"href":"https:\/\/lucacastelli.com\/fr\/wp-json\/wp\/v2\/media\/63493"}],"wp:attachment":[{"href":"https:\/\/lucacastelli.com\/fr\/wp-json\/wp\/v2\/media?parent=477998"}],"wp:term":[{"taxonomy":"product_brand","embeddable":true,"href":"https:\/\/lucacastelli.com\/fr\/wp-json\/wp\/v2\/product_brand?post=477998"},{"taxonomy":"product_cat","embeddable":true,"href":"https:\/\/lucacastelli.com\/fr\/wp-json\/wp\/v2\/product_cat?post=477998"},{"taxonomy":"product_tag","embeddable":true,"href":"https:\/\/lucacastelli.com\/fr\/wp-json\/wp\/v2\/product_tag?post=477998"}],"curies":[{"name":"wp","href":"https:\/\/api.w.org\/{rel}","templated":true}]}}