{"id":477951,"date":"2022-06-10T04:57:34","date_gmt":"2022-06-10T02:57:34","guid":{"rendered":"https:\/\/lucacastelli.com\/?post_type=product&#038;p=477951"},"modified":"2025-07-29T09:06:29","modified_gmt":"2025-07-29T07:06:29","slug":"la-sportiva-logo-sweat-a-capuche","status":"publish","type":"product","link":"https:\/\/lucacastelli.com\/fr\/produit\/la-sportiva-logo-sweat-a-capuche\/","title":{"rendered":"LA SPORTIVA Logo Sweat \u00e0 capuche"},"content":{"rendered":"<p>Un sweat-shirt \u00e9l\u00e9gant, chaud et fonctionnel : le Logo Hoody de La Sportiva ! Le sweat-shirt est fabriqu\u00e9 en molleton de coton doux et vous invite \u00e0 le porter, \u00e0 vous sentir bien et \u00e0 aller courir. La coupe est pr\u00e8s du corps, mais laisse suffisamment de libert\u00e9 de mouvement pour une course dans les bois ou une partie de bloc sur la roche. Ou pour une collation confortable sur le canap\u00e9. Gr\u00e2ce \u00e0 la grande capuche et \u00e0 la grande poche avant, le sweat \u00e0 capuche La Sportiva Logo est un excellent choix pour le temps frais !    <\/p>\n<p>Mati\u00e8re principale&nbsp;: 100&nbsp;% coton<br \/>\nType de mat\u00e9riau&nbsp;: Coton<br \/>\nPoches&nbsp;: 2 poches avant<\/p>\n","protected":false},"excerpt":{"rendered":"<p>Un sweat-shirt \u00e9l\u00e9gant, chaud et fonctionnel : le Logo Hoody de La Sportiva ! Le sweat-shirt est fabriqu\u00e9 en molleton<\/p>\n","protected":false},"featured_media":64037,"template":"","meta":{"_seopress_robots_primary_cat":"","_seopress_titles_title":"","_seopress_titles_desc":"","_seopress_robots_index":""},"product_brand":[3648],"product_cat":[81,981,982],"product_tag":[],"class_list":{"0":"post-477951","1":"product","2":"type-product","3":"status-publish","4":"has-post-thumbnail","6":"product_brand-la-sportiva-fr","7":"product_cat-vetements","8":"product_cat-vetements-de-loisirs","9":"product_cat-vetements-pour-hommes","10":"sws-gruppo-abb-libero-fr","11":"sws-conto-ricavi-merci-rivendita-abbigliamento-fr","12":"sws-gruppo-iva-iva81-fr","14":"first","15":"instock","16":"shipping-taxable","17":"purchasable","18":"product-type-variable"},"_links":{"self":[{"href":"https:\/\/lucacastelli.com\/fr\/wp-json\/wp\/v2\/product\/477951","targetHints":{"allow":["GET"]}}],"collection":[{"href":"https:\/\/lucacastelli.com\/fr\/wp-json\/wp\/v2\/product"}],"about":[{"href":"https:\/\/lucacastelli.com\/fr\/wp-json\/wp\/v2\/types\/product"}],"wp:featuredmedia":[{"embeddable":true,"href":"https:\/\/lucacastelli.com\/fr\/wp-json\/wp\/v2\/media\/64037"}],"wp:attachment":[{"href":"https:\/\/lucacastelli.com\/fr\/wp-json\/wp\/v2\/media?parent=477951"}],"wp:term":[{"taxonomy":"product_brand","embeddable":true,"href":"https:\/\/lucacastelli.com\/fr\/wp-json\/wp\/v2\/product_brand?post=477951"},{"taxonomy":"product_cat","embeddable":true,"href":"https:\/\/lucacastelli.com\/fr\/wp-json\/wp\/v2\/product_cat?post=477951"},{"taxonomy":"product_tag","embeddable":true,"href":"https:\/\/lucacastelli.com\/fr\/wp-json\/wp\/v2\/product_tag?post=477951"}],"curies":[{"name":"wp","href":"https:\/\/api.w.org\/{rel}","templated":true}]}}