{"id":477946,"date":"2026-04-02T13:58:35","date_gmt":"2026-04-02T11:58:35","guid":{"rendered":"https:\/\/lucacastelli.com\/?post_type=product&#038;p=477946"},"modified":"2026-04-13T22:04:30","modified_gmt":"2026-04-13T20:04:30","slug":"la-sportiva-tx4-femme","status":"publish","type":"product","link":"https:\/\/lucacastelli.com\/fr\/produit\/la-sportiva-tx4-femme\/","title":{"rendered":"LA SPORTIVA TX4 Woman"},"content":{"rendered":"<p>Chaussure en cuir de la s\u00e9rie approach Traverse X, con\u00e7ue pour les approches techniques, les via ferrata et la randonn\u00e9e : l\u00e9g\u00e8re, confortable et au look inspir\u00e9 de l&#8217;escalade, elle est id\u00e9ale pour les alpinistes et les amoureux de la montagne.<\/p>\n<p>Chaussure en cuir con\u00e7ue pour les approches techniques et les via ferrata, de la s\u00e9rie approach Traverse X : id\u00e9ale pour une utilisation prolong\u00e9e par les guides et les professionnels de la montagne. Chaque d\u00e9tail est \u00e9tudi\u00e9 pour garantir adh\u00e9rence, confort et protection en phase d&#8217;approche et pour favoriser l&#8217;utilisation technique jusqu&#8217;au pied de la paroi. La TX4 est une chaussure robuste \u00ab built to last \u00bb, construite pour durer dans le temps gr\u00e2ce au syst\u00e8me de construction STB Control System\u2122 qui fournit structure et stabilit\u00e9 torsionnelle. Design \u00e9pur\u00e9 et essentiel gr\u00e2ce \u00e0 la tige en cuir tr\u00e8s robuste, haute r\u00e9sistance aux abrasions gr\u00e2ce au bord en PU TechLite tout autour, semelle Vibram MegaGrip avec zone d&#8217;escalade \u00e0 l&#8217;avant et Impact Brake System \u00e0 l&#8217;arri\u00e8re : con\u00e7ue pour l&#8217;escalade et les retours sur terrains techniques. Le syst\u00e8me de la\u00e7age d\u00e9rive du mod\u00e8le d&#8217;escalade Mythos et permet le r\u00e9glage de la tension et des volumes de chaussant en un seul mouvement. Traverse X est l&#8217;expression ultime du d\u00e9placement en montagne de mani\u00e8re confortable, rapide et s\u00fbre.    <\/p>\n<p>Tige :<br \/>\nCuir velours + bord de protection + PU TechLite 1,5 mm et embout en caoutchouc protecteur.<\/p>\n<p>Doublure :<br \/>\nMesh.<\/p>\n<p>Semelle interm\u00e9diaire :<br \/>\nEVA inject\u00e9e amortissante.<\/p>\n<p>Semelle de propret\u00e9 :<br \/>\nOrtholite Approach 4 mm.<\/p>\n<p>Semelle :<br \/>\nVibram Mega-Grip avec Impact Brake System et zone d&#8217;escalade \u00e0 l&#8217;avant.<\/p>\n<p>Pointures :<br \/>\n36 &#8211; 42 (demi-pointures comprises).<\/p>\n<p>Brevets :<br \/>\nSyst\u00e8me de la\u00e7age Mythos.<\/p>\n<p>Poids :<br \/>\n290 g la demi-paire, pointure 38.<\/p>\n","protected":false},"excerpt":{"rendered":"<p>Chaussure en cuir de la s\u00e9rie approach Traverse X, con\u00e7ue pour les approches techniques, les via ferrata et la randonn\u00e9e<\/p>\n","protected":false},"featured_media":827601,"template":"","meta":{"_seopress_robots_primary_cat":"none","_seopress_titles_title":"","_seopress_titles_desc":"","_seopress_robots_index":""},"product_brand":[3648],"product_cat":[173,1420,1429],"product_tag":[],"class_list":{"0":"post-477946","1":"product","2":"type-product","3":"status-publish","4":"has-post-thumbnail","6":"product_brand-la-sportiva-fr","7":"product_cat-chaussures","8":"product_cat-chaussures-de-loisirs","9":"product_cat-chaussures-pour-femmes","10":"sws-gruppo-abb-libero-fr","11":"sws-conto-ricavi-merci-rivendita-abbigliamento-fr","12":"sws-gruppo-iva-iva81-fr","14":"first","15":"instock","16":"shipping-taxable","17":"purchasable","18":"product-type-variable","19":"has-default-attributes"},"_links":{"self":[{"href":"https:\/\/lucacastelli.com\/fr\/wp-json\/wp\/v2\/product\/477946","targetHints":{"allow":["GET"]}}],"collection":[{"href":"https:\/\/lucacastelli.com\/fr\/wp-json\/wp\/v2\/product"}],"about":[{"href":"https:\/\/lucacastelli.com\/fr\/wp-json\/wp\/v2\/types\/product"}],"wp:featuredmedia":[{"embeddable":true,"href":"https:\/\/lucacastelli.com\/fr\/wp-json\/wp\/v2\/media\/827601"}],"wp:attachment":[{"href":"https:\/\/lucacastelli.com\/fr\/wp-json\/wp\/v2\/media?parent=477946"}],"wp:term":[{"taxonomy":"product_brand","embeddable":true,"href":"https:\/\/lucacastelli.com\/fr\/wp-json\/wp\/v2\/product_brand?post=477946"},{"taxonomy":"product_cat","embeddable":true,"href":"https:\/\/lucacastelli.com\/fr\/wp-json\/wp\/v2\/product_cat?post=477946"},{"taxonomy":"product_tag","embeddable":true,"href":"https:\/\/lucacastelli.com\/fr\/wp-json\/wp\/v2\/product_tag?post=477946"}],"curies":[{"name":"wp","href":"https:\/\/api.w.org\/{rel}","templated":true}]}}