{"id":477898,"date":"2022-06-09T08:17:04","date_gmt":"2022-06-09T06:17:04","guid":{"rendered":"https:\/\/lucacastelli.com\/?post_type=product&#038;p=477898"},"modified":"2025-07-29T09:06:26","modified_gmt":"2025-07-29T07:06:26","slug":"la-sportiva-trango-tower-extreme-gtx","status":"publish","type":"product","link":"https:\/\/lucacastelli.com\/fr\/produit\/la-sportiva-trango-tower-extreme-gtx\/","title":{"rendered":"LA SPORTIVA Trango Tower Extreme GTX"},"content":{"rendered":"<p>Chaussure int\u00e9grale cramponnable con\u00e7ue pour une utilisation technique en montagne sur glace et sur terrain mixte. Isolation thermique maximale gr\u00e2ce \u00e0 la doublure Gore-Tex\u00ae Insulated Comfort. <\/p>\n<p>Plus:<\/p>\n<p>\u203a Petites pi\u00e8ces en acier l\u00e9ger et r\u00e9sistant avec crochet de verrouillage de lacet et la\u00e7age diff\u00e9renci\u00e9 entre la partie sup\u00e9rieure et la partie inf\u00e9rieure<br \/>\n\u203a Articulation 3D-Flex System qui favorise la mobilit\u00e9 de la cheville et un meilleur contr\u00f4le du soutien<br \/>\n\u203a Embout de protection en caoutchouc anti-abrasion<br \/>\n\u203a Jupe pare-neige \u00e9lastique, prot\u00e8ge des \u00e9l\u00e9ments<br \/>\n\u203a Tige en tissu avec renforts en fil monofilament avec zones anti-abrasion diff\u00e9renci\u00e9es Honey Comb Guard\u2122 positionn\u00e9es aux points les plus sujets \u00e0 l\u2019abrasion<br \/>\n\u203a Bande de roulement La Sportiva Cube fabriqu\u00e9e par VibramR avec des \u00e9paisseurs all\u00e9g\u00e9es<br \/>\n\u203a Microfibre l\u00e9g\u00e8re et thermo-adh\u00e9sif Inserts en PU l\u00e9ger pour un contr\u00f4le maximal du poids et un design<br \/>\n \u00e9pur\u00e9\u203a Compatible avec les crampons.  <\/p>\n<p>Informations techniques :<\/p>\n<p>Tige : Nylon 6.6 haute t\u00e9nacit\u00e9 hydrofuge avec protection\u2122 en nid d\u2019abeille et FlexTec 3 zones anti-abrasion<\/p>\n<p>Rev\u00eatements : Microfibre + Thermo-adh\u00e9sif PU l\u00e9ger<\/p>\n<p>Doublure&nbsp;: Isolation Performance Comfort<\/p>\n<p>Semelle int\u00e9rieure : Ibi-Thermo 9mm isolante<\/p>\n<p>Semelle : La Sportiva Cube de VibramR avec crampons Impact Brake System \u00e0 \u00e9paisseur diff\u00e9renci\u00e9e sur le talon et zone d\u2019escalade sur la pointe<\/p>\n<p>Brevet : Mod\u00e8le d\u00e9pos\u00e9.<\/p>\n","protected":false},"excerpt":{"rendered":"<p>Chaussure int\u00e9grale cramponnable con\u00e7ue pour une utilisation technique en montagne sur glace et sur terrain mixte. Isolation thermique maximale gr\u00e2ce<\/p>\n","protected":false},"featured_media":62846,"template":"","meta":{"_seopress_robots_primary_cat":"","_seopress_titles_title":"","_seopress_titles_desc":"","_seopress_robots_index":""},"product_brand":[3419],"product_cat":[28,568,569],"product_tag":[],"class_list":{"0":"post-477898","1":"product","2":"type-product","3":"status-publish","4":"has-post-thumbnail","6":"product_brand-la-sportiva","7":"product_cat-calzature","8":"product_cat-calzature-per-il-tempo-libero","9":"product_cat-calzature-da-uomo","10":"sws-gruppo-abb-libero-fr","11":"sws-conto-ricavi-merci-rivendita-abbigliamento-fr","12":"sws-gruppo-iva-iva81-fr","14":"first","15":"instock","16":"shipping-taxable","17":"purchasable","18":"product-type-variable"},"_links":{"self":[{"href":"https:\/\/lucacastelli.com\/fr\/wp-json\/wp\/v2\/product\/477898","targetHints":{"allow":["GET"]}}],"collection":[{"href":"https:\/\/lucacastelli.com\/fr\/wp-json\/wp\/v2\/product"}],"about":[{"href":"https:\/\/lucacastelli.com\/fr\/wp-json\/wp\/v2\/types\/product"}],"wp:featuredmedia":[{"embeddable":true,"href":"https:\/\/lucacastelli.com\/fr\/wp-json\/wp\/v2\/media\/62846"}],"wp:attachment":[{"href":"https:\/\/lucacastelli.com\/fr\/wp-json\/wp\/v2\/media?parent=477898"}],"wp:term":[{"taxonomy":"product_brand","embeddable":true,"href":"https:\/\/lucacastelli.com\/fr\/wp-json\/wp\/v2\/product_brand?post=477898"},{"taxonomy":"product_cat","embeddable":true,"href":"https:\/\/lucacastelli.com\/fr\/wp-json\/wp\/v2\/product_cat?post=477898"},{"taxonomy":"product_tag","embeddable":true,"href":"https:\/\/lucacastelli.com\/fr\/wp-json\/wp\/v2\/product_tag?post=477898"}],"curies":[{"name":"wp","href":"https:\/\/api.w.org\/{rel}","templated":true}]}}