{"id":477833,"date":"2025-02-25T15:46:00","date_gmt":"2025-02-25T14:46:00","guid":{"rendered":"https:\/\/lucacastelli.com\/prodotto\/la-sportiva-prodigio-pro\/"},"modified":"2025-09-01T02:14:38","modified_gmt":"2025-09-01T00:14:38","slug":"la-sportiva-prodigio-pro","status":"publish","type":"product","link":"https:\/\/lucacastelli.com\/fr\/produit\/la-sportiva-prodigio-pro\/","title":{"rendered":"La Sportiva Prodigio Pro"},"content":{"rendered":"<p>Notre chaussure de course Prodigio Pro est con\u00e7ue pour les ultramarathoniens, les coureurs de trail et les athl\u00e8tes qui cherchent \u00e0 obtenir les meilleurs r\u00e9sultats. Pour un maximum de pr\u00e9cision et de r\u00e9activit\u00e9 lors de l\u2019entra\u00eenement ou de la comp\u00e9tition, choisissez Prodigio Pro. <\/p>\n<p>Notre chaussure de course Prodigio Pro est con\u00e7ue pour les ultramarathoniens, les coureurs de trail et les athl\u00e8tes qui cherchent \u00e0 obtenir les meilleurs r\u00e9sultats.<\/p>\n<p>La semelle interm\u00e9diaire XFlow Speed\u2122 offre un haut niveau de rebond et d\u2019absorption des chocs, augmentant la puissance \u00e0 chaque pas pour vous permettre d\u2019atteindre un nouveau record personnel. La technologie innovante Power Wire et le syst\u00e8me d\u2019enveloppement offrent un ajustement pr\u00e9cis, une stabilit\u00e9 accrue et un transfert d\u2019\u00e9nergie puissant pour une pouss\u00e9e bien n\u00e9cessaire lors de longs trajets. <\/p>\n<p>Vous pouvez d\u00e9sormais courir \u00e0 pleine vitesse, sachant que le Prodigio Pro vous soutient sur n\u2019importe quelle distance.<\/p>\n<p>La doublure en tricot am\u00e9liore \u00e9galement l\u2019ajustement de la cheville pour \u00e9loigner les pierres et fournir un soutien suppl\u00e9mentaire.<br \/>\nPour vous donner plus de confiance lors des travers\u00e9es difficiles, nous avons ajout\u00e9 une protection m\u00e9tatarsienne en caoutchouc.<br \/>\nCes panneaux lat\u00e9raux en caoutchouc amplifient la stabilit\u00e9 et prot\u00e8gent le milieu du pied pour que vous puissiez affronter chaque section du sentier.<br \/>\nPour un maximum de pr\u00e9cision et de r\u00e9activit\u00e9 lors de l\u2019entra\u00eenement ou de la comp\u00e9tition, choisissez Prodigio Pro.<\/p>\n","protected":false},"excerpt":{"rendered":"<p>Notre chaussure de course Prodigio Pro est con\u00e7ue pour les ultramarathoniens, les coureurs de trail et les athl\u00e8tes qui cherchent<\/p>\n","protected":false},"featured_media":102939,"template":"","meta":{"_seopress_robots_primary_cat":"","_seopress_titles_title":"","_seopress_titles_desc":"","_seopress_robots_index":""},"product_brand":[3648],"product_cat":[173,1420,1432,1381],"product_tag":[],"class_list":{"0":"post-477833","1":"product","2":"type-product","3":"status-publish","4":"has-post-thumbnail","6":"product_brand-la-sportiva-fr","7":"product_cat-chaussures","8":"product_cat-chaussures-de-loisirs","9":"product_cat-chaussures-pour-hommes","10":"product_cat-vetements-de-travail","11":"sws-gruppo-abb-libero-fr","12":"sws-categoria-sito-fr","13":"sws-conto-ricavi-merci-rivendita-abbigliamento-fr","14":"sws-gruppo-iva-iva81-fr","16":"first","17":"instock","18":"shipping-taxable","19":"purchasable","20":"product-type-variable"},"_links":{"self":[{"href":"https:\/\/lucacastelli.com\/fr\/wp-json\/wp\/v2\/product\/477833","targetHints":{"allow":["GET"]}}],"collection":[{"href":"https:\/\/lucacastelli.com\/fr\/wp-json\/wp\/v2\/product"}],"about":[{"href":"https:\/\/lucacastelli.com\/fr\/wp-json\/wp\/v2\/types\/product"}],"wp:featuredmedia":[{"embeddable":true,"href":"https:\/\/lucacastelli.com\/fr\/wp-json\/wp\/v2\/media\/102939"}],"wp:attachment":[{"href":"https:\/\/lucacastelli.com\/fr\/wp-json\/wp\/v2\/media?parent=477833"}],"wp:term":[{"taxonomy":"product_brand","embeddable":true,"href":"https:\/\/lucacastelli.com\/fr\/wp-json\/wp\/v2\/product_brand?post=477833"},{"taxonomy":"product_cat","embeddable":true,"href":"https:\/\/lucacastelli.com\/fr\/wp-json\/wp\/v2\/product_cat?post=477833"},{"taxonomy":"product_tag","embeddable":true,"href":"https:\/\/lucacastelli.com\/fr\/wp-json\/wp\/v2\/product_tag?post=477833"}],"curies":[{"name":"wp","href":"https:\/\/api.w.org\/{rel}","templated":true}]}}