{"id":477812,"date":"2025-02-18T15:22:30","date_gmt":"2025-02-18T14:22:30","guid":{"rendered":"https:\/\/lucacastelli.com\/?post_type=product&#038;p=477812"},"modified":"2026-04-12T17:54:02","modified_gmt":"2026-04-12T15:54:02","slug":"la-sportiva-helios-iii","status":"publish","type":"product","link":"https:\/\/lucacastelli.com\/fr\/produit\/la-sportiva-helios-iii\/","title":{"rendered":"LA SPORTIVA Helios III"},"content":{"rendered":"<p>Chaussure \u00abdoor to trail\u00bb con\u00e7ue pour l&#8217;entra\u00eenement et la course sur terrains durs off-road.<\/p>\n<p>DESCRIPTION:<br \/>\nHelios III est la chaussure \u00abdoor to trail\u00bb con\u00e7ue pour l&#8217;entra\u00eenement et la course sur terrains durs off-road. C&#8217;est un produit \u00e0 vocation Athleisure avec tige l\u00e9g\u00e8re et respirante r\u00e9alis\u00e9e avec une combinaison unique thermocoll\u00e9e de tissu rip-stop, filet mono-fil, sandwich mesh et renforc\u00e9e en TPU. Le chaussant est extr\u00eamement confortable et enveloppant, d\u00e9riv\u00e9 du mod\u00e8le Helios SR. La pr\u00e9sence du contrefort au talon \u00e9vite les \u00e9crasements lors du chaussage tandis que le col enveloppant et souple avec coussins en 3D Foam garantissent un confort de chaussage parfait. La semelle d&#8217;usure est en gomme haute durabilit\u00e9 FriXion Blue: parfaite pour une utilisation sur terrains durs et rocheux. L&#8217;embout thermo-form\u00e9 contribue \u00e0 la l\u00e9g\u00e8ret\u00e9 g\u00e9n\u00e9rale du produit tout en assurant la protection contre les chocs frontaux. La semelle interm\u00e9diaire en EVA inject\u00e9e avec technologie MorphoDynamic garantit l&#8217;amorti \u00e9lev\u00e9 typique du mod\u00e8le Helios depuis ses d\u00e9buts sur le march\u00e9 tandis que l&#8217;insert Cushoning Platform en augmente les propri\u00e9t\u00e9s amortissantes et le confort g\u00e9n\u00e9ral. Helios III: time to fly, again.      <\/p>\n<p>Tige:<br \/>\nFilet mono-fil + tissu rip-stop + sandwich mesh + renforts en TPU<\/p>\n<p>Doublure:<br \/>\nMesh antid\u00e9rapant<\/p>\n<p>Semelle interm\u00e9diaire:<br \/>\nMEMElex EVA inject\u00e9e et insert Cushoning Platform<\/p>\n<p>Semelle:<br \/>\nFriXion\u00ae Blue avec Impact Brake System<\/p>\n<p>Poids:<br \/>\n219 g (demi-paire)<\/p>\n<p>Semelle int\u00e9rieure:<br \/>\nOrtholite\u00ae Mountain Running Ergonomic 4 mm<\/p>\n<p>Drop:<br \/>\n4 mm<\/p>\n","protected":false},"excerpt":{"rendered":"<p>Chaussure \u00abdoor to trail\u00bb con\u00e7ue pour l&#8217;entra\u00eenement et la course sur terrains durs off-road. DESCRIPTION: Helios III est la chaussure<\/p>\n","protected":false},"featured_media":102383,"template":"","meta":{"_seopress_robots_primary_cat":"none","_seopress_titles_title":"","_seopress_titles_desc":"","_seopress_robots_index":""},"product_brand":[3648],"product_cat":[173,1420,1432],"product_tag":[],"class_list":{"0":"post-477812","1":"product","2":"type-product","3":"status-publish","4":"has-post-thumbnail","6":"product_brand-la-sportiva-fr","7":"product_cat-chaussures","8":"product_cat-chaussures-de-loisirs","9":"product_cat-chaussures-pour-hommes","10":"sws-gruppo-abb-libero-fr","11":"sws-conto-ricavi-merci-rivendita-abbigliamento-fr","12":"sws-gruppo-iva-iva81-fr","14":"first","15":"instock","16":"shipping-taxable","17":"purchasable","18":"product-type-variable","19":"has-default-attributes"},"_links":{"self":[{"href":"https:\/\/lucacastelli.com\/fr\/wp-json\/wp\/v2\/product\/477812","targetHints":{"allow":["GET"]}}],"collection":[{"href":"https:\/\/lucacastelli.com\/fr\/wp-json\/wp\/v2\/product"}],"about":[{"href":"https:\/\/lucacastelli.com\/fr\/wp-json\/wp\/v2\/types\/product"}],"wp:featuredmedia":[{"embeddable":true,"href":"https:\/\/lucacastelli.com\/fr\/wp-json\/wp\/v2\/media\/102383"}],"wp:attachment":[{"href":"https:\/\/lucacastelli.com\/fr\/wp-json\/wp\/v2\/media?parent=477812"}],"wp:term":[{"taxonomy":"product_brand","embeddable":true,"href":"https:\/\/lucacastelli.com\/fr\/wp-json\/wp\/v2\/product_brand?post=477812"},{"taxonomy":"product_cat","embeddable":true,"href":"https:\/\/lucacastelli.com\/fr\/wp-json\/wp\/v2\/product_cat?post=477812"},{"taxonomy":"product_tag","embeddable":true,"href":"https:\/\/lucacastelli.com\/fr\/wp-json\/wp\/v2\/product_tag?post=477812"}],"curies":[{"name":"wp","href":"https:\/\/api.w.org\/{rel}","templated":true}]}}