{"id":477739,"date":"2025-02-18T15:03:40","date_gmt":"2025-02-18T14:03:40","guid":{"rendered":"https:\/\/lucacastelli.com\/prodotto\/la-sportiva-bushido-iii-femme\/"},"modified":"2026-04-14T03:07:14","modified_gmt":"2026-04-14T01:07:14","slug":"la-sportiva-bushido-iii-femme","status":"publish","type":"product","link":"https:\/\/lucacastelli.com\/fr\/produit\/la-sportiva-bushido-iii-femme\/","title":{"rendered":"La Sportiva Bushido III Femme"},"content":{"rendered":"<p>Bushido III, la nouvelle \u00e9dition de la chaussure ic\u00f4ne du monde des skyraces: adh\u00e9rente et agressive, elle garantit une stabilit\u00e9 parfaite sur tout type de terrain off-road. Les d\u00e9tails qui ont contribu\u00e9 \u00e0 faire de ce mod\u00e8le lun des plus vendus de la collection La Sportiva ont \u00e9t\u00e9 conserv\u00e9s et encore am\u00e9lior\u00e9s: la semelle bi-compos\u00e9e FriXion Red augmente laccroche gr\u00e2ce aux crampons redessin\u00e9s et la nouvelle construction des panneaux lat\u00e9raux offre encore plus de respirabilit\u00e9. Deux options de chaussant: la forme enveloppante classique et la forme pr\u00e9cise bushido, ainsi quune deuxi\u00e8me version WIDE: la m\u00eame sensation enveloppante mais avec un peu plus de volume.  <\/p>\n<p>Informations techniques:<\/p>\n<p>Poids&nbsp;: 250 1\/2 PAIRE<br \/>\nTailles&nbsp;: 36 &#8211; 43 + \u00bd<br \/>\nSemelle&nbsp;: FriXion\u00ae Red<\/p>\n","protected":false},"excerpt":{"rendered":"<p>Bushido III, la nouvelle \u00e9dition de la chaussure ic\u00f4ne du monde des skyraces: adh\u00e9rente et agressive, elle garantit une stabilit\u00e9<\/p>\n","protected":false},"featured_media":795994,"template":"","meta":{"_seopress_robots_primary_cat":"none","_seopress_titles_title":"","_seopress_titles_desc":"","_seopress_robots_index":""},"product_brand":[3648],"product_cat":[173,1420,1429],"product_tag":[],"class_list":{"0":"post-477739","1":"product","2":"type-product","3":"status-publish","4":"has-post-thumbnail","6":"product_brand-la-sportiva-fr","7":"product_cat-chaussures","8":"product_cat-chaussures-de-loisirs","9":"product_cat-chaussures-pour-femmes","10":"sws-gruppo-no-gruppo-fr","11":"sws-categoria-sito-fr","12":"sws-gruppo-iva-iva81-fr","14":"first","15":"instock","16":"shipping-taxable","17":"purchasable","18":"product-type-variable","19":"has-default-attributes"},"_links":{"self":[{"href":"https:\/\/lucacastelli.com\/fr\/wp-json\/wp\/v2\/product\/477739","targetHints":{"allow":["GET"]}}],"collection":[{"href":"https:\/\/lucacastelli.com\/fr\/wp-json\/wp\/v2\/product"}],"about":[{"href":"https:\/\/lucacastelli.com\/fr\/wp-json\/wp\/v2\/types\/product"}],"wp:featuredmedia":[{"embeddable":true,"href":"https:\/\/lucacastelli.com\/fr\/wp-json\/wp\/v2\/media\/795994"}],"wp:attachment":[{"href":"https:\/\/lucacastelli.com\/fr\/wp-json\/wp\/v2\/media?parent=477739"}],"wp:term":[{"taxonomy":"product_brand","embeddable":true,"href":"https:\/\/lucacastelli.com\/fr\/wp-json\/wp\/v2\/product_brand?post=477739"},{"taxonomy":"product_cat","embeddable":true,"href":"https:\/\/lucacastelli.com\/fr\/wp-json\/wp\/v2\/product_cat?post=477739"},{"taxonomy":"product_tag","embeddable":true,"href":"https:\/\/lucacastelli.com\/fr\/wp-json\/wp\/v2\/product_tag?post=477739"}],"curies":[{"name":"wp","href":"https:\/\/api.w.org\/{rel}","templated":true}]}}