{"id":477621,"date":"2026-03-09T03:51:46","date_gmt":"2026-03-09T02:51:46","guid":{"rendered":"https:\/\/lucacastelli.com\/prodotto\/la-sportiva-tx4-evo-st\/"},"modified":"2026-03-09T05:01:47","modified_gmt":"2026-03-09T04:01:47","slug":"la-sportiva-tx4-evo-st","status":"publish","type":"product","link":"https:\/\/lucacastelli.com\/fr\/produit\/la-sportiva-tx4-evo-st\/","title":{"rendered":"La Sportiva TX4 Evo ST"},"content":{"rendered":"<p>La TX4 Evo est la chaussure en cuir d\u00e9velopp\u00e9e pour garantir une stabilit\u00e9 et une adh\u00e9rence maximales, m\u00eame sur les terrains les plus accident\u00e9s. Id\u00e9ale pour les approches techniques et les passages d&#8217;escalade faciles, elle offre un confort in\u00e9gal\u00e9 gr\u00e2ce aux mat\u00e9riaux qui composent la tige et aux volumes internes g\u00e9n\u00e9reux. La semelle d&#8217;usure avec gomme Vibram\u00ae MegaGrip et structure de crampons brevet\u00e9e Impact Brake System\u2122 permet de toujours b\u00e9n\u00e9ficier d&#8217;une stabilit\u00e9 maximale en descente et d&#8217;un contr\u00f4le parfait de la traction en mont\u00e9e. La vaste Climbing Zone situ\u00e9e \u00e0 l&#8217;avant garantit pr\u00e9cision et grande adh\u00e9rence lors de l&#8217;escalade et durant les passages les plus d\u00e9licats. La semelle interm\u00e9diaire sp\u00e9ciale avec insert brevet\u00e9 Resole Platform\u2122 permet de ressemeler la TX4 Evo sans alt\u00e9rer ses caract\u00e9ristiques techniques et de confort. Ressemeler ses chaussures signifie prolonger leur cycle de vie et donc \u00e9viter le gaspillage.  <\/p>\n","protected":false},"excerpt":{"rendered":"<p>La TX4 Evo est la chaussure en cuir d\u00e9velopp\u00e9e pour garantir une stabilit\u00e9 et une adh\u00e9rence maximales, m\u00eame sur les<\/p>\n","protected":false},"featured_media":102326,"template":"","meta":{"_seopress_robots_primary_cat":"none","_seopress_titles_title":"","_seopress_titles_desc":"","_seopress_robots_index":""},"product_brand":[3419],"product_cat":[28,568,569],"product_tag":[],"class_list":{"0":"post-477621","1":"product","2":"type-product","3":"status-publish","4":"has-post-thumbnail","6":"product_brand-la-sportiva","7":"product_cat-calzature","8":"product_cat-calzature-per-il-tempo-libero","9":"product_cat-calzature-da-uomo","10":"sws-gruppo-no-gruppo-fr","11":"sws-categoria-sito-fr","12":"sws-gruppo-iva-iva81-fr","14":"first","15":"instock","16":"shipping-taxable","17":"purchasable","18":"product-type-variable","19":"has-default-attributes"},"_links":{"self":[{"href":"https:\/\/lucacastelli.com\/fr\/wp-json\/wp\/v2\/product\/477621","targetHints":{"allow":["GET"]}}],"collection":[{"href":"https:\/\/lucacastelli.com\/fr\/wp-json\/wp\/v2\/product"}],"about":[{"href":"https:\/\/lucacastelli.com\/fr\/wp-json\/wp\/v2\/types\/product"}],"wp:featuredmedia":[{"embeddable":true,"href":"https:\/\/lucacastelli.com\/fr\/wp-json\/wp\/v2\/media\/102326"}],"wp:attachment":[{"href":"https:\/\/lucacastelli.com\/fr\/wp-json\/wp\/v2\/media?parent=477621"}],"wp:term":[{"taxonomy":"product_brand","embeddable":true,"href":"https:\/\/lucacastelli.com\/fr\/wp-json\/wp\/v2\/product_brand?post=477621"},{"taxonomy":"product_cat","embeddable":true,"href":"https:\/\/lucacastelli.com\/fr\/wp-json\/wp\/v2\/product_cat?post=477621"},{"taxonomy":"product_tag","embeddable":true,"href":"https:\/\/lucacastelli.com\/fr\/wp-json\/wp\/v2\/product_tag?post=477621"}],"curies":[{"name":"wp","href":"https:\/\/api.w.org\/{rel}","templated":true}]}}