{"id":477620,"date":"2026-03-04T19:45:06","date_gmt":"2026-03-04T18:45:06","guid":{"rendered":"https:\/\/lucacastelli.com\/prodotto\/la-sportiva-bushido-iii\/"},"modified":"2026-03-05T08:12:29","modified_gmt":"2026-03-05T07:12:29","slug":"la-sportiva-bushido-iii","status":"publish","type":"product","link":"https:\/\/lucacastelli.com\/fr\/produit\/la-sportiva-bushido-iii\/","title":{"rendered":"LA SPORTIVA Bushido III"},"content":{"rendered":"<p>Bushido III, la nouvelle \u00e9dition de la chaussure culte pour le monde des skyrace : adh\u00e9rente et aggressive, elle garantit une parfaite stabilit\u00e9 sur tous les types de terrain hors-piste. Les d\u00e9tails qui ont contribu\u00e9 \u00e0 faire de ce mod\u00e8le l&#8217;un des best-sellers de la collection La Sportiva ont \u00e9t\u00e9 conserv\u00e9s et encore am\u00e9lior\u00e9s : la semelle FriXion\u00ae Red Bi-Compound augmente l&#8217;adh\u00e9rence gr\u00e2ce aux crampons redessin\u00e9s et la nouvelle construction des flancs offre une respirabilit\u00e9 encore sup\u00e9rieure. Deux options d&#8217;ajustement : la forme enveloppante classique et la forme pr\u00e9cise Bushido, ainsi qu&#8217;une seconde version WIDE : la m\u00eame sensation enveloppante, mais avec un peu plus de volume.  <\/p>\n<h3>Informations techniques<\/h3>\n<p><b>Hauteur semelle (mm) &#8211; Talon : <\/b>30<\/p>\n<p><b>Hauteur semelle (mm) &#8211; Avant-pied : <\/b>24<\/p>\n<p><b>Drop (mm) : <\/b>6<\/p>\n<p><b>Hauteur crampons (mm) : <\/b>4<\/p>\n<p><b>Chaussant large : <\/b>Non<\/p>\n<p><b>Semelle int\u00e9rieure : <\/b>Ortholite\u00ae Hybrid Mountain Running\u00ae Ergonomic 4 mm<\/p>\n<p><b>Doublure : <\/b>mesh anti-abrasion r\u00e9alis\u00e9 en mat\u00e9riau recycl\u00e9<\/p>\n<p><b>Semelle interm\u00e9diaire : <\/b>compression EVA + plateforme amortissante EVA, insert Stability Control et insert rock guard<\/p>\n<p><b>Semelle : <\/b>double compos\u00e9 FriXion\u00ae Red avec crampons lat\u00e9raux IBS<\/p>\n<p><b>Tige : <\/b>mesh respirant, renforts en film thermoplastique, squelette m\u00e9dial en TPU HF appliqu\u00e9 sur panneaux ripstop<\/p>\n","protected":false},"excerpt":{"rendered":"<p>Bushido III, la nouvelle \u00e9dition de la chaussure culte pour le monde des skyrace : adh\u00e9rente et aggressive, elle garantit<\/p>\n","protected":false},"featured_media":767789,"template":"","meta":{"_seopress_robots_primary_cat":"none","_seopress_titles_title":"","_seopress_titles_desc":"","_seopress_robots_index":""},"product_brand":[3648],"product_cat":[173,1420,1432],"product_tag":[],"class_list":{"0":"post-477620","1":"product","2":"type-product","3":"status-publish","4":"has-post-thumbnail","6":"product_brand-la-sportiva-fr","7":"product_cat-chaussures","8":"product_cat-chaussures-de-loisirs","9":"product_cat-chaussures-pour-hommes","10":"sws-gruppo-no-gruppo-fr","11":"sws-categoria-sito-fr","12":"sws-gruppo-iva-iva81-fr","14":"first","15":"instock","16":"shipping-taxable","17":"purchasable","18":"product-type-variable","19":"has-default-attributes"},"_links":{"self":[{"href":"https:\/\/lucacastelli.com\/fr\/wp-json\/wp\/v2\/product\/477620","targetHints":{"allow":["GET"]}}],"collection":[{"href":"https:\/\/lucacastelli.com\/fr\/wp-json\/wp\/v2\/product"}],"about":[{"href":"https:\/\/lucacastelli.com\/fr\/wp-json\/wp\/v2\/types\/product"}],"wp:featuredmedia":[{"embeddable":true,"href":"https:\/\/lucacastelli.com\/fr\/wp-json\/wp\/v2\/media\/767789"}],"wp:attachment":[{"href":"https:\/\/lucacastelli.com\/fr\/wp-json\/wp\/v2\/media?parent=477620"}],"wp:term":[{"taxonomy":"product_brand","embeddable":true,"href":"https:\/\/lucacastelli.com\/fr\/wp-json\/wp\/v2\/product_brand?post=477620"},{"taxonomy":"product_cat","embeddable":true,"href":"https:\/\/lucacastelli.com\/fr\/wp-json\/wp\/v2\/product_cat?post=477620"},{"taxonomy":"product_tag","embeddable":true,"href":"https:\/\/lucacastelli.com\/fr\/wp-json\/wp\/v2\/product_tag?post=477620"}],"curies":[{"name":"wp","href":"https:\/\/api.w.org\/{rel}","templated":true}]}}