{"id":477563,"date":"2025-02-18T14:27:40","date_gmt":"2025-02-18T13:27:40","guid":{"rendered":"https:\/\/lucacastelli.com\/prodotto\/la-sportiva-prodigio\/"},"modified":"2025-02-18T14:27:40","modified_gmt":"2025-02-18T13:27:40","slug":"la-sportiva-prodigio","status":"publish","type":"product","link":"https:\/\/lucacastelli.com\/fr\/produit\/la-sportiva-prodigio\/","title":{"rendered":"La Sportiva Prodigio"},"content":{"rendered":"<p>Un produit r\u00e9volutionnaire d\u00e9di\u00e9 \u00e0 l\u2019univers de l\u2019Ultra Trail de La Sportiva. Nouvelle mousse XFlow\u2122, con\u00e7ue et d\u00e9velopp\u00e9e pour assurer un amorti et un retour d\u2019\u00e9nergie maximum, kilom\u00e8tre apr\u00e8s kilom\u00e8tre. Chaque d\u00e9tail a \u00e9t\u00e9 con\u00e7u pour r\u00e9pondre aux besoins des coureurs les plus exigeants : la large zone des orteils et la tige respirante assurent le confort m\u00eame apr\u00e8s plusieurs heures de course, tandis que le syst\u00e8me de construction Wrapping System et l\u2019ergonomie parfaite du talon garantissent stabilit\u00e9 et protection.  <\/p>\n<p>Informations techniques<\/p>\n<p>Amorti : 10<br \/>\nAVANT-PIED : 28 mm<br \/>\nHAUTEUR DE LA PRISE : 3,5 mm<br \/>\nTalon : 34 mm<br \/>\nD\u00e9nivel\u00e9 : 6 mm<\/p>\n","protected":false},"excerpt":{"rendered":"<p>Un produit r\u00e9volutionnaire d\u00e9di\u00e9 \u00e0 l\u2019univers de l\u2019Ultra Trail de La Sportiva. Nouvelle mousse XFlow\u2122, con\u00e7ue et d\u00e9velopp\u00e9e pour assurer<\/p>\n","protected":false},"featured_media":102342,"template":"","meta":{"_seopress_robots_primary_cat":"","_seopress_titles_title":"","_seopress_titles_desc":"","_seopress_robots_index":""},"product_brand":[3648],"product_cat":[173,1420,1432],"product_tag":[],"class_list":{"0":"post-477563","1":"product","2":"type-product","3":"status-publish","4":"has-post-thumbnail","6":"product_brand-la-sportiva-fr","7":"product_cat-chaussures","8":"product_cat-chaussures-de-loisirs","9":"product_cat-chaussures-pour-hommes","10":"sws-gruppo-no-gruppo-fr","11":"sws-categoria-sito-fr","12":"sws-gruppo-iva-iva81-fr","14":"first","15":"instock","16":"shipping-taxable","17":"purchasable","18":"product-type-variable"},"_links":{"self":[{"href":"https:\/\/lucacastelli.com\/fr\/wp-json\/wp\/v2\/product\/477563","targetHints":{"allow":["GET"]}}],"collection":[{"href":"https:\/\/lucacastelli.com\/fr\/wp-json\/wp\/v2\/product"}],"about":[{"href":"https:\/\/lucacastelli.com\/fr\/wp-json\/wp\/v2\/types\/product"}],"wp:featuredmedia":[{"embeddable":true,"href":"https:\/\/lucacastelli.com\/fr\/wp-json\/wp\/v2\/media\/102342"}],"wp:attachment":[{"href":"https:\/\/lucacastelli.com\/fr\/wp-json\/wp\/v2\/media?parent=477563"}],"wp:term":[{"taxonomy":"product_brand","embeddable":true,"href":"https:\/\/lucacastelli.com\/fr\/wp-json\/wp\/v2\/product_brand?post=477563"},{"taxonomy":"product_cat","embeddable":true,"href":"https:\/\/lucacastelli.com\/fr\/wp-json\/wp\/v2\/product_cat?post=477563"},{"taxonomy":"product_tag","embeddable":true,"href":"https:\/\/lucacastelli.com\/fr\/wp-json\/wp\/v2\/product_tag?post=477563"}],"curies":[{"name":"wp","href":"https:\/\/api.w.org\/{rel}","templated":true}]}}